{"id":119,"date":"2026-02-28T14:41:39","date_gmt":"2026-02-28T14:41:39","guid":{"rendered":"http:\/\/demo.safirtema.com\/atlas\/?page_id=119"},"modified":"2026-03-11T09:12:54","modified_gmt":"2026-03-11T09:12:54","slug":"sikca-sorulan-sorular","status":"publish","type":"page","link":"https:\/\/safirdemo.com\/atlas\/sikca-sorulan-sorular\/","title":{"rendered":"S\u0131k\u00e7a Sorulan Sorular"},"content":{"rendered":"<div class=\"wp-block-safirtema-bgtext\">\n\t<div class=\"descriptionbox\" style=\"background-image: url(https:\/\/safirdemo.com\/atlas\/wp-content\/themes\/atlas\/images\/descriptionbox\/buildings.jpg)\">\n\t\t<div class=\"inner\">\n\t\t\t<span class=\"safiricon icon\"><svg class=\"safiricon-soru\"><use href=\"#safiricon-soru\"><\/use><\/svg><\/span>\t\t\t<div class=\"detail\">\n\t\t\t\t<div class=\"header\">S\u0131k\u00e7a Sorulan Sorular<\/div>\n\t\t\t\t\t\t\t\t\t<div class=\"content\">Temayla gelen Gutenberg bloklar\u0131 ile a\u015fa\u011f\u0131daki gibi soru cevap kombinasyonlar\u0131 yapabilirsiniz.<\/div>\n\t\t\t\t\t\t\t<\/div>\n\t\t<\/div>\n\t<\/div>\n<\/div>\n\n\n<div class=\"wp-block-safirtema-safirfaqgroup\">\n\t\n<div class=\"wp-block-safirtema-sorucevap\">\n\t<div class=\"question\">\n\t\t<span class=\"themeicon icon\"><svg class=\"themeicon-question\"><use href=\"#safiricon-tema--question\"><\/use><\/svg><\/span>\t\t<span class=\"text\">And why does our space pilot have only one eye?<\/span>\n\t\t<div class=\"openclose\">\n\t\t\t<span class=\"themeicon icon\"><svg class=\"themeicon-plus\"><use href=\"#safiricon-tema--plus\"><\/use><\/svg><\/span><span class=\"themeicon icon\"><svg class=\"themeicon-minus\"><use href=\"#safiricon-tema--minus\"><\/use><\/svg><\/span>\t\t<\/div>\n\t<\/div>\n\t<div class=\"answer\">There&#8217;s someone I&#8217;d like you to meet. His name is depth perception. Wow, that hurt. the air! Him pending para un bending. Qbert, come in here. I&#8217;ll show you something amazing. What is it, a competent employee? I doubt that very much. The little twerp. As my successor, I&#8217;m trusting you to carry on my work. These are some of the inventions you&#8217;ll spend your life finishing. I didn&#8217;t realize you were the inventor of the junk heap. That&#8217;s my prizewinning Smell-a-Scope.&#8221;<\/div>\n<\/div>\n\n<div class=\"wp-block-safirtema-sorucevap\">\n\t<div class=\"question\">\n\t\t<span class=\"themeicon icon\"><svg class=\"themeicon-question\"><use href=\"#safiricon-tema--question\"><\/use><\/svg><\/span>\t\t<span class=\"text\">So, I&#8217;m gonna do what it takes to be your roommate?<\/span>\n\t\t<div class=\"openclose\">\n\t\t\t<span class=\"themeicon icon\"><svg class=\"themeicon-plus\"><use href=\"#safiricon-tema--plus\"><\/use><\/svg><\/span><span class=\"themeicon icon\"><svg class=\"themeicon-minus\"><use href=\"#safiricon-tema--minus\"><\/use><\/svg><\/span>\t\t<\/div>\n\t<\/div>\n\t<div class=\"answer\">Cutting her head off won&#8217;t help! No, I&#8217;m gonna chop off my antenna. Hey, yeah, that sounds good. Can I give you a hand? Don&#8217;t help him mutilate himself! It&#8217;s a useless antenna. He&#8217;s not a ham radio. I&#8217;m gonna do it, I&#8217;m really gonna do it! Don&#8217;t try and stop me! Here goes! Hey, it worked! The static&#8217;s gone! I hate that this came between us. I&#8217;m filled with a large number of powerful emotions. You&#8217;re my best friend.<\/div>\n<\/div>\n\n<div class=\"wp-block-safirtema-sorucevap\">\n\t<div class=\"question\">\n\t\t<span class=\"themeicon icon\"><svg class=\"themeicon-question\"><use href=\"#safiricon-tema--question\"><\/use><\/svg><\/span>\t\t<span class=\"text\">My pants&#8217;s dry, and I&#8217;ve tried everything. Right?<\/span>\n\t\t<div class=\"openclose\">\n\t\t\t<span class=\"themeicon icon\"><svg class=\"themeicon-plus\"><use href=\"#safiricon-tema--plus\"><\/use><\/svg><\/span><span class=\"themeicon icon\"><svg class=\"themeicon-minus\"><use href=\"#safiricon-tema--minus\"><\/use><\/svg><\/span>\t\t<\/div>\n\t<\/div>\n\t<div class=\"answer\">Never mind. The guilt. The unbearable guilt! Fifteen seconds. Ten seconds. Master Spargle, if you can hear me up in that ditch, where I left you\u2026 this is for you. The Iron Cook&#8217;s gone all out for the judges. He&#8217;s even garnished the salad with $100 bills. Let&#8217;s see what they think. Soylent Green is my kind of people. Scrumptious. Morbo will store this in his sack for future digestion. I&#8217;m swimming in my Soylent waste.<\/div>\n<\/div>\n\n<div class=\"wp-block-safirtema-sorucevap\">\n\t<div class=\"question\">\n\t\t<span class=\"themeicon icon\"><svg class=\"themeicon-question\"><use href=\"#safiricon-tema--question\"><\/use><\/svg><\/span>\t\t<span class=\"text\">So, I&#8217;m gonna do what it takes to be your roommate?<\/span>\n\t\t<div class=\"openclose\">\n\t\t\t<span class=\"themeicon icon\"><svg class=\"themeicon-plus\"><use href=\"#safiricon-tema--plus\"><\/use><\/svg><\/span><span class=\"themeicon icon\"><svg class=\"themeicon-minus\"><use href=\"#safiricon-tema--minus\"><\/use><\/svg><\/span>\t\t<\/div>\n\t<\/div>\n\t<div class=\"answer\">Cutting her head off won&#8217;t help! No, I&#8217;m gonna chop off my antenna. Hey, yeah, that sounds good. Can I give you a hand? Don&#8217;t help him mutilate himself! It&#8217;s a useless antenna. He&#8217;s not a ham radio. I&#8217;m gonna do it, I&#8217;m really gonna do it! Don&#8217;t try and stop me! Here goes! Hey, it worked! The static&#8217;s gone! I hate that this came between us. I&#8217;m filled with a large number of powerful emotions. You&#8217;re my best friend.<\/div>\n<\/div>\n\n<div class=\"wp-block-safirtema-sorucevap\">\n\t<div class=\"question\">\n\t\t<span class=\"themeicon icon\"><svg class=\"themeicon-question\"><use href=\"#safiricon-tema--question\"><\/use><\/svg><\/span>\t\t<span class=\"text\">My pants&#8217;s dry, and I&#8217;ve tried everything. Right?<\/span>\n\t\t<div class=\"openclose\">\n\t\t\t<span class=\"themeicon icon\"><svg class=\"themeicon-plus\"><use href=\"#safiricon-tema--plus\"><\/use><\/svg><\/span><span class=\"themeicon icon\"><svg class=\"themeicon-minus\"><use href=\"#safiricon-tema--minus\"><\/use><\/svg><\/span>\t\t<\/div>\n\t<\/div>\n\t<div class=\"answer\">Never mind. The guilt. The unbearable guilt! Fifteen seconds. Ten seconds. Master Spargle, if you can hear me up in that ditch, where I left you\u2026 this is for you. The Iron Cook&#8217;s gone all out for the judges. He&#8217;s even garnished the salad with $100 bills. Let&#8217;s see what they think. Soylent Green is my kind of people. Scrumptious. Morbo will store this in his sack for future digestion. I&#8217;m swimming in my Soylent waste.<\/div>\n<\/div>\n\n<div class=\"wp-block-safirtema-sorucevap\">\n\t<div class=\"question\">\n\t\t<span class=\"themeicon icon\"><svg class=\"themeicon-question\"><use href=\"#safiricon-tema--question\"><\/use><\/svg><\/span>\t\t<span class=\"text\">You&#8217;d sacrifice a beautiful woman for an attractive monkey?<\/span>\n\t\t<div class=\"openclose\">\n\t\t\t<span class=\"themeicon icon\"><svg class=\"themeicon-plus\"><use href=\"#safiricon-tema--plus\"><\/use><\/svg><\/span><span class=\"themeicon icon\"><svg class=\"themeicon-minus\"><use href=\"#safiricon-tema--minus\"><\/use><\/svg><\/span>\t\t<\/div>\n\t<\/div>\n\t<div class=\"answer\">You must have smoked some bad granola. The one called Smelly Hippie is right! This is a monkey! Yes. Definitely. Where is the real female? I&#8217;ll never tell. Where is she? I&#8217;ll get her for you. This may hurt our chances of consummating our relationship again. Go consummate yourself. Stop talking! You&#8217;re getting cold! Please! I just paid off my car! I can&#8217;t look! People of Earth, I am Jurr of the planet Omicron Persei Eight.<\/div>\n<\/div>\n\n<div class=\"wp-block-safirtema-sorucevap\">\n\t<div class=\"question\">\n\t\t<span class=\"themeicon icon\"><svg class=\"themeicon-question\"><use href=\"#safiricon-tema--question\"><\/use><\/svg><\/span>\t\t<span class=\"text\">And why does our space pilot have only one eye?<\/span>\n\t\t<div class=\"openclose\">\n\t\t\t<span class=\"themeicon icon\"><svg class=\"themeicon-plus\"><use href=\"#safiricon-tema--plus\"><\/use><\/svg><\/span><span class=\"themeicon icon\"><svg class=\"themeicon-minus\"><use href=\"#safiricon-tema--minus\"><\/use><\/svg><\/span>\t\t<\/div>\n\t<\/div>\n\t<div class=\"answer\">There&#8217;s someone I&#8217;d like you to meet. His name is depth perception. Wow, that hurt. the air! Him pending para un bending. Qbert, come in here. I&#8217;ll show you something amazing. What is it, a competent employee? I doubt that very much. The little twerp. As my successor, I&#8217;m trusting you to carry on my work. These are some of the inventions you&#8217;ll spend your life finishing. I didn&#8217;t realize you were the inventor of the junk heap. That&#8217;s my prizewinning Smell-a-Scope.<\/div>\n<\/div>\n\n<div class=\"wp-block-safirtema-sorucevap\">\n\t<div class=\"question\">\n\t\t<span class=\"themeicon icon\"><svg class=\"themeicon-question\"><use href=\"#safiricon-tema--question\"><\/use><\/svg><\/span>\t\t<span class=\"text\">So, I&#8217;m gonna do what it takes to be your roommate?<\/span>\n\t\t<div class=\"openclose\">\n\t\t\t<span class=\"themeicon icon\"><svg class=\"themeicon-plus\"><use href=\"#safiricon-tema--plus\"><\/use><\/svg><\/span><span class=\"themeicon icon\"><svg class=\"themeicon-minus\"><use href=\"#safiricon-tema--minus\"><\/use><\/svg><\/span>\t\t<\/div>\n\t<\/div>\n\t<div class=\"answer\">Cutting her head off won&#8217;t help! No, I&#8217;m gonna chop off my antenna. Hey, yeah, that sounds good. Can I give you a hand? Don&#8217;t help him mutilate himself! It&#8217;s a useless antenna. He&#8217;s not a ham radio. I&#8217;m gonna do it, I&#8217;m really gonna do it! Don&#8217;t try and stop me! Here goes! Hey, it worked! The static&#8217;s gone! I hate that this came between us. I&#8217;m filled with a large number of powerful emotions. You&#8217;re my best friend.<\/div>\n<\/div>\n\n<div class=\"wp-block-safirtema-sorucevap\">\n\t<div class=\"question\">\n\t\t<span class=\"themeicon icon\"><svg class=\"themeicon-question\"><use href=\"#safiricon-tema--question\"><\/use><\/svg><\/span>\t\t<span class=\"text\">My pants&#8217;s dry, and I&#8217;ve tried everything. Right?<\/span>\n\t\t<div class=\"openclose\">\n\t\t\t<span class=\"themeicon icon\"><svg class=\"themeicon-plus\"><use href=\"#safiricon-tema--plus\"><\/use><\/svg><\/span><span class=\"themeicon icon\"><svg class=\"themeicon-minus\"><use href=\"#safiricon-tema--minus\"><\/use><\/svg><\/span>\t\t<\/div>\n\t<\/div>\n\t<div class=\"answer\">Never mind. The guilt. The unbearable guilt! Fifteen seconds. Ten seconds. Master Spargle, if you can hear me up in that ditch, where I left you\u2026 this is for you. The Iron Cook&#8217;s gone all out for the judges. He&#8217;s even garnished the salad with $100 bills. Let&#8217;s see what they think. Soylent Green is my kind of people. Scrumptious. Morbo will store this in his sack for future digestion. I&#8217;m swimming in my Soylent waste.<\/div>\n<\/div>\n\n<div class=\"wp-block-safirtema-sorucevap\">\n\t<div class=\"question\">\n\t\t<span class=\"themeicon icon\"><svg class=\"themeicon-question\"><use href=\"#safiricon-tema--question\"><\/use><\/svg><\/span>\t\t<span class=\"text\">You&#8217;d sacrifice a beautiful woman for an attractive monkey?<\/span>\n\t\t<div class=\"openclose\">\n\t\t\t<span class=\"themeicon icon\"><svg class=\"themeicon-plus\"><use href=\"#safiricon-tema--plus\"><\/use><\/svg><\/span><span class=\"themeicon icon\"><svg class=\"themeicon-minus\"><use href=\"#safiricon-tema--minus\"><\/use><\/svg><\/span>\t\t<\/div>\n\t<\/div>\n\t<div class=\"answer\">You must have smoked some bad granola. The one called Smelly Hippie is right! This is a monkey! Yes. Definitely. Where is the real female? I&#8217;ll never tell. Where is she? I&#8217;ll get her for you. This may hurt our chances of consummating our relationship again. Go consummate yourself. Stop talking! You&#8217;re getting cold! Please! I just paid off my car! I can&#8217;t look! People of Earth, I am Jurr of the planet Omicron Persei Eight.<\/div>\n<\/div>\n<\/div>","protected":false},"excerpt":{"rendered":"","protected":false},"author":1,"featured_media":0,"parent":0,"menu_order":0,"comment_status":"closed","ping_status":"closed","template":"","meta":{"footnotes":""},"class_list":["post-119","page","type-page","status-publish","hentry"],"_links":{"self":[{"href":"https:\/\/safirdemo.com\/atlas\/wp-json\/wp\/v2\/pages\/119","targetHints":{"allow":["GET"]}}],"collection":[{"href":"https:\/\/safirdemo.com\/atlas\/wp-json\/wp\/v2\/pages"}],"about":[{"href":"https:\/\/safirdemo.com\/atlas\/wp-json\/wp\/v2\/types\/page"}],"author":[{"embeddable":true,"href":"https:\/\/safirdemo.com\/atlas\/wp-json\/wp\/v2\/users\/1"}],"replies":[{"embeddable":true,"href":"https:\/\/safirdemo.com\/atlas\/wp-json\/wp\/v2\/comments?post=119"}],"version-history":[{"count":6,"href":"https:\/\/safirdemo.com\/atlas\/wp-json\/wp\/v2\/pages\/119\/revisions"}],"predecessor-version":[{"id":415,"href":"https:\/\/safirdemo.com\/atlas\/wp-json\/wp\/v2\/pages\/119\/revisions\/415"}],"wp:attachment":[{"href":"https:\/\/safirdemo.com\/atlas\/wp-json\/wp\/v2\/media?parent=119"}],"curies":[{"name":"wp","href":"https:\/\/api.w.org\/{rel}","templated":true}]}}