{"id":15,"date":"2026-02-28T15:50:07","date_gmt":"2026-02-28T15:50:07","guid":{"rendered":"http:\/\/demo.safirtema.com\/atlas\/?page_id=15"},"modified":"2026-03-11T09:07:25","modified_gmt":"2026-03-11T09:07:25","slug":"cozum-ortaklari","status":"publish","type":"page","link":"https:\/\/safirdemo.com\/atlas\/cozum-ortaklari\/","title":{"rendered":"\u00c7\u00f6z\u00fcm Ortaklar\u0131"},"content":{"rendered":"\n<figure class=\"wp-block-gallery has-nested-images columns-3 wp-block-gallery-1 is-layout-flex wp-block-gallery-is-layout-flex\">\n<figure class=\"wp-block-image size-full\"><img loading=\"lazy\" decoding=\"async\" width=\"909\" height=\"200\" data-id=\"16\" src=\"https:\/\/safirdemo.com\/atlas\/wp-content\/uploads\/brother.png\" alt=\"\" class=\"wp-image-16\"\/><\/figure>\n\n\n\n<figure class=\"wp-block-image size-full\"><img loading=\"lazy\" decoding=\"async\" width=\"378\" height=\"200\" data-id=\"17\" src=\"https:\/\/safirdemo.com\/atlas\/wp-content\/uploads\/cisco.png\" alt=\"\" class=\"wp-image-17\"\/><\/figure>\n\n\n\n<figure class=\"wp-block-image size-full\"><img loading=\"lazy\" decoding=\"async\" width=\"640\" height=\"200\" data-id=\"18\" src=\"https:\/\/safirdemo.com\/atlas\/wp-content\/uploads\/dell.png\" alt=\"\" class=\"wp-image-18\"\/><\/figure>\n\n\n\n<figure class=\"wp-block-image size-full\"><img loading=\"lazy\" decoding=\"async\" width=\"934\" height=\"200\" data-id=\"19\" src=\"https:\/\/safirdemo.com\/atlas\/wp-content\/uploads\/kyocera.png\" alt=\"\" class=\"wp-image-19\"\/><\/figure>\n\n\n\n<figure class=\"wp-block-image size-full\"><img loading=\"lazy\" decoding=\"async\" width=\"636\" height=\"300\" data-id=\"20\" src=\"https:\/\/safirdemo.com\/atlas\/wp-content\/uploads\/lg.png\" alt=\"\" class=\"wp-image-20\"\/><\/figure>\n\n\n\n<figure class=\"wp-block-image size-full\"><img loading=\"lazy\" decoding=\"async\" width=\"702\" height=\"150\" data-id=\"21\" src=\"https:\/\/safirdemo.com\/atlas\/wp-content\/uploads\/microsoft.png\" alt=\"\" class=\"wp-image-21\"\/><\/figure>\n\n\n\n<figure class=\"wp-block-image size-full\"><img loading=\"lazy\" decoding=\"async\" width=\"979\" height=\"150\" data-id=\"22\" src=\"https:\/\/safirdemo.com\/atlas\/wp-content\/uploads\/samsung.png\" alt=\"\" class=\"wp-image-22\"\/><\/figure>\n\n\n\n<figure class=\"wp-block-image size-full\"><img loading=\"lazy\" decoding=\"async\" width=\"1139\" height=\"300\" data-id=\"23\" src=\"https:\/\/safirdemo.com\/atlas\/wp-content\/uploads\/symantec.png\" alt=\"\" class=\"wp-image-23\"\/><\/figure>\n\n\n\n<figure class=\"wp-block-image size-full\"><img loading=\"lazy\" decoding=\"async\" width=\"476\" height=\"134\" data-id=\"24\" src=\"https:\/\/safirdemo.com\/atlas\/wp-content\/uploads\/xerox.png\" alt=\"\" class=\"wp-image-24\"\/><\/figure>\n<\/figure>\n","protected":false},"excerpt":{"rendered":"","protected":false},"author":1,"featured_media":0,"parent":0,"menu_order":0,"comment_status":"closed","ping_status":"closed","template":"pages\/page-references.php","meta":{"footnotes":""},"class_list":["post-15","page","type-page","status-publish","hentry"],"_links":{"self":[{"href":"https:\/\/safirdemo.com\/atlas\/wp-json\/wp\/v2\/pages\/15","targetHints":{"allow":["GET"]}}],"collection":[{"href":"https:\/\/safirdemo.com\/atlas\/wp-json\/wp\/v2\/pages"}],"about":[{"href":"https:\/\/safirdemo.com\/atlas\/wp-json\/wp\/v2\/types\/page"}],"author":[{"embeddable":true,"href":"https:\/\/safirdemo.com\/atlas\/wp-json\/wp\/v2\/users\/1"}],"replies":[{"embeddable":true,"href":"https:\/\/safirdemo.com\/atlas\/wp-json\/wp\/v2\/comments?post=15"}],"version-history":[{"count":7,"href":"https:\/\/safirdemo.com\/atlas\/wp-json\/wp\/v2\/pages\/15\/revisions"}],"predecessor-version":[{"id":405,"href":"https:\/\/safirdemo.com\/atlas\/wp-json\/wp\/v2\/pages\/15\/revisions\/405"}],"wp:attachment":[{"href":"https:\/\/safirdemo.com\/atlas\/wp-json\/wp\/v2\/media?parent=15"}],"curies":[{"name":"wp","href":"https:\/\/api.w.org\/{rel}","templated":true}]}}