{"id":50,"date":"2026-02-24T14:15:13","date_gmt":"2026-02-24T11:15:13","guid":{"rendered":"http:\/\/demo.safirtema.com\/delta\/?page_id=50"},"modified":"2026-03-07T11:55:24","modified_gmt":"2026-03-07T08:55:24","slug":"gutenberg-galeri","status":"publish","type":"page","link":"https:\/\/safirdemo.com\/delta\/gutenberg-galeri\/","title":{"rendered":"Gutenberg Galeri"},"content":{"rendered":"\n<p>Bu sayfada Gutenberg edit\u00f6r\u00fcndeki galeri butonu ile eklenmi\u015f bir galeri g\u00f6rmektesiniz. Klasik blok ile eklenmi\u015f lightbox destekli galeri \u00f6rne\u011fi i\u00e7in <a href=\"https:\/\/safirdemo.com\/delta\/foto-galeri\/\">t\u0131klay\u0131n\u0131z<\/a>. Her resmin yeni sayfada a\u00e7\u0131ld\u0131\u011f\u0131 galeri \u00f6rne\u011fi i\u00e7in <a href=\"https:\/\/safirdemo.com\/delta\/basinda-biz\/\">t\u0131klay\u0131n\u0131z<\/a>.<\/p>\n\n\n\n<figure class=\"wp-block-gallery has-nested-images columns-3 is-cropped wp-block-gallery-1 is-layout-flex wp-block-gallery-is-layout-flex\">\n<figure class=\"wp-block-image size-full\"><a href=\"https:\/\/safirdemo.com\/delta\/wp-content\/uploads\/12.jpeg\"><img loading=\"lazy\" decoding=\"async\" width=\"1280\" height=\"853\" data-id=\"47\" src=\"https:\/\/safirdemo.com\/delta\/wp-content\/uploads\/12.jpeg\" alt=\"\" class=\"wp-image-47\"\/><\/a><\/figure>\n\n\n\n<figure class=\"wp-block-image size-full\"><a href=\"https:\/\/safirdemo.com\/delta\/wp-content\/uploads\/11.jpeg\"><img loading=\"lazy\" decoding=\"async\" width=\"1280\" height=\"840\" data-id=\"46\" src=\"https:\/\/safirdemo.com\/delta\/wp-content\/uploads\/11.jpeg\" alt=\"\" class=\"wp-image-46\"\/><\/a><\/figure>\n\n\n\n<figure class=\"wp-block-image size-full\"><a href=\"https:\/\/safirdemo.com\/delta\/wp-content\/uploads\/10.jpeg\"><img loading=\"lazy\" decoding=\"async\" width=\"1280\" height=\"853\" data-id=\"45\" src=\"https:\/\/safirdemo.com\/delta\/wp-content\/uploads\/10.jpeg\" alt=\"\" class=\"wp-image-45\"\/><\/a><\/figure>\n\n\n\n<figure class=\"wp-block-image size-full\"><a href=\"https:\/\/safirdemo.com\/delta\/wp-content\/uploads\/09.jpeg\"><img loading=\"lazy\" decoding=\"async\" width=\"1280\" height=\"854\" data-id=\"44\" src=\"https:\/\/safirdemo.com\/delta\/wp-content\/uploads\/09.jpeg\" alt=\"\" class=\"wp-image-44\"\/><\/a><\/figure>\n\n\n\n<figure class=\"wp-block-image size-full\"><a href=\"https:\/\/safirdemo.com\/delta\/wp-content\/uploads\/08.jpeg\"><img loading=\"lazy\" decoding=\"async\" width=\"1280\" height=\"845\" data-id=\"43\" src=\"https:\/\/safirdemo.com\/delta\/wp-content\/uploads\/08.jpeg\" alt=\"\" class=\"wp-image-43\"\/><\/a><\/figure>\n\n\n\n<figure class=\"wp-block-image size-full\"><a href=\"https:\/\/safirdemo.com\/delta\/wp-content\/uploads\/07.jpeg\"><img loading=\"lazy\" decoding=\"async\" width=\"1280\" height=\"769\" data-id=\"42\" src=\"https:\/\/safirdemo.com\/delta\/wp-content\/uploads\/07.jpeg\" alt=\"\" class=\"wp-image-42\"\/><\/a><\/figure>\n\n\n\n<figure class=\"wp-block-image size-full\"><a href=\"https:\/\/safirdemo.com\/delta\/wp-content\/uploads\/06.jpeg\"><img loading=\"lazy\" decoding=\"async\" width=\"1280\" height=\"854\" data-id=\"41\" src=\"https:\/\/safirdemo.com\/delta\/wp-content\/uploads\/06.jpeg\" alt=\"\" class=\"wp-image-41\"\/><\/a><\/figure>\n\n\n\n<figure class=\"wp-block-image size-full\"><a href=\"https:\/\/safirdemo.com\/delta\/wp-content\/uploads\/04.jpg\"><img loading=\"lazy\" decoding=\"async\" width=\"1280\" height=\"847\" data-id=\"39\" src=\"https:\/\/safirdemo.com\/delta\/wp-content\/uploads\/04.jpg\" alt=\"\" class=\"wp-image-39\"\/><\/a><\/figure>\n\n\n\n<figure class=\"wp-block-image size-full\"><a href=\"https:\/\/safirdemo.com\/delta\/wp-content\/uploads\/03.jpeg\"><img loading=\"lazy\" decoding=\"async\" width=\"1280\" height=\"851\" data-id=\"38\" src=\"https:\/\/safirdemo.com\/delta\/wp-content\/uploads\/03.jpeg\" alt=\"\" class=\"wp-image-38\"\/><\/a><\/figure>\n\n\n\n<figure class=\"wp-block-image size-full\"><a href=\"https:\/\/safirdemo.com\/delta\/wp-content\/uploads\/02.jpeg\"><img loading=\"lazy\" decoding=\"async\" width=\"1280\" height=\"718\" data-id=\"37\" src=\"https:\/\/safirdemo.com\/delta\/wp-content\/uploads\/02.jpeg\" alt=\"\" class=\"wp-image-37\"\/><\/a><\/figure>\n\n\n\n<figure class=\"wp-block-image size-full\"><a href=\"https:\/\/safirdemo.com\/delta\/wp-content\/uploads\/01.jpeg\"><img loading=\"lazy\" decoding=\"async\" width=\"1280\" height=\"718\" data-id=\"36\" src=\"https:\/\/safirdemo.com\/delta\/wp-content\/uploads\/01.jpeg\" alt=\"\" class=\"wp-image-36\"\/><\/a><\/figure>\n<\/figure>\n","protected":false},"excerpt":{"rendered":"<p>Bu sayfada Gutenberg edit\u00f6r\u00fcndeki galeri butonu ile eklenmi\u015f bir galeri g\u00f6rmektesiniz. Klasik blok ile eklenmi\u015f lightbox destekli galeri \u00f6rne\u011fi i\u00e7in t\u0131klay\u0131n\u0131z. Her resmin yeni sayfada a\u00e7\u0131ld\u0131\u011f\u0131 galeri \u00f6rne\u011fi i\u00e7in t\u0131klay\u0131n\u0131z.<\/p>\n","protected":false},"author":1,"featured_media":0,"parent":0,"menu_order":0,"comment_status":"closed","ping_status":"closed","template":"","meta":{"footnotes":""},"class_list":["post-50","page","type-page","status-publish","hentry"],"_links":{"self":[{"href":"https:\/\/safirdemo.com\/delta\/wp-json\/wp\/v2\/pages\/50","targetHints":{"allow":["GET"]}}],"collection":[{"href":"https:\/\/safirdemo.com\/delta\/wp-json\/wp\/v2\/pages"}],"about":[{"href":"https:\/\/safirdemo.com\/delta\/wp-json\/wp\/v2\/types\/page"}],"author":[{"embeddable":true,"href":"https:\/\/safirdemo.com\/delta\/wp-json\/wp\/v2\/users\/1"}],"replies":[{"embeddable":true,"href":"https:\/\/safirdemo.com\/delta\/wp-json\/wp\/v2\/comments?post=50"}],"version-history":[{"count":10,"href":"https:\/\/safirdemo.com\/delta\/wp-json\/wp\/v2\/pages\/50\/revisions"}],"predecessor-version":[{"id":431,"href":"https:\/\/safirdemo.com\/delta\/wp-json\/wp\/v2\/pages\/50\/revisions\/431"}],"wp:attachment":[{"href":"https:\/\/safirdemo.com\/delta\/wp-json\/wp\/v2\/media?parent=50"}],"curies":[{"name":"wp","href":"https:\/\/api.w.org\/{rel}","templated":true}]}}