{"id":87,"date":"2026-02-24T15:25:12","date_gmt":"2026-02-24T12:25:12","guid":{"rendered":"http:\/\/demo.safirtema.com\/delta\/?page_id=87"},"modified":"2026-03-07T11:54:27","modified_gmt":"2026-03-07T08:54:27","slug":"cozum-ortaklari","status":"publish","type":"page","link":"https:\/\/safirdemo.com\/delta\/cozum-ortaklari\/","title":{"rendered":"\u00c7\u00f6z\u00fcm Ortaklar\u0131"},"content":{"rendered":"\n<figure class=\"wp-block-gallery has-nested-images columns-default is-cropped wp-block-gallery-1 is-layout-flex wp-block-gallery-is-layout-flex\">\n<figure class=\"wp-block-image size-full\"><img loading=\"lazy\" decoding=\"async\" width=\"1000\" height=\"171\" data-id=\"88\" src=\"https:\/\/safirdemo.com\/delta\/wp-content\/uploads\/atorka.png\" alt=\"\" class=\"wp-image-88\"\/><\/figure>\n\n\n\n<figure class=\"wp-block-image size-full\"><img loading=\"lazy\" decoding=\"async\" width=\"1000\" height=\"405\" data-id=\"89\" src=\"https:\/\/safirdemo.com\/delta\/wp-content\/uploads\/campking.png\" alt=\"\" class=\"wp-image-89\"\/><\/figure>\n\n\n\n<figure class=\"wp-block-image size-full\"><img loading=\"lazy\" decoding=\"async\" width=\"1233\" height=\"461\" data-id=\"90\" src=\"https:\/\/safirdemo.com\/delta\/wp-content\/uploads\/ferrino.png\" alt=\"\" class=\"wp-image-90\"\/><\/figure>\n\n\n\n<figure class=\"wp-block-image size-full\"><img loading=\"lazy\" decoding=\"async\" width=\"563\" height=\"85\" data-id=\"91\" src=\"https:\/\/safirdemo.com\/delta\/wp-content\/uploads\/husky.png\" alt=\"\" class=\"wp-image-91\"\/><\/figure>\n\n\n\n<figure class=\"wp-block-image size-full\"><img loading=\"lazy\" decoding=\"async\" width=\"544\" height=\"67\" data-id=\"92\" src=\"https:\/\/safirdemo.com\/delta\/wp-content\/uploads\/makalu.png\" alt=\"\" class=\"wp-image-92\"\/><\/figure>\n\n\n\n<figure class=\"wp-block-image size-full\"><img loading=\"lazy\" decoding=\"async\" width=\"1000\" height=\"667\" data-id=\"93\" src=\"https:\/\/safirdemo.com\/delta\/wp-content\/uploads\/msr.png\" alt=\"\" class=\"wp-image-93\"\/><\/figure>\n\n\n\n<figure class=\"wp-block-image size-full\"><img loading=\"lazy\" decoding=\"async\" width=\"1000\" height=\"143\" data-id=\"95\" src=\"https:\/\/safirdemo.com\/delta\/wp-content\/uploads\/quechua.png\" alt=\"\" class=\"wp-image-95\"\/><\/figure>\n\n\n\n<figure class=\"wp-block-image size-full\"><img loading=\"lazy\" decoding=\"async\" width=\"600\" height=\"349\" data-id=\"96\" src=\"https:\/\/safirdemo.com\/delta\/wp-content\/uploads\/salewa.png\" alt=\"\" class=\"wp-image-96\"\/><\/figure>\n\n\n\n<figure class=\"wp-block-image size-full\"><img loading=\"lazy\" decoding=\"async\" width=\"867\" height=\"477\" data-id=\"98\" src=\"https:\/\/safirdemo.com\/delta\/wp-content\/uploads\/naturehike-1.png\" alt=\"\" class=\"wp-image-98\"\/><\/figure>\n<\/figure>\n","protected":false},"excerpt":{"rendered":"","protected":false},"author":1,"featured_media":0,"parent":0,"menu_order":0,"comment_status":"closed","ping_status":"closed","template":"pages\/page-references.php","meta":{"footnotes":""},"class_list":["post-87","page","type-page","status-publish","hentry"],"_links":{"self":[{"href":"https:\/\/safirdemo.com\/delta\/wp-json\/wp\/v2\/pages\/87","targetHints":{"allow":["GET"]}}],"collection":[{"href":"https:\/\/safirdemo.com\/delta\/wp-json\/wp\/v2\/pages"}],"about":[{"href":"https:\/\/safirdemo.com\/delta\/wp-json\/wp\/v2\/types\/page"}],"author":[{"embeddable":true,"href":"https:\/\/safirdemo.com\/delta\/wp-json\/wp\/v2\/users\/1"}],"replies":[{"embeddable":true,"href":"https:\/\/safirdemo.com\/delta\/wp-json\/wp\/v2\/comments?post=87"}],"version-history":[{"count":3,"href":"https:\/\/safirdemo.com\/delta\/wp-json\/wp\/v2\/pages\/87\/revisions"}],"predecessor-version":[{"id":429,"href":"https:\/\/safirdemo.com\/delta\/wp-json\/wp\/v2\/pages\/87\/revisions\/429"}],"wp:attachment":[{"href":"https:\/\/safirdemo.com\/delta\/wp-json\/wp\/v2\/media?parent=87"}],"curies":[{"name":"wp","href":"https:\/\/api.w.org\/{rel}","templated":true}]}}