{"id":23,"date":"2026-03-03T13:20:43","date_gmt":"2026-03-03T10:20:43","guid":{"rendered":"https:\/\/safirdemo.com\/imaj\/cozum-ortaklari\/"},"modified":"2026-02-12T12:37:40","modified_gmt":"2026-02-12T09:37:40","slug":"cozum-ortaklari","status":"publish","type":"page","link":"https:\/\/safirdemo.com\/imaj\/cozum-ortaklari\/","title":{"rendered":"\u00c7\u00f6z\u00fcm Ortaklar\u0131"},"content":{"rendered":"\n<p>Bu sayfada Referanslar Sayfa \u015eablonu ile olu\u015fturulmu\u015f bir galeri g\u00f6rmektesiniz. Sayfa i\u00e7ine galeri d\u0131\u015f\u0131nda ba\u015fka elemanlar da ekleyebilirsiniz.<\/p>\n\n\n\n<figure class=\"wp-block-gallery has-nested-images columns-default wp-block-gallery-1 is-layout-flex wp-block-gallery-is-layout-flex\">\n<figure class=\"wp-block-image size-full\"><img loading=\"lazy\" decoding=\"async\" width=\"500\" height=\"88\" data-id=\"121\" src=\"https:\/\/safirdemo.com\/imaj\/wp-content\/uploads\/ads.png\" alt=\"\" class=\"wp-image-121\"\/><\/figure>\n\n\n\n<figure class=\"wp-block-image size-full\"><img loading=\"lazy\" decoding=\"async\" width=\"500\" height=\"106\" data-id=\"122\" src=\"https:\/\/safirdemo.com\/imaj\/wp-content\/uploads\/cpanel.png\" alt=\"\" class=\"wp-image-122\"\/><\/figure>\n\n\n\n<figure class=\"wp-block-image size-full\"><img loading=\"lazy\" decoding=\"async\" width=\"500\" height=\"126\" data-id=\"123\" src=\"https:\/\/safirdemo.com\/imaj\/wp-content\/uploads\/litespeed.png\" alt=\"\" class=\"wp-image-123\"\/><\/figure>\n\n\n\n<figure class=\"wp-block-image size-full\"><img loading=\"lazy\" decoding=\"async\" width=\"500\" height=\"107\" data-id=\"124\" src=\"https:\/\/safirdemo.com\/imaj\/wp-content\/uploads\/microsoft.png\" alt=\"\" class=\"wp-image-124\"\/><\/figure>\n\n\n\n<figure class=\"wp-block-image size-full\"><img loading=\"lazy\" decoding=\"async\" width=\"500\" height=\"258\" data-id=\"125\" src=\"https:\/\/safirdemo.com\/imaj\/wp-content\/uploads\/mysql.png\" alt=\"\" class=\"wp-image-125\"\/><\/figure>\n\n\n\n<figure class=\"wp-block-image size-full\"><img loading=\"lazy\" decoding=\"async\" width=\"483\" height=\"193\" data-id=\"126\" src=\"https:\/\/safirdemo.com\/imaj\/wp-content\/uploads\/plesk.png\" alt=\"\" class=\"wp-image-126\"\/><\/figure>\n\n\n\n<figure class=\"wp-block-image size-full\"><img loading=\"lazy\" decoding=\"async\" width=\"500\" height=\"222\" data-id=\"127\" src=\"https:\/\/safirdemo.com\/imaj\/wp-content\/uploads\/semrush.png\" alt=\"\" class=\"wp-image-127\"\/><\/figure>\n\n\n\n<figure class=\"wp-block-image size-full\"><img loading=\"lazy\" decoding=\"async\" width=\"500\" height=\"94\" data-id=\"128\" src=\"https:\/\/safirdemo.com\/imaj\/wp-content\/uploads\/themeforest.png\" alt=\"\" class=\"wp-image-128\"\/><\/figure>\n\n\n\n<figure class=\"wp-block-image size-full\"><img loading=\"lazy\" decoding=\"async\" width=\"500\" height=\"101\" data-id=\"129\" src=\"https:\/\/safirdemo.com\/imaj\/wp-content\/uploads\/woocommerce.png\" alt=\"\" class=\"wp-image-129\"\/><\/figure>\n<\/figure>\n","protected":false},"excerpt":{"rendered":"<p>Bu sayfada Referanslar Sayfa \u015eablonu ile olu\u015fturulmu\u015f bir galeri g\u00f6rmektesiniz. Sayfa i\u00e7ine galeri d\u0131\u015f\u0131nda ba\u015fka elemanlar da ekleyebilirsiniz.<\/p>\n","protected":false},"author":1,"featured_media":0,"parent":0,"menu_order":0,"comment_status":"closed","ping_status":"closed","template":"pages\/page-references.php","meta":{"footnotes":""},"class_list":["post-23","page","type-page","status-publish","hentry"],"_links":{"self":[{"href":"https:\/\/safirdemo.com\/imaj\/wp-json\/wp\/v2\/pages\/23","targetHints":{"allow":["GET"]}}],"collection":[{"href":"https:\/\/safirdemo.com\/imaj\/wp-json\/wp\/v2\/pages"}],"about":[{"href":"https:\/\/safirdemo.com\/imaj\/wp-json\/wp\/v2\/types\/page"}],"author":[{"embeddable":true,"href":"https:\/\/safirdemo.com\/imaj\/wp-json\/wp\/v2\/users\/1"}],"replies":[{"embeddable":true,"href":"https:\/\/safirdemo.com\/imaj\/wp-json\/wp\/v2\/comments?post=23"}],"version-history":[{"count":3,"href":"https:\/\/safirdemo.com\/imaj\/wp-json\/wp\/v2\/pages\/23\/revisions"}],"predecessor-version":[{"id":309,"href":"https:\/\/safirdemo.com\/imaj\/wp-json\/wp\/v2\/pages\/23\/revisions\/309"}],"wp:attachment":[{"href":"https:\/\/safirdemo.com\/imaj\/wp-json\/wp\/v2\/media?parent=23"}],"curies":[{"name":"wp","href":"https:\/\/api.w.org\/{rel}","templated":true}]}}