{"id":23,"date":"2026-03-03T13:20:43","date_gmt":"2026-03-03T10:20:43","guid":{"rendered":"https:\/\/safirdemo.com\/atolye\/cozum-ortaklari\/"},"modified":"2026-03-06T15:39:49","modified_gmt":"2026-03-06T12:39:49","slug":"cozum-ortaklari","status":"publish","type":"page","link":"https:\/\/safirdemo.com\/imza\/cozum-ortaklari\/","title":{"rendered":"\u00c7\u00f6z\u00fcm Ortaklar\u0131"},"content":{"rendered":"\n<p>Bu sayfada Referanslar Sayfa \u015eablonu ile olu\u015fturulmu\u015f bir galeri g\u00f6rmektesiniz. Sayfa i\u00e7ine galeri d\u0131\u015f\u0131nda ba\u015fka elemanlar da ekleyebilirsiniz.<\/p>\n\n\n\n<figure class=\"wp-block-gallery has-nested-images columns-default wp-block-gallery-1 is-layout-flex wp-block-gallery-is-layout-flex\">\n<figure class=\"wp-block-image size-full\"><img loading=\"lazy\" decoding=\"async\" width=\"460\" height=\"259\" data-id=\"369\" src=\"https:\/\/safirdemo.com\/imza\/wp-content\/uploads\/ref1.png\" alt=\"\" class=\"wp-image-369\"\/><\/figure>\n\n\n\n<figure class=\"wp-block-image size-full\"><img loading=\"lazy\" decoding=\"async\" width=\"595\" height=\"233\" data-id=\"370\" src=\"https:\/\/safirdemo.com\/imza\/wp-content\/uploads\/ref2.png\" alt=\"\" class=\"wp-image-370\"\/><\/figure>\n\n\n\n<figure class=\"wp-block-image size-full\"><img loading=\"lazy\" decoding=\"async\" width=\"681\" height=\"300\" data-id=\"374\" src=\"https:\/\/safirdemo.com\/imza\/wp-content\/uploads\/ref3.png\" alt=\"\" class=\"wp-image-374\"\/><\/figure>\n\n\n\n<figure class=\"wp-block-image size-full\"><img loading=\"lazy\" decoding=\"async\" width=\"2246\" height=\"864\" data-id=\"371\" src=\"https:\/\/safirdemo.com\/imza\/wp-content\/uploads\/ref4.png\" alt=\"\" class=\"wp-image-371\"\/><\/figure>\n\n\n\n<figure class=\"wp-block-image size-full\"><img loading=\"lazy\" decoding=\"async\" width=\"1254\" height=\"300\" data-id=\"372\" src=\"https:\/\/safirdemo.com\/imza\/wp-content\/uploads\/ref5.png\" alt=\"\" class=\"wp-image-372\"\/><\/figure>\n\n\n\n<figure class=\"wp-block-image size-full\"><img loading=\"lazy\" decoding=\"async\" width=\"1725\" height=\"300\" data-id=\"373\" src=\"https:\/\/safirdemo.com\/imza\/wp-content\/uploads\/ref6.png\" alt=\"\" class=\"wp-image-373\"\/><\/figure>\n\n\n\n<figure class=\"wp-block-image size-full\"><img loading=\"lazy\" decoding=\"async\" width=\"1061\" height=\"300\" data-id=\"375\" src=\"https:\/\/safirdemo.com\/imza\/wp-content\/uploads\/ref7.png\" alt=\"\" class=\"wp-image-375\"\/><\/figure>\n\n\n\n<figure class=\"wp-block-image size-full\"><img loading=\"lazy\" decoding=\"async\" width=\"710\" height=\"300\" data-id=\"377\" src=\"https:\/\/safirdemo.com\/imza\/wp-content\/uploads\/ref8.png\" alt=\"\" class=\"wp-image-377\"\/><\/figure>\n\n\n\n<figure class=\"wp-block-image size-full\"><img loading=\"lazy\" decoding=\"async\" width=\"661\" height=\"300\" data-id=\"376\" src=\"https:\/\/safirdemo.com\/imza\/wp-content\/uploads\/ref9.png\" alt=\"\" class=\"wp-image-376\"\/><\/figure>\n\n\n\n<figure class=\"wp-block-image size-full\"><img loading=\"lazy\" decoding=\"async\" width=\"678\" height=\"300\" data-id=\"379\" src=\"https:\/\/safirdemo.com\/imza\/wp-content\/uploads\/ref10.png\" alt=\"\" class=\"wp-image-379\"\/><\/figure>\n\n\n\n<figure class=\"wp-block-image size-full\"><img loading=\"lazy\" decoding=\"async\" width=\"406\" height=\"300\" data-id=\"380\" src=\"https:\/\/safirdemo.com\/imza\/wp-content\/uploads\/ref11.png\" alt=\"\" class=\"wp-image-380\"\/><\/figure>\n\n\n\n<figure class=\"wp-block-image size-full\"><img loading=\"lazy\" decoding=\"async\" width=\"342\" height=\"108\" data-id=\"378\" src=\"https:\/\/safirdemo.com\/imza\/wp-content\/uploads\/ref12.png\" alt=\"\" class=\"wp-image-378\"\/><\/figure>\n<\/figure>\n","protected":false},"excerpt":{"rendered":"<p>Bu sayfada Referanslar Sayfa \u015eablonu ile olu\u015fturulmu\u015f bir galeri g\u00f6rmektesiniz. Sayfa i\u00e7ine galeri d\u0131\u015f\u0131nda ba\u015fka elemanlar da ekleyebilirsiniz.<\/p>\n","protected":false},"author":1,"featured_media":0,"parent":0,"menu_order":0,"comment_status":"closed","ping_status":"closed","template":"pages\/page-references.php","meta":{"footnotes":""},"class_list":["post-23","page","type-page","status-publish","hentry"],"_links":{"self":[{"href":"https:\/\/safirdemo.com\/imza\/wp-json\/wp\/v2\/pages\/23","targetHints":{"allow":["GET"]}}],"collection":[{"href":"https:\/\/safirdemo.com\/imza\/wp-json\/wp\/v2\/pages"}],"about":[{"href":"https:\/\/safirdemo.com\/imza\/wp-json\/wp\/v2\/types\/page"}],"author":[{"embeddable":true,"href":"https:\/\/safirdemo.com\/imza\/wp-json\/wp\/v2\/users\/1"}],"replies":[{"embeddable":true,"href":"https:\/\/safirdemo.com\/imza\/wp-json\/wp\/v2\/comments?post=23"}],"version-history":[{"count":2,"href":"https:\/\/safirdemo.com\/imza\/wp-json\/wp\/v2\/pages\/23\/revisions"}],"predecessor-version":[{"id":480,"href":"https:\/\/safirdemo.com\/imza\/wp-json\/wp\/v2\/pages\/23\/revisions\/480"}],"wp:attachment":[{"href":"https:\/\/safirdemo.com\/imza\/wp-json\/wp\/v2\/media?parent=23"}],"curies":[{"name":"wp","href":"https:\/\/api.w.org\/{rel}","templated":true}]}}