{"id":54,"date":"2026-03-03T19:36:23","date_gmt":"2026-03-03T16:36:23","guid":{"rendered":"https:\/\/safirdemo.com\/atolye\/foto-galeri-sayfali\/"},"modified":"2026-03-13T11:24:57","modified_gmt":"2026-03-13T08:24:57","slug":"foto-galeri-sayfali","status":"publish","type":"page","link":"https:\/\/safirdemo.com\/imza\/foto-galeri-sayfali\/","title":{"rendered":"Foto Galeri (Sayfal\u0131)"},"content":{"rendered":"\n<p>Bu sayfada resimlerin yeni sayfada a\u00e7\u0131ld\u0131\u011f\u0131 bir galeri g\u00f6rmektesiniz. Ayn\u0131 galerinin lightbox ile a\u00e7\u0131lan haline <a href=\"https:\/\/safirdemo.com\/imza\/foto-galeri\/\" data-type=\"page\">buradan<\/a> ula\u015fabilirsiniz.<\/p>\n\n\n\n<figure class=\"wp-block-gallery has-nested-images columns-default is-cropped wp-block-gallery-1 is-layout-flex wp-block-gallery-is-layout-flex\">\n<figure class=\"wp-block-image size-full\"><a href=\"https:\/\/safirdemo.com\/imza\/foto-galeri-sayfali\/gallery00014\/\"><img loading=\"lazy\" decoding=\"async\" width=\"1280\" height=\"853\" data-id=\"105\" src=\"https:\/\/safirdemo.com\/imza\/wp-content\/uploads\/gallery00014-1.jpeg\" alt=\"\" class=\"wp-image-105\"\/><\/a><\/figure>\n\n\n\n<figure class=\"wp-block-image size-full\"><a href=\"https:\/\/safirdemo.com\/imza\/foto-galeri-sayfali\/gallery00013\/\"><img loading=\"lazy\" decoding=\"async\" width=\"1280\" height=\"830\" data-id=\"104\" src=\"https:\/\/safirdemo.com\/imza\/wp-content\/uploads\/gallery00013-1.jpeg\" alt=\"\" class=\"wp-image-104\"\/><\/a><\/figure>\n\n\n\n<figure class=\"wp-block-image size-full\"><a href=\"https:\/\/safirdemo.com\/imza\/foto-galeri-sayfali\/gallery00012\/\"><img loading=\"lazy\" decoding=\"async\" width=\"1280\" height=\"853\" data-id=\"103\" src=\"https:\/\/safirdemo.com\/imza\/wp-content\/uploads\/gallery00012-1.jpeg\" alt=\"\" class=\"wp-image-103\"\/><\/a><\/figure>\n\n\n\n<figure class=\"wp-block-image size-full\"><a href=\"https:\/\/safirdemo.com\/imza\/foto-galeri-sayfali\/gallery00011\/\"><img loading=\"lazy\" decoding=\"async\" width=\"1280\" height=\"853\" data-id=\"102\" src=\"https:\/\/safirdemo.com\/imza\/wp-content\/uploads\/gallery00011-1.jpeg\" alt=\"\" class=\"wp-image-102\"\/><\/a><\/figure>\n\n\n\n<figure class=\"wp-block-image size-full\"><a href=\"https:\/\/safirdemo.com\/imza\/foto-galeri-sayfali\/gallery00010\/\"><img loading=\"lazy\" decoding=\"async\" width=\"1280\" height=\"720\" data-id=\"101\" src=\"https:\/\/safirdemo.com\/imza\/wp-content\/uploads\/gallery00010-1.jpeg\" alt=\"\" class=\"wp-image-101\"\/><\/a><\/figure>\n\n\n\n<figure class=\"wp-block-image size-full\"><a href=\"https:\/\/safirdemo.com\/imza\/foto-galeri-sayfali\/gallery00009\/\"><img loading=\"lazy\" decoding=\"async\" width=\"1280\" height=\"854\" data-id=\"100\" src=\"https:\/\/safirdemo.com\/imza\/wp-content\/uploads\/gallery00009-1.jpeg\" alt=\"\" class=\"wp-image-100\"\/><\/a><\/figure>\n\n\n\n<figure class=\"wp-block-image size-full\"><a href=\"https:\/\/safirdemo.com\/imza\/foto-galeri-sayfali\/gallery00008\/\"><img loading=\"lazy\" decoding=\"async\" width=\"1280\" height=\"852\" data-id=\"99\" src=\"https:\/\/safirdemo.com\/imza\/wp-content\/uploads\/gallery00008-1.jpeg\" alt=\"\" class=\"wp-image-99\"\/><\/a><\/figure>\n\n\n\n<figure class=\"wp-block-image size-full\"><a href=\"https:\/\/safirdemo.com\/imza\/foto-galeri-sayfali\/gallery00007\/\"><img loading=\"lazy\" decoding=\"async\" width=\"1280\" height=\"853\" data-id=\"98\" src=\"https:\/\/safirdemo.com\/imza\/wp-content\/uploads\/gallery00007-1.jpeg\" alt=\"\" class=\"wp-image-98\"\/><\/a><\/figure>\n\n\n\n<figure class=\"wp-block-image size-full\"><a href=\"https:\/\/safirdemo.com\/imza\/foto-galeri-sayfali\/gallery00006\/\"><img loading=\"lazy\" decoding=\"async\" width=\"1280\" height=\"853\" data-id=\"97\" src=\"https:\/\/safirdemo.com\/imza\/wp-content\/uploads\/gallery00006-1.jpeg\" alt=\"\" class=\"wp-image-97\"\/><\/a><\/figure>\n\n\n\n<figure class=\"wp-block-image size-full\"><a href=\"https:\/\/safirdemo.com\/imza\/foto-galeri-sayfali\/gallery00005\/\"><img loading=\"lazy\" decoding=\"async\" width=\"1280\" height=\"853\" data-id=\"96\" src=\"https:\/\/safirdemo.com\/imza\/wp-content\/uploads\/gallery00005-1.jpeg\" alt=\"\" class=\"wp-image-96\"\/><\/a><\/figure>\n\n\n\n<figure class=\"wp-block-image size-full\"><a href=\"https:\/\/safirdemo.com\/imza\/foto-galeri-sayfali\/gallery00004\/\"><img loading=\"lazy\" decoding=\"async\" width=\"1280\" height=\"851\" data-id=\"95\" src=\"https:\/\/safirdemo.com\/imza\/wp-content\/uploads\/gallery00004-1.jpeg\" alt=\"\" class=\"wp-image-95\"\/><\/a><\/figure>\n\n\n\n<figure class=\"wp-block-image size-full\"><a href=\"https:\/\/safirdemo.com\/imza\/foto-galeri-sayfali\/gallery00003\/\"><img loading=\"lazy\" decoding=\"async\" width=\"1280\" height=\"853\" data-id=\"94\" src=\"https:\/\/safirdemo.com\/imza\/wp-content\/uploads\/gallery00003-1.jpeg\" alt=\"\" class=\"wp-image-94\"\/><\/a><\/figure>\n\n\n\n<figure class=\"wp-block-image size-full\"><a href=\"https:\/\/safirdemo.com\/imza\/foto-galeri-sayfali\/gallery00002\/\"><img loading=\"lazy\" decoding=\"async\" width=\"1280\" height=\"853\" data-id=\"93\" src=\"https:\/\/safirdemo.com\/imza\/wp-content\/uploads\/gallery00002-1.jpeg\" alt=\"\" class=\"wp-image-93\"\/><\/a><\/figure>\n\n\n\n<figure class=\"wp-block-image size-full\"><a href=\"https:\/\/safirdemo.com\/imza\/foto-galeri-sayfali\/gallery00001\/\"><img loading=\"lazy\" decoding=\"async\" width=\"1280\" height=\"853\" data-id=\"92\" src=\"https:\/\/safirdemo.com\/imza\/wp-content\/uploads\/gallery00001-1.jpeg\" alt=\"\" class=\"wp-image-92\"\/><\/a><\/figure>\n\n\n\n<figure class=\"wp-block-image size-full\"><a href=\"https:\/\/safirdemo.com\/imza\/foto-galeri-sayfali\/g00015-2\/\"><img loading=\"lazy\" decoding=\"async\" width=\"1280\" height=\"853\" data-id=\"272\" src=\"https:\/\/safirdemo.com\/imza\/wp-content\/uploads\/g00015-1-1.jpeg\" alt=\"\" class=\"wp-image-272\"\/><\/a><\/figure>\n<\/figure>\n","protected":false},"excerpt":{"rendered":"<p>Bu sayfada resimlerin yeni sayfada a\u00e7\u0131ld\u0131\u011f\u0131 bir galeri g\u00f6rmektesiniz. Ayn\u0131 galerinin lightbox ile a\u00e7\u0131lan haline buradan ula\u015fabilirsiniz.<\/p>\n","protected":false},"author":1,"featured_media":0,"parent":0,"menu_order":0,"comment_status":"closed","ping_status":"closed","template":"","meta":{"footnotes":""},"class_list":["post-54","page","type-page","status-publish","hentry"],"_links":{"self":[{"href":"https:\/\/safirdemo.com\/imza\/wp-json\/wp\/v2\/pages\/54","targetHints":{"allow":["GET"]}}],"collection":[{"href":"https:\/\/safirdemo.com\/imza\/wp-json\/wp\/v2\/pages"}],"about":[{"href":"https:\/\/safirdemo.com\/imza\/wp-json\/wp\/v2\/types\/page"}],"author":[{"embeddable":true,"href":"https:\/\/safirdemo.com\/imza\/wp-json\/wp\/v2\/users\/1"}],"replies":[{"embeddable":true,"href":"https:\/\/safirdemo.com\/imza\/wp-json\/wp\/v2\/comments?post=54"}],"version-history":[{"count":2,"href":"https:\/\/safirdemo.com\/imza\/wp-json\/wp\/v2\/pages\/54\/revisions"}],"predecessor-version":[{"id":518,"href":"https:\/\/safirdemo.com\/imza\/wp-json\/wp\/v2\/pages\/54\/revisions\/518"}],"wp:attachment":[{"href":"https:\/\/safirdemo.com\/imza\/wp-json\/wp\/v2\/media?parent=54"}],"curies":[{"name":"wp","href":"https:\/\/api.w.org\/{rel}","templated":true}]}}