{"id":23,"date":"2026-03-03T13:20:43","date_gmt":"2026-03-03T10:20:43","guid":{"rendered":"http:\/\/demo.safirtema.com\/rota\/?page_id=23"},"modified":"2026-03-08T13:37:08","modified_gmt":"2026-03-08T10:37:08","slug":"cozum-ortaklari","status":"publish","type":"page","link":"https:\/\/safirdemo.com\/koza\/cozum-ortaklari\/","title":{"rendered":"\u00c7\u00f6z\u00fcm Ortaklar\u0131"},"content":{"rendered":"\n<figure class=\"wp-block-gallery has-nested-images columns-default wp-block-gallery-1 is-layout-flex wp-block-gallery-is-layout-flex\">\n<figure class=\"wp-block-image size-full\"><img loading=\"lazy\" decoding=\"async\" width=\"360\" height=\"200\" data-id=\"108\" src=\"https:\/\/safirdemo.com\/koza\/wp-content\/uploads\/ref1.png\" alt=\"\" class=\"wp-image-108\"\/><\/figure>\n\n\n\n<figure class=\"wp-block-image size-full\"><img loading=\"lazy\" decoding=\"async\" width=\"235\" height=\"100\" data-id=\"109\" src=\"https:\/\/safirdemo.com\/koza\/wp-content\/uploads\/ref2.png\" alt=\"\" class=\"wp-image-109\"\/><\/figure>\n\n\n\n<figure class=\"wp-block-image size-full\"><img loading=\"lazy\" decoding=\"async\" width=\"579\" height=\"200\" data-id=\"110\" src=\"https:\/\/safirdemo.com\/koza\/wp-content\/uploads\/ref3.png\" alt=\"\" class=\"wp-image-110\"\/><\/figure>\n\n\n\n<figure class=\"wp-block-image size-full\"><img loading=\"lazy\" decoding=\"async\" width=\"863\" height=\"200\" data-id=\"111\" src=\"https:\/\/safirdemo.com\/koza\/wp-content\/uploads\/ref4.png\" alt=\"\" class=\"wp-image-111\"\/><\/figure>\n\n\n\n<figure class=\"wp-block-image size-full\"><img loading=\"lazy\" decoding=\"async\" width=\"260\" height=\"100\" data-id=\"112\" src=\"https:\/\/safirdemo.com\/koza\/wp-content\/uploads\/ref5.png\" alt=\"\" class=\"wp-image-112\"\/><\/figure>\n\n\n\n<figure class=\"wp-block-image size-full\"><img loading=\"lazy\" decoding=\"async\" width=\"338\" height=\"200\" data-id=\"113\" src=\"https:\/\/safirdemo.com\/koza\/wp-content\/uploads\/ref6.png\" alt=\"\" class=\"wp-image-113\"\/><\/figure>\n\n\n\n<figure class=\"wp-block-image size-full\"><img loading=\"lazy\" decoding=\"async\" width=\"500\" height=\"200\" data-id=\"114\" src=\"https:\/\/safirdemo.com\/koza\/wp-content\/uploads\/ref7.png\" alt=\"\" class=\"wp-image-114\"\/><\/figure>\n\n\n\n<figure class=\"wp-block-image size-full\"><img loading=\"lazy\" decoding=\"async\" width=\"446\" height=\"200\" data-id=\"115\" src=\"https:\/\/safirdemo.com\/koza\/wp-content\/uploads\/ref8.png\" alt=\"\" class=\"wp-image-115\"\/><\/figure>\n\n\n\n<figure class=\"wp-block-image size-full\"><img loading=\"lazy\" decoding=\"async\" width=\"450\" height=\"184\" data-id=\"116\" src=\"https:\/\/safirdemo.com\/koza\/wp-content\/uploads\/ref9.png\" alt=\"\" class=\"wp-image-116\"\/><\/figure>\n<\/figure>\n","protected":false},"excerpt":{"rendered":"","protected":false},"author":1,"featured_media":0,"parent":0,"menu_order":0,"comment_status":"closed","ping_status":"closed","template":"pages\/page-references.php","meta":{"footnotes":""},"class_list":["post-23","page","type-page","status-publish","hentry"],"_links":{"self":[{"href":"https:\/\/safirdemo.com\/koza\/wp-json\/wp\/v2\/pages\/23","targetHints":{"allow":["GET"]}}],"collection":[{"href":"https:\/\/safirdemo.com\/koza\/wp-json\/wp\/v2\/pages"}],"about":[{"href":"https:\/\/safirdemo.com\/koza\/wp-json\/wp\/v2\/types\/page"}],"author":[{"embeddable":true,"href":"https:\/\/safirdemo.com\/koza\/wp-json\/wp\/v2\/users\/1"}],"replies":[{"embeddable":true,"href":"https:\/\/safirdemo.com\/koza\/wp-json\/wp\/v2\/comments?post=23"}],"version-history":[{"count":5,"href":"https:\/\/safirdemo.com\/koza\/wp-json\/wp\/v2\/pages\/23\/revisions"}],"predecessor-version":[{"id":443,"href":"https:\/\/safirdemo.com\/koza\/wp-json\/wp\/v2\/pages\/23\/revisions\/443"}],"wp:attachment":[{"href":"https:\/\/safirdemo.com\/koza\/wp-json\/wp\/v2\/media?parent=23"}],"curies":[{"name":"wp","href":"https:\/\/api.w.org\/{rel}","templated":true}]}}