{"id":68,"date":"2026-03-03T20:11:05","date_gmt":"2026-03-03T17:11:05","guid":{"rendered":"http:\/\/demo.safirtema.com\/rota\/?page_id=68"},"modified":"2026-03-09T11:38:38","modified_gmt":"2026-03-09T08:38:38","slug":"foto-galeri","status":"publish","type":"page","link":"https:\/\/safirdemo.com\/koza\/foto-galeri\/","title":{"rendered":"Foto Galeri (Lightbox)"},"content":{"rendered":"\n<p>Bu sayfada temadaki dahili Lightbox \u00f6zelli\u011fi ile eklenen bir galeri g\u00f6rmektesiniz. Lightbox \u00f6zelli\u011fini tema ayarlar\u0131ndan pasif edip kendi Lighbox eklentinizi de kullanabilirsiniz. Ayn\u0131 galerinin yeni sayfada a\u00e7\u0131lan haline <a href=\"https:\/\/safirdemo.com\/koza\/foto-galeri-sayfali\/\" data-type=\"page\" data-id=\"54\">buradan<\/a> ula\u015fabilirsiniz.<\/p>\n\n\n\n<figure class=\"wp-block-gallery has-nested-images columns-3 is-cropped wp-block-gallery-1 is-layout-flex wp-block-gallery-is-layout-flex\">\n<figure class=\"wp-block-image size-full\"><a href=\"https:\/\/safirdemo.com\/koza\/wp-content\/uploads\/g00010.jpg\"><img loading=\"lazy\" decoding=\"async\" width=\"1000\" height=\"682\" data-id=\"101\" src=\"https:\/\/safirdemo.com\/koza\/wp-content\/uploads\/g00010.jpg\" alt=\"\" class=\"wp-image-101\" style=\"aspect-ratio:1\"\/><\/a><\/figure>\n\n\n\n<figure class=\"wp-block-image size-full\"><a href=\"https:\/\/safirdemo.com\/koza\/wp-content\/uploads\/g00009.jpg\"><img loading=\"lazy\" decoding=\"async\" width=\"1000\" height=\"667\" data-id=\"100\" src=\"https:\/\/safirdemo.com\/koza\/wp-content\/uploads\/g00009.jpg\" alt=\"\" class=\"wp-image-100\" style=\"aspect-ratio:1\"\/><\/a><\/figure>\n\n\n\n<figure class=\"wp-block-image size-full\"><a href=\"https:\/\/safirdemo.com\/koza\/wp-content\/uploads\/g00005.jpg\"><img loading=\"lazy\" decoding=\"async\" width=\"1000\" height=\"668\" data-id=\"96\" src=\"https:\/\/safirdemo.com\/koza\/wp-content\/uploads\/g00005.jpg\" alt=\"\" class=\"wp-image-96\" style=\"aspect-ratio:1\"\/><\/a><\/figure>\n\n\n\n<figure class=\"wp-block-image size-full\"><a href=\"https:\/\/safirdemo.com\/koza\/wp-content\/uploads\/g00008.jpg\"><img loading=\"lazy\" decoding=\"async\" width=\"1000\" height=\"662\" data-id=\"99\" src=\"https:\/\/safirdemo.com\/koza\/wp-content\/uploads\/g00008.jpg\" alt=\"\" class=\"wp-image-99\" style=\"aspect-ratio:1\"\/><\/a><\/figure>\n\n\n\n<figure class=\"wp-block-image size-full\"><a href=\"https:\/\/safirdemo.com\/koza\/wp-content\/uploads\/g00007.jpg\"><img loading=\"lazy\" decoding=\"async\" width=\"1000\" height=\"667\" data-id=\"98\" src=\"https:\/\/safirdemo.com\/koza\/wp-content\/uploads\/g00007.jpg\" alt=\"\" class=\"wp-image-98\" style=\"aspect-ratio:1\"\/><\/a><\/figure>\n\n\n\n<figure class=\"wp-block-image size-full\"><a href=\"https:\/\/safirdemo.com\/koza\/wp-content\/uploads\/g00002.jpg\"><img loading=\"lazy\" decoding=\"async\" width=\"1000\" height=\"667\" data-id=\"93\" src=\"https:\/\/safirdemo.com\/koza\/wp-content\/uploads\/g00002.jpg\" alt=\"\" class=\"wp-image-93\" style=\"aspect-ratio:1\"\/><\/a><\/figure>\n\n\n\n<figure class=\"wp-block-image size-full\"><a href=\"https:\/\/safirdemo.com\/koza\/wp-content\/uploads\/g00003.jpg\"><img loading=\"lazy\" decoding=\"async\" width=\"1000\" height=\"589\" data-id=\"94\" src=\"https:\/\/safirdemo.com\/koza\/wp-content\/uploads\/g00003.jpg\" alt=\"\" class=\"wp-image-94\" style=\"aspect-ratio:1\"\/><\/a><\/figure>\n\n\n\n<figure class=\"wp-block-image size-full\"><a href=\"https:\/\/safirdemo.com\/koza\/wp-content\/uploads\/g00006.jpg\"><img loading=\"lazy\" decoding=\"async\" width=\"1000\" height=\"563\" data-id=\"97\" src=\"https:\/\/safirdemo.com\/koza\/wp-content\/uploads\/g00006.jpg\" alt=\"\" class=\"wp-image-97\" style=\"aspect-ratio:1\"\/><\/a><\/figure>\n\n\n\n<figure class=\"wp-block-image size-full\"><a href=\"https:\/\/safirdemo.com\/koza\/wp-content\/uploads\/g00004.jpg\"><img loading=\"lazy\" decoding=\"async\" width=\"1000\" height=\"1250\" data-id=\"95\" src=\"https:\/\/safirdemo.com\/koza\/wp-content\/uploads\/g00004.jpg\" alt=\"\" class=\"wp-image-95\" style=\"aspect-ratio:1\"\/><\/a><\/figure>\n\n\n\n<figure class=\"wp-block-image size-full\"><a href=\"https:\/\/safirdemo.com\/koza\/wp-content\/uploads\/g00001.jpg\"><img loading=\"lazy\" decoding=\"async\" width=\"1000\" height=\"750\" data-id=\"92\" src=\"https:\/\/safirdemo.com\/koza\/wp-content\/uploads\/g00001.jpg\" alt=\"\" class=\"wp-image-92\" style=\"aspect-ratio:1\"\/><\/a><\/figure>\n\n\n\n<figure class=\"wp-block-image size-full\"><a href=\"https:\/\/safirdemo.com\/koza\/wp-content\/uploads\/prod4.jpg\"><img loading=\"lazy\" decoding=\"async\" width=\"1280\" height=\"853\" data-id=\"197\" src=\"https:\/\/safirdemo.com\/koza\/wp-content\/uploads\/prod4.jpg\" alt=\"\" class=\"wp-image-197\" style=\"aspect-ratio:1\"\/><\/a><\/figure>\n\n\n\n<figure class=\"wp-block-image size-full\"><a href=\"https:\/\/safirdemo.com\/koza\/wp-content\/uploads\/karayolu.jpg\"><img loading=\"lazy\" decoding=\"async\" width=\"1280\" height=\"854\" data-id=\"154\" src=\"https:\/\/safirdemo.com\/koza\/wp-content\/uploads\/karayolu.jpg\" alt=\"\" class=\"wp-image-154\" style=\"aspect-ratio:1\"\/><\/a><\/figure>\n<\/figure>\n","protected":false},"excerpt":{"rendered":"<p>Bu sayfada temadaki dahili Lightbox \u00f6zelli\u011fi ile eklenen bir galeri g\u00f6rmektesiniz. Lightbox \u00f6zelli\u011fini tema ayarlar\u0131ndan pasif edip kendi Lighbox eklentinizi de kullanabilirsiniz. Ayn\u0131 galerinin yeni sayfada a\u00e7\u0131lan haline buradan ula\u015fabilirsiniz.<\/p>\n","protected":false},"author":1,"featured_media":0,"parent":0,"menu_order":0,"comment_status":"closed","ping_status":"closed","template":"","meta":{"footnotes":""},"class_list":["post-68","page","type-page","status-publish","hentry"],"_links":{"self":[{"href":"https:\/\/safirdemo.com\/koza\/wp-json\/wp\/v2\/pages\/68","targetHints":{"allow":["GET"]}}],"collection":[{"href":"https:\/\/safirdemo.com\/koza\/wp-json\/wp\/v2\/pages"}],"about":[{"href":"https:\/\/safirdemo.com\/koza\/wp-json\/wp\/v2\/types\/page"}],"author":[{"embeddable":true,"href":"https:\/\/safirdemo.com\/koza\/wp-json\/wp\/v2\/users\/1"}],"replies":[{"embeddable":true,"href":"https:\/\/safirdemo.com\/koza\/wp-json\/wp\/v2\/comments?post=68"}],"version-history":[{"count":9,"href":"https:\/\/safirdemo.com\/koza\/wp-json\/wp\/v2\/pages\/68\/revisions"}],"predecessor-version":[{"id":487,"href":"https:\/\/safirdemo.com\/koza\/wp-json\/wp\/v2\/pages\/68\/revisions\/487"}],"wp:attachment":[{"href":"https:\/\/safirdemo.com\/koza\/wp-json\/wp\/v2\/media?parent=68"}],"curies":[{"name":"wp","href":"https:\/\/api.w.org\/{rel}","templated":true}]}}