{"id":27,"date":"2026-03-02T12:24:47","date_gmt":"2026-03-02T09:24:47","guid":{"rendered":"http:\/\/demo.safirtema.com\/maya\/?page_id=27"},"modified":"2026-03-11T21:28:25","modified_gmt":"2026-03-11T18:28:25","slug":"tema-videolari","status":"publish","type":"page","link":"https:\/\/safirdemo.com\/maya\/tema-videolari\/","title":{"rendered":"Tema Videolar\u0131"},"content":{"rendered":"\n<figure class=\"wp-block-embed is-type-video is-provider-youtube wp-block-embed-youtube wp-embed-aspect-16-9 wp-has-aspect-ratio\"><div class=\"wp-block-embed__wrapper\">\n<iframe loading=\"lazy\" title=\"Maya WordPress Temas\u0131 - Foto Galeri Sistemi\" width=\"850\" height=\"478\" src=\"https:\/\/www.youtube.com\/embed\/g8yz6DK2upE?feature=oembed\" frameborder=\"0\" allow=\"accelerometer; autoplay; clipboard-write; encrypted-media; gyroscope; picture-in-picture; web-share\" referrerpolicy=\"strict-origin-when-cross-origin\" allowfullscreen><\/iframe>\n<\/div><\/figure>\n\n\n\n<figure class=\"wp-block-embed is-type-video is-provider-youtube wp-block-embed-youtube wp-embed-aspect-16-9 wp-has-aspect-ratio\"><div class=\"wp-block-embed__wrapper\">\n<iframe loading=\"lazy\" title=\"Kurumsal Temalarda Gutenberg Bloklar\u0131n\u0131n Kullan\u0131m\u0131\" width=\"850\" height=\"478\" src=\"https:\/\/www.youtube.com\/embed\/j55V4AU3C8M?feature=oembed\" frameborder=\"0\" allow=\"accelerometer; autoplay; clipboard-write; encrypted-media; gyroscope; picture-in-picture; web-share\" referrerpolicy=\"strict-origin-when-cross-origin\" allowfullscreen><\/iframe>\n<\/div><\/figure>\n","protected":false},"excerpt":{"rendered":"","protected":false},"author":1,"featured_media":0,"parent":0,"menu_order":0,"comment_status":"closed","ping_status":"closed","template":"","meta":{"footnotes":""},"class_list":["post-27","page","type-page","status-publish","hentry"],"_links":{"self":[{"href":"https:\/\/safirdemo.com\/maya\/wp-json\/wp\/v2\/pages\/27","targetHints":{"allow":["GET"]}}],"collection":[{"href":"https:\/\/safirdemo.com\/maya\/wp-json\/wp\/v2\/pages"}],"about":[{"href":"https:\/\/safirdemo.com\/maya\/wp-json\/wp\/v2\/types\/page"}],"author":[{"embeddable":true,"href":"https:\/\/safirdemo.com\/maya\/wp-json\/wp\/v2\/users\/1"}],"replies":[{"embeddable":true,"href":"https:\/\/safirdemo.com\/maya\/wp-json\/wp\/v2\/comments?post=27"}],"version-history":[{"count":4,"href":"https:\/\/safirdemo.com\/maya\/wp-json\/wp\/v2\/pages\/27\/revisions"}],"predecessor-version":[{"id":400,"href":"https:\/\/safirdemo.com\/maya\/wp-json\/wp\/v2\/pages\/27\/revisions\/400"}],"wp:attachment":[{"href":"https:\/\/safirdemo.com\/maya\/wp-json\/wp\/v2\/media?parent=27"}],"curies":[{"name":"wp","href":"https:\/\/api.w.org\/{rel}","templated":true}]}}