{"id":58,"date":"2026-03-03T19:31:15","date_gmt":"2026-03-03T16:31:15","guid":{"rendered":"https:\/\/safirdemo.com\/atolye\/yasal-uyari\/"},"modified":"2026-03-13T16:28:47","modified_gmt":"2026-03-13T13:28:47","slug":"yasal-uyari","status":"publish","type":"page","link":"https:\/\/safirdemo.com\/neo\/yasal-uyari\/","title":{"rendered":"Yasal Uyar\u0131"},"content":{"rendered":"<h2 class=\"wp-block-heading has-text-align-center has-medium-font-size\" style=\"font-size: 26px !important; line-height: 1.5 !important; font-weight: 500\">Safir Neo WordPress Temas\u0131 Ni\u011fde 3.Noterli\u011fi taraf\u0131ndan Safir Tasar\u0131m ad\u0131na tescillenmi\u015ftir. Muhtemel bir illegal kullan\u0131m\/payla\u015f\u0131m durumunda su\u00e7lu durumuna d\u00fc\u015fece\u011finizi hat\u0131rlat\u0131r\u0131z. Gerekli hallerde tescil belgeleri sunulabilir. Firmam\u0131zda sat\u0131\u015flar fatural\u0131 olarak yap\u0131lmaktad\u0131r.<\/h2>","protected":false},"excerpt":{"rendered":"<p>Safir Neo WordPress Temas\u0131 Ni\u011fde 3.Noterli\u011fi taraf\u0131ndan Safir Tasar\u0131m ad\u0131na tescillenmi\u015ftir. Muhtemel bir illegal kullan\u0131m\/payla\u015f\u0131m durumunda su\u00e7lu durumuna d\u00fc\u015fece\u011finizi hat\u0131rlat\u0131r\u0131z. Gerekli hallerde tescil belgeleri sunulabilir. Firmam\u0131zda sat\u0131\u015flar fatural\u0131 olarak yap\u0131lmaktad\u0131r.<\/p>\n","protected":false},"author":1,"featured_media":0,"parent":0,"menu_order":0,"comment_status":"closed","ping_status":"closed","template":"","meta":{"fiyat":"","metin":"","footnotes":""},"class_list":["post-58","page","type-page","status-publish","hentry"],"_links":{"self":[{"href":"https:\/\/safirdemo.com\/neo\/wp-json\/wp\/v2\/pages\/58","targetHints":{"allow":["GET"]}}],"collection":[{"href":"https:\/\/safirdemo.com\/neo\/wp-json\/wp\/v2\/pages"}],"about":[{"href":"https:\/\/safirdemo.com\/neo\/wp-json\/wp\/v2\/types\/page"}],"author":[{"embeddable":true,"href":"https:\/\/safirdemo.com\/neo\/wp-json\/wp\/v2\/users\/1"}],"replies":[{"embeddable":true,"href":"https:\/\/safirdemo.com\/neo\/wp-json\/wp\/v2\/comments?post=58"}],"version-history":[{"count":2,"href":"https:\/\/safirdemo.com\/neo\/wp-json\/wp\/v2\/pages\/58\/revisions"}],"predecessor-version":[{"id":1520,"href":"https:\/\/safirdemo.com\/neo\/wp-json\/wp\/v2\/pages\/58\/revisions\/1520"}],"wp:attachment":[{"href":"https:\/\/safirdemo.com\/neo\/wp-json\/wp\/v2\/media?parent=58"}],"curies":[{"name":"wp","href":"https:\/\/api.w.org\/{rel}","templated":true}]}}