{"id":41,"date":"2022-05-09T15:29:43","date_gmt":"2022-05-09T12:29:43","guid":{"rendered":"https:\/\/safirdemo.com\/odak\/?page_id=41"},"modified":"2022-05-09T16:17:53","modified_gmt":"2022-05-09T13:17:53","slug":"kunye","status":"publish","type":"page","link":"https:\/\/safirdemo.com\/odak-firma\/kunye\/","title":{"rendered":"K\u00fcnye"},"content":{"rendered":"\n<p class=\"has-text-align-center\">Sahibi<br><strong>\u00d6RNEK HABERLE\u015eME VE YAYINCILIK A.\u015e.<\/strong><\/p>\n\n\n\n<hr class=\"wp-block-separator is-style-dots\"\/>\n\n\n\n<p class=\"has-text-align-center\"><strong>Genel Yay\u0131n Y\u00f6netmeni<br><\/strong>ADSOYAD B\u0130LG\u0130S\u0130<\/p>\n\n\n\n<hr class=\"wp-block-separator is-style-dots\"\/>\n\n\n\n<p class=\"has-text-align-center\"><strong>Genel Yay\u0131n Y\u00f6n. Yrd.<br><\/strong>ADSOYAD B\u0130LG\u0130S\u0130<\/p>\n\n\n\n<hr class=\"wp-block-separator is-style-wide\"\/>\n\n\n\n<div class=\"wp-block-columns is-layout-flex wp-container-core-columns-is-layout-9d6595d7 wp-block-columns-is-layout-flex\">\n<div class=\"wp-block-column is-layout-flow wp-block-column-is-layout-flow\">\n<p class=\"has-text-align-center\"><strong>Yaz\u0131l\u0131 Medya Reklam Genel M\u00fcd\u00fcr\u00fc<br><\/strong>ADSOYAD B\u0130LG\u0130S\u0130<\/p>\n\n\n\n<hr class=\"wp-block-separator is-style-dots\"\/>\n\n\n\n<p class=\"has-text-align-center\"><strong>Genel M\u00fcd\u00fcr Yard\u0131mc\u0131lar\u0131<br><\/strong>ADSOYAD B\u0130LG\u0130S\u0130<\/p>\n\n\n\n<hr class=\"wp-block-separator is-style-dots\"\/>\n\n\n\n<p class=\"has-text-align-center\"><strong>Dijital Yay\u0131nlar Genel M\u00fcd\u00fcr\u00fc<br><\/strong>ADSOYAD B\u0130LG\u0130S\u0130<\/p>\n\n\n\n<hr class=\"wp-block-separator is-style-dots\"\/>\n\n\n\n<p class=\"has-text-align-center\"><strong>Genel Yay\u0131n Y\u00f6netmeni<br><\/strong>ADSOYAD B\u0130LG\u0130S\u0130<\/p>\n\n\n\n<hr class=\"wp-block-separator is-style-dots\"\/>\n\n\n\n<p class=\"has-text-align-center\"><strong>\u0130nternet Yay\u0131n Sorumlusu<br><\/strong>ADSOYAD B\u0130LG\u0130S\u0130<\/p>\n<\/div>\n\n\n\n<div class=\"wp-block-column is-layout-flow wp-block-column-is-layout-flow\">\n<p class=\"has-text-align-center\"><strong>D\u0131\u015f Haberler M\u00fcd\u00fcr\u00fc<br><\/strong>ADSOYAD B\u0130LG\u0130S\u0130<\/p>\n\n\n\n<hr class=\"wp-block-separator is-style-dots\"\/>\n\n\n\n<p class=\"has-text-align-center\"><strong>Ek Yay\u0131nlar Yay\u0131n Y\u00f6netmeni<br><\/strong>ADSOYAD B\u0130LG\u0130S\u0130<\/p>\n\n\n\n<hr class=\"wp-block-separator is-style-dots\"\/>\n\n\n\n<p class=\"has-text-align-center\"><strong>G\u00f6rsel Y\u00f6netmen<br><\/strong>ADSOYAD B\u0130LG\u0130S\u0130<\/p>\n\n\n\n<hr class=\"wp-block-separator is-style-dots\"\/>\n\n\n\n<p class=\"has-text-align-center\"><strong>T\u00fczel Ki\u015fi Temsilcisi<br><\/strong>ADSOYAD B\u0130LG\u0130S\u0130<\/p>\n\n\n\n<hr class=\"wp-block-separator is-style-dots\"\/>\n\n\n\n<p class=\"has-text-align-center\"><strong>Yurtd\u0131\u015f\u0131 Temsilcisi<br><\/strong>ADSOYAD B\u0130LG\u0130S\u0130<\/p>\n<\/div>\n<\/div>\n","protected":false},"excerpt":{"rendered":"<p>Sahibi\u00d6RNEK HABERLE\u015eME VE YAYINCILIK A.\u015e. Genel Yay\u0131n Y\u00f6netmeniADSOYAD B\u0130LG\u0130S\u0130 Genel Yay\u0131n Y\u00f6n. Yrd.ADSOYAD B\u0130LG\u0130S\u0130 Yaz\u0131l\u0131 Medya Reklam Genel M\u00fcd\u00fcr\u00fcADSOYAD B\u0130LG\u0130S\u0130 Genel M\u00fcd\u00fcr Yard\u0131mc\u0131lar\u0131ADSOYAD B\u0130LG\u0130S\u0130 Dijital Yay\u0131nlar Genel M\u00fcd\u00fcr\u00fcADSOYAD B\u0130LG\u0130S\u0130 Genel Yay\u0131n Y\u00f6netmeniADSOYAD B\u0130LG\u0130S\u0130 \u0130nternet Yay\u0131n SorumlusuADSOYAD B\u0130LG\u0130S\u0130 D\u0131\u015f Haberler M\u00fcd\u00fcr\u00fcADSOYAD B\u0130LG\u0130S\u0130 Ek Yay\u0131nlar Yay\u0131n Y\u00f6netmeniADSOYAD B\u0130LG\u0130S\u0130 G\u00f6rsel Y\u00f6netmenADSOYAD B\u0130LG\u0130S\u0130 T\u00fczel Ki\u015fi TemsilcisiADSOYAD B\u0130LG\u0130S\u0130 Yurtd\u0131\u015f\u0131 TemsilcisiADSOYAD [&hellip;]<\/p>\n","protected":false},"author":1,"featured_media":0,"parent":0,"menu_order":2,"comment_status":"closed","ping_status":"closed","template":"pages\/page-sidemenu.php","meta":{"footnotes":""},"class_list":["post-41","page","type-page","status-publish","hentry"],"_links":{"self":[{"href":"https:\/\/safirdemo.com\/odak-firma\/wp-json\/wp\/v2\/pages\/41","targetHints":{"allow":["GET"]}}],"collection":[{"href":"https:\/\/safirdemo.com\/odak-firma\/wp-json\/wp\/v2\/pages"}],"about":[{"href":"https:\/\/safirdemo.com\/odak-firma\/wp-json\/wp\/v2\/types\/page"}],"author":[{"embeddable":true,"href":"https:\/\/safirdemo.com\/odak-firma\/wp-json\/wp\/v2\/users\/1"}],"replies":[{"embeddable":true,"href":"https:\/\/safirdemo.com\/odak-firma\/wp-json\/wp\/v2\/comments?post=41"}],"version-history":[{"count":12,"href":"https:\/\/safirdemo.com\/odak-firma\/wp-json\/wp\/v2\/pages\/41\/revisions"}],"predecessor-version":[{"id":76,"href":"https:\/\/safirdemo.com\/odak-firma\/wp-json\/wp\/v2\/pages\/41\/revisions\/76"}],"wp:attachment":[{"href":"https:\/\/safirdemo.com\/odak-firma\/wp-json\/wp\/v2\/media?parent=41"}],"curies":[{"name":"wp","href":"https:\/\/api.w.org\/{rel}","templated":true}]}}