{"id":36,"date":"2022-05-09T15:27:39","date_gmt":"2022-05-09T12:27:39","guid":{"rendered":"https:\/\/safirdemo.com\/odak\/?page_id=36"},"modified":"2022-05-30T14:40:06","modified_gmt":"2022-05-30T11:40:06","slug":"yasal-uyari","status":"publish","type":"page","link":"https:\/\/safirdemo.com\/odak\/yasal-uyari\/","title":{"rendered":"Yasal Uyar\u0131"},"content":{"rendered":"<h2 class=\"wp-block-heading has-text-align-center has-medium-font-size\" style=\"font-size: 26px !important; line-height: 1.5 !important; font-weight: 500\">Safir Odak WordPress Temas\u0131 Ni\u011fde 3.Noterli\u011fi taraf\u0131ndan Safir Tasar\u0131m ad\u0131na tescillenmi\u015ftir. Muhtemel bir illegal kullan\u0131m\/payla\u015f\u0131m durumunda su\u00e7lu durumuna d\u00fc\u015fece\u011finizi hat\u0131rlat\u0131r\u0131z. Gerekli hallerde tescil belgeleri sunulabilir. Firmam\u0131zda sat\u0131\u015flar fatural\u0131 olarak yap\u0131lmaktad\u0131r.<\/h2>","protected":false},"excerpt":{"rendered":"<p>Safir Odak WordPress Temas\u0131 Ni\u011fde 3.Noterli\u011fi taraf\u0131ndan Safir Tasar\u0131m ad\u0131na tescillenmi\u015ftir. Muhtemel bir illegal kullan\u0131m\/payla\u015f\u0131m durumunda su\u00e7lu durumuna d\u00fc\u015fece\u011finizi hat\u0131rlat\u0131r\u0131z. Gerekli hallerde tescil belgeleri sunulabilir. Firmam\u0131zda sat\u0131\u015flar fatural\u0131 olarak yap\u0131lmaktad\u0131r.<\/p>\n","protected":false},"author":1,"featured_media":0,"parent":0,"menu_order":0,"comment_status":"closed","ping_status":"closed","template":"","meta":{"footnotes":""},"class_list":["post-36","page","type-page","status-publish","hentry"],"_links":{"self":[{"href":"https:\/\/safirdemo.com\/odak\/wp-json\/wp\/v2\/pages\/36","targetHints":{"allow":["GET"]}}],"collection":[{"href":"https:\/\/safirdemo.com\/odak\/wp-json\/wp\/v2\/pages"}],"about":[{"href":"https:\/\/safirdemo.com\/odak\/wp-json\/wp\/v2\/types\/page"}],"author":[{"embeddable":true,"href":"https:\/\/safirdemo.com\/odak\/wp-json\/wp\/v2\/users\/1"}],"replies":[{"embeddable":true,"href":"https:\/\/safirdemo.com\/odak\/wp-json\/wp\/v2\/comments?post=36"}],"version-history":[{"count":2,"href":"https:\/\/safirdemo.com\/odak\/wp-json\/wp\/v2\/pages\/36\/revisions"}],"predecessor-version":[{"id":38,"href":"https:\/\/safirdemo.com\/odak\/wp-json\/wp\/v2\/pages\/36\/revisions\/38"}],"wp:attachment":[{"href":"https:\/\/safirdemo.com\/odak\/wp-json\/wp\/v2\/media?parent=36"}],"curies":[{"name":"wp","href":"https:\/\/api.w.org\/{rel}","templated":true}]}}