{"id":82,"date":"2026-01-03T20:55:10","date_gmt":"2026-01-03T17:55:10","guid":{"rendered":"https:\/\/safirdemo.com\/atolye\/hakkimizda\/"},"modified":"2026-03-03T14:59:09","modified_gmt":"2026-03-03T11:59:09","slug":"hakkimizda","status":"publish","type":"page","link":"https:\/\/safirdemo.com\/prizma\/hakkimizda\/","title":{"rendered":"Hakk\u0131m\u0131zda"},"content":{"rendered":"\n<figure class=\"wp-block-image size-full\"><img loading=\"lazy\" decoding=\"async\" width=\"1280\" height=\"853\" src=\"https:\/\/safirdemo.com\/prizma\/wp-content\/uploads\/g00015-1-1.jpeg\" alt=\"\" class=\"wp-image-272\"\/><\/figure>\n\n\n\n<p>Bu sayfadaki t\u00fcm i\u00e7erikler <strong>Gutenberg Edit\u00f6r<\/strong> ile eklenmi\u015ftir.<\/p>\n\n\n<div style=\"color:var(--headColor);\" class=\"wp-block-safirtema-mainheading singleHeading mainHeading wp-block-safirtema-mainheading has-text-color\">\n\t<div class=\"inner\">\n\t\t<span class=\"safiricon icon\"><svg class=\"safiricon-begen\"><use href=\"#safiricon-begen\"><\/use><\/svg><\/span>\t\t<h2 class=\"text\">Prizma WordPress Temas\u0131<\/h2>\n\t<\/div>\n<\/div>\n\n\n<p>Lorem ipsum dolor sit amet, consetetur sadipscing elitr, sed diam nonumy eirmod tempor invidunt ut labore et dolore magna aliquyam erat, sed diam voluptua. At vero eos et accusam et justo duo dolores et ea rebum. Stet clita kasd gubergren, no sea takimata sanctus est Lorem ipsum dolor sit amet. Lorem ipsum dolor sit amet, consetetur sadipscing elitr, sed diam nonumy eirmod tempor invidunt ut labore et dolore magna aliquyam erat, sed diam voluptua.&nbsp;<strong>At vero eos et accusam et justo duo dolores<\/strong>&nbsp;et ea rebum. Stet clita kasd gubergren, no sea takimata sanctus est Lorem ipsum dolor sit amet. Lorem ipsum dolor sit amet, consetetur sadipscing elitr, sed diam nonumy eirmod tempor invidunt ut labore et dolore magna aliquyam erat, sed diam voluptua. At vero eos et accusam et justo duo dolores et ea rebum. Stet clita kasd gubergren, no sea takimata sanctus est&nbsp;<a href=\"http:\/\/safirdemo.com\/denge\/hakkimizda\/#\">Lorem ipsum<\/a>&nbsp;dolor sit amet.<\/p>\n\n\n<div style=\"color:var(--headColor);\" class=\"wp-block-safirtema-mainheading singleHeading mainHeading wp-block-safirtema-mainheading has-text-color\">\n\t<div class=\"inner\">\n\t\t<span class=\"safiricon icon\"><svg class=\"safiricon-destek\"><use href=\"#safiricon-destek\"><\/use><\/svg><\/span>\t\t<div class=\"text\">7&#215;24 Teknik Destek<\/div>\n\t<\/div>\n<\/div>\n\n\n<ul class=\"wp-block-list safir-list\">\n<li>At vero eos et accusam et justo duo dolores et ea rebum. <\/li>\n\n\n\n<li>Stet clita kasd gubergren, no sea takimata sanctus est. <\/li>\n\n\n\n<li>Lorem ipsum dolor sit amet. <\/li>\n\n\n\n<li>Lorem ipsum dolor sit amet, consetetur sadipscing elitr.<\/li>\n<\/ul>\n\n\n\n<p>Lorem ipsum dolor sit amet. Lorem ipsum dolor sit amet, consetetur sadipscing elitr. Lorem ipsum dolor sit amet. Lorem ipsum dolor sit amet, consetetur sadipscing elitr.<\/p>\n\n\n<div style=\"color:var(--headColor);\" class=\"wp-block-safirtema-mainheading singleHeading mainHeading wp-block-safirtema-mainheading has-text-color\">\n\t<div class=\"inner\">\n\t\t<span class=\"safiricon icon\"><svg class=\"safiricon-soru\"><use href=\"#safiricon-soru\"><\/use><\/svg><\/span>\t\t<div class=\"text\">S\u0131k\u00e7a Sorulanlar<\/div>\n\t<\/div>\n<\/div>\n\n<div class=\"wp-block-safirtema-safirfaqgroup\">\n\t\n<div class=\"wp-block-safirtema-sorucevap answer safir-faq wp-block-safirtema-sorucevap\">\n\t<div class=\"question\">\n\t\t<div class=\"openclose\">\n\t\t\t<span class=\"themeicon icon\"><svg class=\"themeicon-plus\"><use href=\"#safiricon-tema--plus\"><\/use><\/svg><\/span><span class=\"themeicon icon\"><svg class=\"themeicon-minus\"><use href=\"#safiricon-tema--minus\"><\/use><\/svg><\/span>\t\t<\/div>\n\t\t<span class=\"text\">At vero eos et accusam et justo duo dolores et ea rebum?<\/span>\n\t<\/div>\n\t<p class=\"answer\">Stet clita kasd gubergren, no sea takimata sanctus est Lorem ipsum dolor sit amet. Lorem ipsum dolor sit amet, consetetur sadipscing elitr, sed diam nonumy eirmod tempor invidunt ut labore et dolore magna aliquyam erat, sed diam voluptua. <strong>At vero eos et accusam<\/strong> et justo duo dolores et ea rebum. Stet clita kasd gubergren, no sea takimata sanctus est Lorem ipsum dolor sit amet. Lorem ipsum dolor sit amet, consetetur sadipscing elitr, At accusam aliquyam diam diam <a href=\"#\">dolore dolores<\/a> duo eirmod eos erat, et nonumy sed tempor et et invidunt justo labore Stet clita ea et gubergren, kasd magna no rebum. sanctus sea sed takimata ut vero voluptua. est Lorem ipsum dolor sit amet. Lorem ipsum dolor sit amet, consetetur sadipscing elitr, sed diam nonumy eirmod tempor invidunt ut labore et dolore magna aliquyam erat.<\/p>\n<\/div>\n\n<div class=\"wp-block-safirtema-sorucevap answer safir-faq wp-block-safirtema-sorucevap\">\n\t<div class=\"question\">\n\t\t<div class=\"openclose\">\n\t\t\t<span class=\"themeicon icon\"><svg class=\"themeicon-plus\"><use href=\"#safiricon-tema--plus\"><\/use><\/svg><\/span><span class=\"themeicon icon\"><svg class=\"themeicon-minus\"><use href=\"#safiricon-tema--minus\"><\/use><\/svg><\/span>\t\t<\/div>\n\t\t<span class=\"text\">Stet clita kasd gubergren?<\/span>\n\t<\/div>\n\t<p class=\"answer\">No sea takimata sanctus est Lorem ipsum dolor sit amet. Lorem ipsum dolor sit amet, consetetur sadipscing elitr, sed diam nonumy eirmod tempor invidunt ut labore et dolore magna aliquyam erat, sed diam voluptua. At vero eos et accusam et justo duo dolores et ea rebum. Stet clita kasd gubergren, no sea takimata sanctus est Lorem ipsum dolor sit amet. Lorem ipsum dolor sit amet, consetetur sadipscing elitr, At accusam aliquyam diam diam dolore dolores duo eirmod eos erat, et nonumy sed tempor et et invidunt justo labore Stet clita ea et gubergren, kasd magna no rebum. sanctus sea sed takimata ut vero voluptua. est Lorem ipsum dolor sit amet. Lorem ipsum dolor sit amet, consetetur sadipscing elitr, sed diam nonumy eirmod tempor invidunt ut labore et dolore magna aliquyam erat.<\/p>\n<\/div>\n<\/div>\n\n\n<p>At vero eos et accusam et justo duo dolores et ea rebum. Stet clita kasd gubergren, no sea takimata sanctus est Lorem ipsum dolor sit amet. Lorem ipsum dolor sit amet, consetetur sadipscing elitr, sed diam nonumy eirmod tempor invidunt ut labore et dolore magna aliquyam erat, sed diam voluptua. At vero eos et accusam et justo duo dolores et ea rebum.<\/p>\n\n\n<div class=\"wp-block-safirtema-bgtext content descriptionbox wp-block-safirtema-bgtext\">\n\t<div class=\"descriptionbox\" style=\"background-image: url(https:\/\/safirdemo.com\/prizma\/wp-content\/uploads\/2023\/06\/slider1-2.jpg)\">\n\t\t<div class=\"inner\">\n\t\t\t<span class=\"safiricon icon\"><svg class=\"safiricon-tac\"><use href=\"#safiricon-tac\"><\/use><\/svg><\/span>\t\t\t<div class=\"detail\">\n\t\t\t\t<div class=\"header\">B\u00fcy\u00fck A\u00e7\u0131klama Kutusu<\/div>\n\t\t\t\t\t\t\t<\/div>\n\t\t<\/div>\n\t<\/div>\n<\/div>\n\n\n\n<p>Stet clita kasd gubergren, no sea takimata sanctus est Lorem ipsum dolor sit amet. Lorem ipsum dolor sit amet, consetetur sadipscing elitr, At accusam aliquyam diam diam dolore dolores duo eirmod eos erat, et nonumy sed tempor et et invidunt justo labore Stet clita ea et gubergren, kasd magna no rebum. sanctus sea sed takimata ut vero voluptua. est Lorem ipsum dolor sit amet. Lorem ipsum dolor sit amet, consetetur sadipscing elitr, sed diam nonumy eirmod tempor invidunt ut labore et dolore magna aliquyam erat.<\/p>\n\n\n<div style=\"justify-content:left\" class=\"wp-block-safirtema-safirbuttongroup\">\n  \n<div class=\"wp-block-safirtema-safirbutton safirButton wp-block-safirtema-safirbutton\">\n\t<a href=\"#\" rel=\"external\">\n\t\t<span class=\"safiricon icon\"><svg class=\"safiricon-bayrak\"><use href=\"#safiricon-bayrak\"><\/use><\/svg><\/span>\t\t<div class=\"text\">Edit\u00f6rden Eklenebilen \u0130konlu Button<\/div>\n\t<\/a>\n<\/div>\n\n<div class=\"wp-block-safirtema-safirbutton safirButton alt is-style-secondary wp-block-safirtema-safirbutton\">\n\t<a href=\"#\" rel=\"external\">\n\t\t<span class=\"safiricon icon\"><svg class=\"safiricon-arti\"><use href=\"#safiricon-arti\"><\/use><\/svg><\/span>\t\t<div class=\"text\">Safir \u0130konlu Button<\/div>\n\t<\/a>\n<\/div>\n\n<div class=\"wp-block-safirtema-safirbutton safirButton alt wp-block-safirtema-safirbutton\">\n\t<a href=\"#\" rel=\"external\">\n\t\t\t\t<div class=\"text\">Edit\u00f6rden Eklenebilen Button<\/div>\n\t<\/a>\n<\/div>\n<\/div>\n\n\n<p>No sea takimata sanctus est Lorem ipsum dolor sit amet. Lorem ipsum dolor sit amet, consetetur sadipscing elitr, sed diam nonumy eirmod tempor invidunt ut labore et dolore magna aliquyam erat, sed diam voluptua. At vero eos et accusam et justo duo dolores et ea rebum. Stet clita kasd gubergren, no sea takimata sanctus est Lorem ipsum dolor sit amet. Lorem ipsum dolor sit amet, consetetur sadipscing elitr, At accusam aliquyam diam diam dolore dolores duo eirmod eos erat, et nonumy sed tempor et et invidunt justo labore Stet clita ea et gubergren, kasd magna no rebum. sanctus sea sed takimata ut vero voluptua. est Lorem ipsum dolor sit amet. Lorem ipsum dolor sit amet, consetetur sadipscing elitr, sed diam nonumy eirmod tempor invidunt ut labore et dolore magna aliquyam erat.<\/p>\n\n\n\n<div class=\"wp-block-columns is-layout-flex wp-container-core-columns-is-layout-9d6595d7 wp-block-columns-is-layout-flex\">\n<div class=\"wp-block-column is-layout-flow wp-block-column-is-layout-flow\"><div style=\"color:var(--headColor);\" class=\"wp-block-safirtema-mainheading singleHeading mainHeading wp-block-safirtema-mainheading has-text-color\">\n\t<div class=\"inner\">\n\t\t<span class=\"safiricon icon\"><svg class=\"safiricon-lamba\"><use href=\"#safiricon-lamba\"><\/use><\/svg><\/span>\t\t<div class=\"text\">Misyonumuz<\/div>\n\t<\/div>\n<\/div>\n\n\n<p>No sea takimata sanctus est Lorem ipsum dolor sit amet. Lorem ipsum dolor sit amet, consetetur sadipscing elitr, sed diam nonumy eirmod tempor invidunt ut labore et dolore magna aliquyam erat, sed diam voluptua. At vero eos et accusam et justo duo dolores et ea rebum. <\/p>\n<\/div>\n\n\n\n<div class=\"wp-block-column is-layout-flow wp-block-column-is-layout-flow\"><div style=\"color:var(--headColor);\" class=\"wp-block-safirtema-mainheading singleHeading mainHeading wp-block-safirtema-mainheading has-text-color\">\n\t<div class=\"inner\">\n\t\t<span class=\"safiricon icon\"><svg class=\"safiricon-dunya\"><use href=\"#safiricon-dunya\"><\/use><\/svg><\/span>\t\t<div class=\"text\">Vizyonumuz<\/div>\n\t<\/div>\n<\/div>\n\n\n<p>No sea takimata sanctus est Lorem ipsum dolor sit amet. Lorem ipsum dolor sit amet, consetetur sadipscing elitr, sed diam nonumy eirmod tempor invidunt ut labore et dolore magna aliquyam erat, sed diam voluptua. At vero eos et accusam et justo duo dolores et ea rebum.<\/p>\n<\/div>\n<\/div>\n\n\n<div style=\"color:var(--headColor);\" class=\"wp-block-safirtema-mainheading has-text-color\">\n\t<div class=\"inner\">\n\t\t<span class=\"safiricon icon\"><svg class=\"safiricon-paylas\"><use href=\"#safiricon-paylas\"><\/use><\/svg><\/span>\t\t<div class=\"text\">Sosyal Medya Hesaplar\u0131m\u0131z<\/div>\n\t<\/div>\n<\/div>\n\n\t\t<ul class=\"safirSocial\">\n\t\t\t<li class=\"facebook\"><a rel=\"external\" href=\"#\" title=\"Sitemizi Facebook \u00fczerinden takip edin\"><span class=\"themeicon icon\"><svg class=\"themeicon-facebook\"><use href=\"#safiricon-tema--facebook\"><\/use><\/svg><\/span><\/a><\/li><li class=\"twitter\"><a rel=\"external\" href=\"#\" title=\"Sitemizi Twitter \u00fczerinden takip edin\"><span class=\"themeicon icon\"><svg class=\"themeicon-twitter\"><use href=\"#safiricon-tema--twitter\"><\/use><\/svg><\/span><\/a><\/li><li class=\"instagram\"><a rel=\"external\" href=\"#\" title=\"Sitemizi Instagram \u00fczerinden takip edin\"><span class=\"themeicon icon\"><svg class=\"themeicon-instagram\"><use href=\"#safiricon-tema--instagram\"><\/use><\/svg><\/span><\/a><\/li><li class=\"linkedin\"><a rel=\"external\" href=\"#\" title=\"Sitemizi Linkedin \u00fczerinden takip edin\"><span class=\"themeicon icon\"><svg class=\"themeicon-linkedin\"><use href=\"#safiricon-tema--linkedin\"><\/use><\/svg><\/span><\/a><\/li><li class=\"youtube\"><a rel=\"external\" href=\"#\" title=\"Sitemizi Youtube \u00fczerinden takip edin\"><span class=\"themeicon icon\"><svg class=\"themeicon-youtube\"><use href=\"#safiricon-tema--youtube\"><\/use><\/svg><\/span><\/a><\/li><li class=\"pinterest\"><a rel=\"external\" href=\"#\" title=\"Sitemizi Pinterest \u00fczerinden takip edin\"><span class=\"themeicon icon\"><svg class=\"themeicon-pinterest\"><use href=\"#safiricon-tema--pinterest\"><\/use><\/svg><\/span><\/a><\/li><li class=\"whatsapp\"><a rel=\"external\" href=\"#\" title=\"Sitemizi Whatsapp \u00fczerinden takip edin\"><span class=\"themeicon icon\"><svg class=\"themeicon-whatsapp\"><use href=\"#safiricon-tema--whatsapp\"><\/use><\/svg><\/span><\/a><\/li><li class=\"tiktok\"><a rel=\"external\" href=\"#\" title=\"Sitemizi Tiktok \u00fczerinden takip edin\"><span class=\"themeicon icon\"><svg class=\"themeicon-tiktok\"><use href=\"#safiricon-tema--tiktok\"><\/use><\/svg><\/span><\/a><\/li>\t\t<\/ul>\n\t\t\n","protected":false},"excerpt":{"rendered":"<p>Bu sayfadaki t\u00fcm i\u00e7erikler Gutenberg Edit\u00f6r ile eklenmi\u015ftir. Lorem ipsum dolor sit amet, consetetur sadipscing elitr, sed diam nonumy eirmod tempor invidunt ut labore et dolore magna aliquyam erat, sed diam voluptua. At vero eos et accusam et justo duo dolores et ea rebum. Stet clita kasd gubergren, no sea takimata sanctus est Lorem ipsum [&hellip;]<\/p>\n","protected":false},"author":1,"featured_media":0,"parent":0,"menu_order":0,"comment_status":"closed","ping_status":"closed","template":"","meta":{"footnotes":""},"class_list":["post-82","page","type-page","status-publish","hentry"],"_links":{"self":[{"href":"https:\/\/safirdemo.com\/prizma\/wp-json\/wp\/v2\/pages\/82","targetHints":{"allow":["GET"]}}],"collection":[{"href":"https:\/\/safirdemo.com\/prizma\/wp-json\/wp\/v2\/pages"}],"about":[{"href":"https:\/\/safirdemo.com\/prizma\/wp-json\/wp\/v2\/types\/page"}],"author":[{"embeddable":true,"href":"https:\/\/safirdemo.com\/prizma\/wp-json\/wp\/v2\/users\/1"}],"replies":[{"embeddable":true,"href":"https:\/\/safirdemo.com\/prizma\/wp-json\/wp\/v2\/comments?post=82"}],"version-history":[{"count":4,"href":"https:\/\/safirdemo.com\/prizma\/wp-json\/wp\/v2\/pages\/82\/revisions"}],"predecessor-version":[{"id":756,"href":"https:\/\/safirdemo.com\/prizma\/wp-json\/wp\/v2\/pages\/82\/revisions\/756"}],"wp:attachment":[{"href":"https:\/\/safirdemo.com\/prizma\/wp-json\/wp\/v2\/media?parent=82"}],"curies":[{"name":"wp","href":"https:\/\/api.w.org\/{rel}","templated":true}]}}