{"id":11,"date":"2026-02-19T14:43:47","date_gmt":"2026-02-19T11:43:47","guid":{"rendered":"http:\/\/demo.safirtema.com\/pusula\/?page_id=11"},"modified":"2026-03-09T15:01:17","modified_gmt":"2026-03-09T12:01:17","slug":"cozum-ortaklarimiz","status":"publish","type":"page","link":"https:\/\/safirdemo.com\/pusula\/cozum-ortaklarimiz\/","title":{"rendered":"\u00c7\u00f6z\u00fcm Ortaklar\u0131m\u0131z"},"content":{"rendered":"\n<p>Referanslar sayfa \u015fablonu sayesinde&nbsp;standart bir wordpress galerisini a\u015fa\u011f\u0131daki formatta g\u00f6sterebilir ve bu sayfay\u0131 referanslar\/\u00e7\u00f6z\u00fcm ortaklar\u0131 gibi bir formata sokabilirsiniz.<\/p>\n\n\n\n<figure class=\"wp-block-gallery has-nested-images columns-3 wp-block-gallery-1 is-layout-flex wp-block-gallery-is-layout-flex\">\n<figure class=\"wp-block-image size-full\"><img loading=\"lazy\" decoding=\"async\" width=\"2000\" height=\"285\" data-id=\"27\" src=\"https:\/\/safirdemo.com\/pusula\/wp-content\/uploads\/shimano.png\" alt=\"\" class=\"wp-image-27\"\/><\/figure>\n\n\n\n<figure class=\"wp-block-image size-full\"><img loading=\"lazy\" decoding=\"async\" width=\"475\" height=\"90\" data-id=\"24\" src=\"https:\/\/safirdemo.com\/pusula\/wp-content\/uploads\/carraro.png\" alt=\"\" class=\"wp-image-24\"\/><\/figure>\n\n\n\n<figure class=\"wp-block-image size-full\"><img loading=\"lazy\" decoding=\"async\" width=\"2000\" height=\"196\" data-id=\"23\" src=\"https:\/\/safirdemo.com\/pusula\/wp-content\/uploads\/cannondale.png\" alt=\"\" class=\"wp-image-23\"\/><\/figure>\n\n\n\n<figure class=\"wp-block-image size-full\"><img loading=\"lazy\" decoding=\"async\" width=\"2232\" height=\"651\" data-id=\"25\" src=\"https:\/\/safirdemo.com\/pusula\/wp-content\/uploads\/decathlon.png\" alt=\"\" class=\"wp-image-25\"\/><\/figure>\n\n\n\n<figure class=\"wp-block-image size-full\"><img loading=\"lazy\" decoding=\"async\" width=\"696\" height=\"138\" data-id=\"26\" src=\"https:\/\/safirdemo.com\/pusula\/wp-content\/uploads\/ritchey.png\" alt=\"\" class=\"wp-image-26\"\/><\/figure>\n\n\n\n<figure class=\"wp-block-image size-full\"><img loading=\"lazy\" decoding=\"async\" width=\"1000\" height=\"272\" data-id=\"28\" src=\"https:\/\/safirdemo.com\/pusula\/wp-content\/uploads\/velo.png\" alt=\"\" class=\"wp-image-28\"\/><\/figure>\n\n\n\n<figure class=\"wp-block-image size-full\"><img loading=\"lazy\" decoding=\"async\" width=\"800\" height=\"160\" data-id=\"21\" src=\"https:\/\/safirdemo.com\/pusula\/wp-content\/uploads\/arisun.png\" alt=\"\" class=\"wp-image-21\"\/><\/figure>\n\n\n\n<figure class=\"wp-block-image size-full\"><img loading=\"lazy\" decoding=\"async\" width=\"550\" height=\"101\" data-id=\"31\" src=\"https:\/\/safirdemo.com\/pusula\/wp-content\/uploads\/vittoria.png\" alt=\"\" class=\"wp-image-31\"\/><\/figure>\n\n\n\n<figure class=\"wp-block-image size-full\"><img loading=\"lazy\" decoding=\"async\" width=\"1998\" height=\"757\" data-id=\"22\" src=\"https:\/\/safirdemo.com\/pusula\/wp-content\/uploads\/btwin.png\" alt=\"\" class=\"wp-image-22\"\/><\/figure>\n<\/figure>\n\n\n\n<p>Ayr\u0131ca a\u015fa\u011f\u0131daki gibi bir listeleme de yapman\u0131z m\u00fcmk\u00fcn:<\/p>\n\n\n<div style=\"color:var(--headColor);\" class=\"wp-block-safirtema-mainheading has-text-color\">\n\t<div class=\"mainHeading\">\n\t\t<span class=\"safiricon icon\"><svg class=\"safiricon-anlasma\"><use href=\"#safiricon-anlasma\"><\/use><\/svg><\/span>\t\t<div class=\"text\">\u00dcr\u00fcnlerimizi Bulabilece\u011finiz Ma\u011fazalar<\/div>\n\t<\/div>\n<\/div>\n\n\n<ul class=\"wp-block-list safir-list is-style-col3\">\n<li>Decathlon<\/li>\n\n\n\n<li>Intersport<\/li>\n\n\n\n<li>Ender Sports<\/li>\n\n\n\n<li>Do\u011fan Bisiklet<\/li>\n\n\n\n<li>Tempo Sporculuk<\/li>\n\n\n\n<li>Rookie<\/li>\n<\/ul>\n","protected":false},"excerpt":{"rendered":"<p>Referanslar sayfa \u015fablonu sayesinde&nbsp;standart bir wordpress galerisini a\u015fa\u011f\u0131daki formatta g\u00f6sterebilir ve bu sayfay\u0131 referanslar\/\u00e7\u00f6z\u00fcm ortaklar\u0131 gibi bir formata sokabilirsiniz. Ayr\u0131ca a\u015fa\u011f\u0131daki gibi bir listeleme de yapman\u0131z m\u00fcmk\u00fcn:<\/p>\n","protected":false},"author":1,"featured_media":0,"parent":0,"menu_order":0,"comment_status":"closed","ping_status":"closed","template":"pages\/page-references.php","meta":{"footnotes":""},"class_list":["post-11","page","type-page","status-publish","hentry"],"_links":{"self":[{"href":"https:\/\/safirdemo.com\/pusula\/wp-json\/wp\/v2\/pages\/11","targetHints":{"allow":["GET"]}}],"collection":[{"href":"https:\/\/safirdemo.com\/pusula\/wp-json\/wp\/v2\/pages"}],"about":[{"href":"https:\/\/safirdemo.com\/pusula\/wp-json\/wp\/v2\/types\/page"}],"author":[{"embeddable":true,"href":"https:\/\/safirdemo.com\/pusula\/wp-json\/wp\/v2\/users\/1"}],"replies":[{"embeddable":true,"href":"https:\/\/safirdemo.com\/pusula\/wp-json\/wp\/v2\/comments?post=11"}],"version-history":[{"count":13,"href":"https:\/\/safirdemo.com\/pusula\/wp-json\/wp\/v2\/pages\/11\/revisions"}],"predecessor-version":[{"id":514,"href":"https:\/\/safirdemo.com\/pusula\/wp-json\/wp\/v2\/pages\/11\/revisions\/514"}],"wp:attachment":[{"href":"https:\/\/safirdemo.com\/pusula\/wp-json\/wp\/v2\/media?parent=11"}],"curies":[{"name":"wp","href":"https:\/\/api.w.org\/{rel}","templated":true}]}}