{"id":14,"date":"2026-02-19T14:43:43","date_gmt":"2026-02-19T11:43:43","guid":{"rendered":"http:\/\/demo.safirtema.com\/pusula\/?page_id=14"},"modified":"2026-03-09T15:00:02","modified_gmt":"2026-03-09T12:00:02","slug":"foto-galeri","status":"publish","type":"page","link":"https:\/\/safirdemo.com\/pusula\/foto-galeri\/","title":{"rendered":"Foto Galeri"},"content":{"rendered":"<div style=\"color:var(--headColor);\" class=\"wp-block-safirtema-mainheading has-text-color\">\n\t<div class=\"mainHeading\">\n\t\t<span class=\"safiricon icon\"><svg class=\"safiricon-foto\"><use href=\"#safiricon-foto\"><\/use><\/svg><\/span>\t\t<div class=\"text\">Foto Galeri<\/div>\n\t<\/div>\n<\/div>\n\n\n<p>Bu sayfada Lightbox \u015feklinde a\u00e7\u0131lan bir galeri g\u00f6receksiniz. Lightbox \u00f6zelli\u011fi temaya entegre olarak gelmektedir. Herhangi bir eklenti y\u00fcklemenize gerek yoktur.&nbsp;<a href=\"https:\/\/safirdemo.com\/pusula\/?page_id=68\">Sertifikalar\u0131m\u0131z<\/a>&nbsp;sayfas\u0131nda lighbox yerine harici sayfada a\u00e7\u0131lan bir galeriyi de inceleyebilirsiniz.<\/p>\n\n\n\n<figure class=\"wp-block-gallery has-nested-images columns-4 is-cropped wp-block-gallery-1 is-layout-flex wp-block-gallery-is-layout-flex\">\n<figure class=\"wp-block-image size-full\"><a href=\"https:\/\/safirdemo.com\/pusula\/wp-content\/uploads\/Fabrika-01.jpg\"><img loading=\"lazy\" decoding=\"async\" width=\"970\" height=\"450\" data-id=\"80\" src=\"https:\/\/safirdemo.com\/pusula\/wp-content\/uploads\/Fabrika-01.jpg\" alt=\"\" class=\"wp-image-80\" style=\"aspect-ratio:1\"\/><\/a><\/figure>\n\n\n\n<figure class=\"wp-block-image size-full\"><a href=\"https:\/\/safirdemo.com\/pusula\/wp-content\/uploads\/Fabrika-02.jpg\"><img loading=\"lazy\" decoding=\"async\" width=\"800\" height=\"531\" data-id=\"81\" src=\"https:\/\/safirdemo.com\/pusula\/wp-content\/uploads\/Fabrika-02.jpg\" alt=\"\" class=\"wp-image-81\" style=\"aspect-ratio:1\"\/><\/a><\/figure>\n\n\n\n<figure class=\"wp-block-image size-full\"><a href=\"https:\/\/safirdemo.com\/pusula\/wp-content\/uploads\/Fabrika-03.jpg\"><img loading=\"lazy\" decoding=\"async\" width=\"960\" height=\"400\" data-id=\"82\" src=\"https:\/\/safirdemo.com\/pusula\/wp-content\/uploads\/Fabrika-03.jpg\" alt=\"\" class=\"wp-image-82\" style=\"aspect-ratio:1\"\/><\/a><\/figure>\n\n\n\n<figure class=\"wp-block-image size-full\"><a href=\"https:\/\/safirdemo.com\/pusula\/wp-content\/uploads\/Fabrika-04.jpg\"><img loading=\"lazy\" decoding=\"async\" width=\"800\" height=\"600\" data-id=\"83\" src=\"https:\/\/safirdemo.com\/pusula\/wp-content\/uploads\/Fabrika-04.jpg\" alt=\"\" class=\"wp-image-83\" style=\"aspect-ratio:1\"\/><\/a><\/figure>\n\n\n\n<figure class=\"wp-block-image size-full\"><a href=\"https:\/\/safirdemo.com\/pusula\/wp-content\/uploads\/Fabrika-05.jpg\"><img loading=\"lazy\" decoding=\"async\" width=\"800\" height=\"600\" data-id=\"84\" src=\"https:\/\/safirdemo.com\/pusula\/wp-content\/uploads\/Fabrika-05.jpg\" alt=\"\" class=\"wp-image-84\" style=\"aspect-ratio:1\"\/><\/a><\/figure>\n\n\n\n<figure class=\"wp-block-image size-full\"><a href=\"https:\/\/safirdemo.com\/pusula\/wp-content\/uploads\/Fabrika-06.jpg\"><img loading=\"lazy\" decoding=\"async\" width=\"630\" height=\"427\" data-id=\"85\" src=\"https:\/\/safirdemo.com\/pusula\/wp-content\/uploads\/Fabrika-06.jpg\" alt=\"\" class=\"wp-image-85\" style=\"aspect-ratio:1\"\/><\/a><\/figure>\n\n\n\n<figure class=\"wp-block-image size-full\"><a href=\"https:\/\/safirdemo.com\/pusula\/wp-content\/uploads\/Fabrika-07.jpg\"><img loading=\"lazy\" decoding=\"async\" width=\"2400\" height=\"1600\" data-id=\"86\" src=\"https:\/\/safirdemo.com\/pusula\/wp-content\/uploads\/Fabrika-07.jpg\" alt=\"\" class=\"wp-image-86\" style=\"aspect-ratio:1\"\/><\/a><\/figure>\n\n\n\n<figure class=\"wp-block-image size-full\"><a href=\"https:\/\/safirdemo.com\/pusula\/wp-content\/uploads\/Fabrika-08.jpg\"><img loading=\"lazy\" decoding=\"async\" width=\"1600\" height=\"1200\" data-id=\"87\" src=\"https:\/\/safirdemo.com\/pusula\/wp-content\/uploads\/Fabrika-08.jpg\" alt=\"\" class=\"wp-image-87\" style=\"aspect-ratio:1\"\/><\/a><\/figure>\n\n\n\n<figure class=\"wp-block-image size-full\"><a href=\"https:\/\/safirdemo.com\/pusula\/wp-content\/uploads\/Fabrika-09.jpg\"><img loading=\"lazy\" decoding=\"async\" width=\"634\" height=\"350\" data-id=\"88\" src=\"https:\/\/safirdemo.com\/pusula\/wp-content\/uploads\/Fabrika-09.jpg\" alt=\"\" class=\"wp-image-88\" style=\"aspect-ratio:1\"\/><\/a><\/figure>\n\n\n\n<figure class=\"wp-block-image size-full\"><a href=\"https:\/\/safirdemo.com\/pusula\/wp-content\/uploads\/Fabrika-10.jpg\"><img loading=\"lazy\" decoding=\"async\" width=\"709\" height=\"472\" data-id=\"89\" src=\"https:\/\/safirdemo.com\/pusula\/wp-content\/uploads\/Fabrika-10.jpg\" alt=\"\" class=\"wp-image-89\" style=\"aspect-ratio:1\"\/><\/a><\/figure>\n\n\n\n<figure class=\"wp-block-image size-full\"><a href=\"https:\/\/safirdemo.com\/pusula\/wp-content\/uploads\/Fabrika-11.jpg\"><img loading=\"lazy\" decoding=\"async\" width=\"525\" height=\"385\" data-id=\"90\" src=\"https:\/\/safirdemo.com\/pusula\/wp-content\/uploads\/Fabrika-11.jpg\" alt=\"\" class=\"wp-image-90\" style=\"aspect-ratio:1\"\/><\/a><\/figure>\n\n\n\n<figure class=\"wp-block-image size-full\"><a href=\"https:\/\/safirdemo.com\/pusula\/wp-content\/uploads\/Fabrika-12.jpg\"><img loading=\"lazy\" decoding=\"async\" width=\"800\" height=\"531\" data-id=\"91\" src=\"https:\/\/safirdemo.com\/pusula\/wp-content\/uploads\/Fabrika-12.jpg\" alt=\"\" class=\"wp-image-91\" style=\"aspect-ratio:1\"\/><\/a><\/figure>\n\n\n\n<figure class=\"wp-block-image size-full\"><a href=\"https:\/\/safirdemo.com\/pusula\/wp-content\/uploads\/Fabrika-13.jpg\"><img loading=\"lazy\" decoding=\"async\" width=\"1024\" height=\"683\" data-id=\"92\" src=\"https:\/\/safirdemo.com\/pusula\/wp-content\/uploads\/Fabrika-13.jpg\" alt=\"\" class=\"wp-image-92\" style=\"aspect-ratio:1\"\/><\/a><\/figure>\n\n\n\n<figure class=\"wp-block-image size-full\"><a href=\"https:\/\/safirdemo.com\/pusula\/wp-content\/uploads\/Fabrika-14.jpg\"><img loading=\"lazy\" decoding=\"async\" width=\"550\" height=\"368\" data-id=\"93\" src=\"https:\/\/safirdemo.com\/pusula\/wp-content\/uploads\/Fabrika-14.jpg\" alt=\"\" class=\"wp-image-93\" style=\"aspect-ratio:1\"\/><\/a><\/figure>\n\n\n\n<figure class=\"wp-block-image size-full\"><a href=\"https:\/\/safirdemo.com\/pusula\/wp-content\/uploads\/Fabrika-16.jpg\"><img loading=\"lazy\" decoding=\"async\" width=\"900\" height=\"400\" data-id=\"95\" src=\"https:\/\/safirdemo.com\/pusula\/wp-content\/uploads\/Fabrika-16.jpg\" alt=\"\" class=\"wp-image-95\" style=\"aspect-ratio:1\"\/><\/a><\/figure>\n<\/figure>\n","protected":false},"excerpt":{"rendered":"<p>Bu sayfada Lightbox \u015feklinde a\u00e7\u0131lan bir galeri g\u00f6receksiniz. Lightbox \u00f6zelli\u011fi temaya entegre olarak gelmektedir. Herhangi bir eklenti y\u00fcklemenize gerek yoktur.&nbsp;Sertifikalar\u0131m\u0131z&nbsp;sayfas\u0131nda lighbox yerine harici sayfada a\u00e7\u0131lan bir galeriyi de inceleyebilirsiniz.<\/p>\n","protected":false},"author":1,"featured_media":0,"parent":0,"menu_order":0,"comment_status":"closed","ping_status":"closed","template":"","meta":{"footnotes":""},"class_list":["post-14","page","type-page","status-publish","hentry"],"_links":{"self":[{"href":"https:\/\/safirdemo.com\/pusula\/wp-json\/wp\/v2\/pages\/14","targetHints":{"allow":["GET"]}}],"collection":[{"href":"https:\/\/safirdemo.com\/pusula\/wp-json\/wp\/v2\/pages"}],"about":[{"href":"https:\/\/safirdemo.com\/pusula\/wp-json\/wp\/v2\/types\/page"}],"author":[{"embeddable":true,"href":"https:\/\/safirdemo.com\/pusula\/wp-json\/wp\/v2\/users\/1"}],"replies":[{"embeddable":true,"href":"https:\/\/safirdemo.com\/pusula\/wp-json\/wp\/v2\/comments?post=14"}],"version-history":[{"count":6,"href":"https:\/\/safirdemo.com\/pusula\/wp-json\/wp\/v2\/pages\/14\/revisions"}],"predecessor-version":[{"id":511,"href":"https:\/\/safirdemo.com\/pusula\/wp-json\/wp\/v2\/pages\/14\/revisions\/511"}],"wp:attachment":[{"href":"https:\/\/safirdemo.com\/pusula\/wp-json\/wp\/v2\/media?parent=14"}],"curies":[{"name":"wp","href":"https:\/\/api.w.org\/{rel}","templated":true}]}}