{"id":15,"date":"2026-02-19T14:43:42","date_gmt":"2026-02-19T11:43:42","guid":{"rendered":"http:\/\/demo.safirtema.com\/pusula\/?page_id=15"},"modified":"2026-03-09T15:00:44","modified_gmt":"2026-03-09T12:00:44","slug":"ekibimiz","status":"publish","type":"page","link":"https:\/\/safirdemo.com\/pusula\/ekibimiz\/","title":{"rendered":"Ekibimiz"},"content":{"rendered":"<div style=\"color:var(--headColor);\" class=\"wp-block-safirtema-mainheading has-text-color\">\n\t<div class=\"mainHeading\">\n\t\t<span class=\"safiricon icon\"><svg class=\"safiricon-kurumsal\"><use href=\"#safiricon-kurumsal\"><\/use><\/svg><\/span>\t\t<div class=\"text\">Ekibimiz<\/div>\n\t<\/div>\n<\/div>\n\n\n<p>Ekibimiz sayfa \u015fablonu sayesinde&nbsp;standart bir wordpress galerisini a\u015fa\u011f\u0131daki formatta g\u00f6sterebilirsiniz:<\/p>\n\n\n\n<figure class=\"wp-block-gallery has-nested-images columns-4 is-cropped wp-block-gallery-1 is-layout-flex wp-block-gallery-is-layout-flex\">\n<figure class=\"wp-block-image size-full\"><img loading=\"lazy\" decoding=\"async\" width=\"900\" height=\"964\" data-id=\"108\" src=\"https:\/\/safirdemo.com\/pusula\/wp-content\/uploads\/personel1.jpg\" alt=\"\" class=\"wp-image-108\" style=\"aspect-ratio:1\"\/><\/figure>\n\n\n\n<figure class=\"wp-block-image size-full\"><img loading=\"lazy\" decoding=\"async\" width=\"200\" height=\"200\" data-id=\"110\" src=\"https:\/\/safirdemo.com\/pusula\/wp-content\/uploads\/personel3.jpg\" alt=\"\" class=\"wp-image-110\" style=\"aspect-ratio:1\"\/><\/figure>\n\n\n\n<figure class=\"wp-block-image size-full\"><img loading=\"lazy\" decoding=\"async\" width=\"512\" height=\"512\" data-id=\"109\" src=\"https:\/\/safirdemo.com\/pusula\/wp-content\/uploads\/personel2.jpeg\" alt=\"\" class=\"wp-image-109\" style=\"aspect-ratio:1\"\/><\/figure>\n\n\n\n<figure class=\"wp-block-image size-full\"><img loading=\"lazy\" decoding=\"async\" width=\"320\" height=\"320\" data-id=\"111\" src=\"https:\/\/safirdemo.com\/pusula\/wp-content\/uploads\/personel4.jpg\" alt=\"\" class=\"wp-image-111\" style=\"aspect-ratio:1\"\/><\/figure>\n\n\n\n<figure class=\"wp-block-image size-full\"><img loading=\"lazy\" decoding=\"async\" width=\"752\" height=\"796\" data-id=\"112\" src=\"https:\/\/safirdemo.com\/pusula\/wp-content\/uploads\/personel5.jpg\" alt=\"\" class=\"wp-image-112\" style=\"aspect-ratio:1\"\/><\/figure>\n\n\n\n<figure class=\"wp-block-image size-full\"><img loading=\"lazy\" decoding=\"async\" width=\"736\" height=\"981\" data-id=\"113\" src=\"https:\/\/safirdemo.com\/pusula\/wp-content\/uploads\/personel6.jpg\" alt=\"\" class=\"wp-image-113\" style=\"aspect-ratio:1\"\/><\/figure>\n\n\n\n<figure class=\"wp-block-image size-full\"><img loading=\"lazy\" decoding=\"async\" width=\"1000\" height=\"1066\" data-id=\"115\" src=\"https:\/\/safirdemo.com\/pusula\/wp-content\/uploads\/personel8.jpg\" alt=\"\" class=\"wp-image-115\" style=\"aspect-ratio:1\"\/><\/figure>\n\n\n\n<figure class=\"wp-block-image size-full\"><img loading=\"lazy\" decoding=\"async\" width=\"898\" height=\"641\" data-id=\"114\" src=\"https:\/\/safirdemo.com\/pusula\/wp-content\/uploads\/personel7.jpeg\" alt=\"\" class=\"wp-image-114\" style=\"aspect-ratio:1\"\/><\/figure>\n<\/figure>\n","protected":false},"excerpt":{"rendered":"<p>Ekibimiz sayfa \u015fablonu sayesinde&nbsp;standart bir wordpress galerisini a\u015fa\u011f\u0131daki formatta g\u00f6sterebilirsiniz:<\/p>\n","protected":false},"author":1,"featured_media":0,"parent":0,"menu_order":0,"comment_status":"closed","ping_status":"closed","template":"pages\/page-crew.php","meta":{"footnotes":""},"class_list":["post-15","page","type-page","status-publish","hentry"],"_links":{"self":[{"href":"https:\/\/safirdemo.com\/pusula\/wp-json\/wp\/v2\/pages\/15","targetHints":{"allow":["GET"]}}],"collection":[{"href":"https:\/\/safirdemo.com\/pusula\/wp-json\/wp\/v2\/pages"}],"about":[{"href":"https:\/\/safirdemo.com\/pusula\/wp-json\/wp\/v2\/types\/page"}],"author":[{"embeddable":true,"href":"https:\/\/safirdemo.com\/pusula\/wp-json\/wp\/v2\/users\/1"}],"replies":[{"embeddable":true,"href":"https:\/\/safirdemo.com\/pusula\/wp-json\/wp\/v2\/comments?post=15"}],"version-history":[{"count":11,"href":"https:\/\/safirdemo.com\/pusula\/wp-json\/wp\/v2\/pages\/15\/revisions"}],"predecessor-version":[{"id":513,"href":"https:\/\/safirdemo.com\/pusula\/wp-json\/wp\/v2\/pages\/15\/revisions\/513"}],"wp:attachment":[{"href":"https:\/\/safirdemo.com\/pusula\/wp-json\/wp\/v2\/media?parent=15"}],"curies":[{"name":"wp","href":"https:\/\/api.w.org\/{rel}","templated":true}]}}