{"id":23,"date":"2026-03-03T13:20:43","date_gmt":"2026-03-03T10:20:43","guid":{"rendered":"http:\/\/demo.safirtema.com\/rota\/?page_id=23"},"modified":"2026-03-10T09:37:00","modified_gmt":"2026-03-10T06:37:00","slug":"cozum-ortaklari","status":"publish","type":"page","link":"https:\/\/safirdemo.com\/rota\/cozum-ortaklari\/","title":{"rendered":"\u00c7\u00f6z\u00fcm Ortaklar\u0131"},"content":{"rendered":"\n<figure class=\"wp-block-gallery has-nested-images columns-default wp-block-gallery-1 is-layout-flex wp-block-gallery-is-layout-flex\">\n<figure class=\"wp-block-image size-full\"><img loading=\"lazy\" decoding=\"async\" width=\"1193\" height=\"300\" data-id=\"24\" src=\"https:\/\/safirdemo.com\/rota\/wp-content\/uploads\/adobe.png\" alt=\"\" class=\"wp-image-24\"\/><\/figure>\n\n\n\n<figure class=\"wp-block-image size-full\"><img loading=\"lazy\" decoding=\"async\" width=\"1253\" height=\"277\" data-id=\"25\" src=\"https:\/\/safirdemo.com\/rota\/wp-content\/uploads\/brother.png\" alt=\"\" class=\"wp-image-25\"\/><\/figure>\n\n\n\n<figure class=\"wp-block-image size-full\"><img loading=\"lazy\" decoding=\"async\" width=\"715\" height=\"150\" data-id=\"26\" src=\"https:\/\/safirdemo.com\/rota\/wp-content\/uploads\/canon.png\" alt=\"\" class=\"wp-image-26\"\/><\/figure>\n\n\n\n<figure class=\"wp-block-image size-full\"><img loading=\"lazy\" decoding=\"async\" width=\"1334\" height=\"300\" data-id=\"27\" src=\"https:\/\/safirdemo.com\/rota\/wp-content\/uploads\/epson.png\" alt=\"\" class=\"wp-image-27\"\/><\/figure>\n\n\n\n<figure class=\"wp-block-image size-full\"><img loading=\"lazy\" decoding=\"async\" width=\"563\" height=\"222\" data-id=\"28\" src=\"https:\/\/safirdemo.com\/rota\/wp-content\/uploads\/hp.png\" alt=\"\" class=\"wp-image-28\"\/><\/figure>\n\n\n\n<figure class=\"wp-block-image size-full\"><img loading=\"lazy\" decoding=\"async\" width=\"1400\" height=\"300\" data-id=\"29\" src=\"https:\/\/safirdemo.com\/rota\/wp-content\/uploads\/kyocera.png\" alt=\"\" class=\"wp-image-29\"\/><\/figure>\n\n\n\n<figure class=\"wp-block-image size-full\"><img loading=\"lazy\" decoding=\"async\" width=\"1112\" height=\"278\" data-id=\"30\" src=\"https:\/\/safirdemo.com\/rota\/wp-content\/uploads\/lexmark.png\" alt=\"\" class=\"wp-image-30\"\/><\/figure>\n\n\n\n<figure class=\"wp-block-image size-full\"><img loading=\"lazy\" decoding=\"async\" width=\"923\" height=\"300\" data-id=\"31\" src=\"https:\/\/safirdemo.com\/rota\/wp-content\/uploads\/navigator.png\" alt=\"\" class=\"wp-image-31\"\/><\/figure>\n\n\n\n<figure class=\"wp-block-image size-full\"><img loading=\"lazy\" decoding=\"async\" width=\"536\" height=\"150\" data-id=\"32\" src=\"https:\/\/safirdemo.com\/rota\/wp-content\/uploads\/xerox.png\" alt=\"\" class=\"wp-image-32\"\/><\/figure>\n<\/figure>\n","protected":false},"excerpt":{"rendered":"","protected":false},"author":1,"featured_media":0,"parent":0,"menu_order":0,"comment_status":"closed","ping_status":"closed","template":"pages\/page-references.php","meta":{"footnotes":""},"class_list":["post-23","page","type-page","status-publish","hentry"],"_links":{"self":[{"href":"https:\/\/safirdemo.com\/rota\/wp-json\/wp\/v2\/pages\/23","targetHints":{"allow":["GET"]}}],"collection":[{"href":"https:\/\/safirdemo.com\/rota\/wp-json\/wp\/v2\/pages"}],"about":[{"href":"https:\/\/safirdemo.com\/rota\/wp-json\/wp\/v2\/types\/page"}],"author":[{"embeddable":true,"href":"https:\/\/safirdemo.com\/rota\/wp-json\/wp\/v2\/users\/1"}],"replies":[{"embeddable":true,"href":"https:\/\/safirdemo.com\/rota\/wp-json\/wp\/v2\/comments?post=23"}],"version-history":[{"count":5,"href":"https:\/\/safirdemo.com\/rota\/wp-json\/wp\/v2\/pages\/23\/revisions"}],"predecessor-version":[{"id":390,"href":"https:\/\/safirdemo.com\/rota\/wp-json\/wp\/v2\/pages\/23\/revisions\/390"}],"wp:attachment":[{"href":"https:\/\/safirdemo.com\/rota\/wp-json\/wp\/v2\/media?parent=23"}],"curies":[{"name":"wp","href":"https:\/\/api.w.org\/{rel}","templated":true}]}}