{"id":79,"date":"2026-03-03T20:23:20","date_gmt":"2026-03-03T17:23:20","guid":{"rendered":"http:\/\/demo.safirtema.com\/rota\/?page_id=79"},"modified":"2026-02-11T21:28:19","modified_gmt":"2026-02-11T18:28:19","slug":"tema-videolari","status":"publish","type":"page","link":"https:\/\/safirdemo.com\/rota\/tema-videolari\/","title":{"rendered":"Tema Videolar\u0131"},"content":{"rendered":"\n<figure class=\"wp-block-embed is-type-video is-provider-youtube wp-block-embed-youtube wp-embed-aspect-16-9 wp-has-aspect-ratio\"><div class=\"wp-block-embed__wrapper\">\n<iframe loading=\"lazy\" title=\"Kurumsal Temalarda Gutenberg Bloklar\u0131n\u0131n Kullan\u0131m\u0131\" width=\"779\" height=\"438\" src=\"https:\/\/www.youtube.com\/embed\/j55V4AU3C8M?feature=oembed\" frameborder=\"0\" allow=\"accelerometer; autoplay; clipboard-write; encrypted-media; gyroscope; picture-in-picture; web-share\" referrerpolicy=\"strict-origin-when-cross-origin\" allowfullscreen><\/iframe>\n<\/div><\/figure>\n\n\n\n<figure class=\"wp-block-embed is-type-video is-provider-youtube wp-block-embed-youtube wp-embed-aspect-16-9 wp-has-aspect-ratio\"><div class=\"wp-block-embed__wrapper\">\n<iframe loading=\"lazy\" title=\"Rota WordPress Temas\u0131 - Foto Galeri Sistemi\" width=\"779\" height=\"438\" src=\"https:\/\/www.youtube.com\/embed\/VkQ7h6bZsYc?feature=oembed\" frameborder=\"0\" allow=\"accelerometer; autoplay; clipboard-write; encrypted-media; gyroscope; picture-in-picture; web-share\" referrerpolicy=\"strict-origin-when-cross-origin\" allowfullscreen><\/iframe>\n<\/div><\/figure>\n","protected":false},"excerpt":{"rendered":"","protected":false},"author":1,"featured_media":0,"parent":0,"menu_order":0,"comment_status":"closed","ping_status":"closed","template":"","meta":{"footnotes":""},"class_list":["post-79","page","type-page","status-publish","hentry"],"_links":{"self":[{"href":"https:\/\/safirdemo.com\/rota\/wp-json\/wp\/v2\/pages\/79","targetHints":{"allow":["GET"]}}],"collection":[{"href":"https:\/\/safirdemo.com\/rota\/wp-json\/wp\/v2\/pages"}],"about":[{"href":"https:\/\/safirdemo.com\/rota\/wp-json\/wp\/v2\/types\/page"}],"author":[{"embeddable":true,"href":"https:\/\/safirdemo.com\/rota\/wp-json\/wp\/v2\/users\/1"}],"replies":[{"embeddable":true,"href":"https:\/\/safirdemo.com\/rota\/wp-json\/wp\/v2\/comments?post=79"}],"version-history":[{"count":3,"href":"https:\/\/safirdemo.com\/rota\/wp-json\/wp\/v2\/pages\/79\/revisions"}],"predecessor-version":[{"id":80,"href":"https:\/\/safirdemo.com\/rota\/wp-json\/wp\/v2\/pages\/79\/revisions\/80"}],"wp:attachment":[{"href":"https:\/\/safirdemo.com\/rota\/wp-json\/wp\/v2\/media?parent=79"}],"curies":[{"name":"wp","href":"https:\/\/api.w.org\/{rel}","templated":true}]}}