{"id":82,"date":"2026-03-03T20:55:10","date_gmt":"2026-03-03T17:55:10","guid":{"rendered":"http:\/\/demo.safirtema.com\/rota\/?page_id=82"},"modified":"2026-03-10T09:32:56","modified_gmt":"2026-03-10T06:32:56","slug":"hakkimizda","status":"publish","type":"page","link":"https:\/\/safirdemo.com\/rota\/hakkimizda\/","title":{"rendered":"Hakk\u0131m\u0131zda"},"content":{"rendered":"\n<figure class=\"wp-block-image size-full\"><img loading=\"lazy\" decoding=\"async\" width=\"1000\" height=\"570\" src=\"https:\/\/safirdemo.com\/rota\/wp-content\/uploads\/about.jpg\" alt=\"\" class=\"wp-image-83\"\/><\/figure>\n\n\n<div style=\"color:var(--headColor);\" class=\"wp-block-safirtema-mainheading has-text-color\">\n\t<div class=\"mainHeading\">\n\t\t<div class=\"inner\">\n\t\t\t<span class=\"safiricon icon\"><svg class=\"safiricon-monitor\"><use href=\"#safiricon-monitor\"><\/use><\/svg><\/span>\t\t\t<h2 class=\"text\">Rota WordPress Temas\u0131<\/h2>\n\t\t<\/div>\n\t<\/div>\n<\/div>\n\n\n<p>Lorem ipsum dolor sit amet, consetetur sadipscing elitr, sed diam nonumy eirmod tempor invidunt ut labore et dolore magna aliquyam erat, sed diam voluptua. At vero eos et accusam et justo duo dolores et ea rebum. Stet clita kasd gubergren, no sea takimata sanctus est Lorem ipsum dolor sit amet. Lorem ipsum dolor sit amet, consetetur sadipscing elitr, sed diam nonumy eirmod tempor invidunt ut labore et dolore magna aliquyam erat, sed diam voluptua.&nbsp;<strong>At vero eos et accusam et justo duo dolores<\/strong>&nbsp;et ea rebum. Stet clita kasd gubergren, no sea takimata sanctus est Lorem ipsum dolor sit amet. Lorem ipsum dolor sit amet, consetetur sadipscing elitr, sed diam nonumy eirmod tempor invidunt ut labore et dolore magna aliquyam erat, sed diam voluptua. At vero eos et accusam et justo duo dolores et ea rebum. Stet clita kasd gubergren, no sea takimata sanctus est&nbsp;<a href=\"http:\/\/safirdemo.com\/denge\/hakkimizda\/#\">Lorem ipsum<\/a>&nbsp;dolor sit amet.<\/p>\n\n\n<div style=\"color:var(--headColor);\" class=\"wp-block-safirtema-mainheading has-text-color\">\n\t<div class=\"mainHeading\">\n\t\t<div class=\"inner\">\n\t\t\t<span class=\"safiricon icon\"><svg class=\"safiricon-anlasma\"><use href=\"#safiricon-anlasma\"><\/use><\/svg><\/span>\t\t\t<div class=\"text\">\u00c7\u00f6z\u00fcm Orta\u011f\u0131n\u0131z<\/div>\n\t\t<\/div>\n\t<\/div>\n<\/div>\n\n\n<ul class=\"wp-block-list\">\n<li>At vero eos et accusam et justo duo dolores et ea rebum. <\/li>\n\n\n\n<li>Stet clita kasd gubergren, no sea takimata sanctus est. <\/li>\n\n\n\n<li>Lorem ipsum dolor sit amet. <\/li>\n\n\n\n<li>Lorem ipsum dolor sit amet, consetetur sadipscing elitr.<\/li>\n<\/ul>\n\n\n\n<p>Lorem ipsum dolor sit amet. Lorem ipsum dolor sit amet, consetetur sadipscing elitr. Lorem ipsum dolor sit amet. Lorem ipsum dolor sit amet, consetetur sadipscing elitr.<\/p>\n\n\n<div style=\"color:var(--headColor);\" class=\"wp-block-safirtema-mainheading has-text-color\">\n\t<div class=\"mainHeading\">\n\t\t<div class=\"inner\">\n\t\t\t<span class=\"safiricon icon\"><svg class=\"safiricon-soru1\"><use href=\"#safiricon-soru1\"><\/use><\/svg><\/span>\t\t\t<div class=\"text\">Nas\u0131l \u00c7al\u0131\u015f\u0131yoruz?<\/div>\n\t\t<\/div>\n\t<\/div>\n<\/div>\n\n<div class=\"wp-block-safirtema-safirfaqgroup\">\n\t\n<div class=\"wp-block-safirtema-sorucevap\">\n\t<div class=\"question\">\n\t\t<span class=\"themeicon icon\"><svg class=\"themeicon-question\"><use href=\"#safiricon-tema--question\"><\/use><\/svg><\/span>\t\t<span class=\"text\">At vero eos et accusam et justo duo dolores et ea rebum?<\/span>\n\t\t<div class=\"openclose\">\n\t\t\t<span class=\"themeicon icon\"><svg class=\"themeicon-arrow\"><use href=\"#safiricon-tema--arrow\"><\/use><\/svg><\/span><span class=\"themeicon icon\"><svg class=\"themeicon-top\"><use href=\"#safiricon-tema--top\"><\/use><\/svg><\/span>\t\t<\/div>\n\t<\/div>\n\t<div class=\"answer\">Stet clita kasd gubergren, no sea takimata sanctus est Lorem ipsum dolor sit amet. Lorem ipsum dolor sit amet, consetetur sadipscing elitr, sed diam nonumy eirmod tempor invidunt ut labore et dolore magna aliquyam erat, sed diam voluptua. <strong>At vero eos et accusam<\/strong> et justo duo dolores et ea rebum. Stet clita kasd gubergren, no sea takimata sanctus est Lorem ipsum dolor sit amet. Lorem ipsum dolor sit amet, consetetur sadipscing elitr, At accusam aliquyam diam diam <a href=\"#\">dolore dolores<\/a> duo eirmod eos erat, et nonumy sed tempor et et invidunt justo labore Stet clita ea et gubergren, kasd magna no rebum. sanctus sea sed takimata ut vero voluptua. est Lorem ipsum dolor sit amet. Lorem ipsum dolor sit amet, consetetur sadipscing elitr, sed diam nonumy eirmod tempor invidunt ut labore et dolore magna aliquyam erat.<\/div>\n<\/div>\n\n<div class=\"wp-block-safirtema-sorucevap\">\n\t<div class=\"question\">\n\t\t<span class=\"themeicon icon\"><svg class=\"themeicon-question\"><use href=\"#safiricon-tema--question\"><\/use><\/svg><\/span>\t\t<span class=\"text\">Stet clita kasd gubergren?<\/span>\n\t\t<div class=\"openclose\">\n\t\t\t<span class=\"themeicon icon\"><svg class=\"themeicon-arrow\"><use href=\"#safiricon-tema--arrow\"><\/use><\/svg><\/span><span class=\"themeicon icon\"><svg class=\"themeicon-top\"><use href=\"#safiricon-tema--top\"><\/use><\/svg><\/span>\t\t<\/div>\n\t<\/div>\n\t<div class=\"answer\">No sea takimata sanctus est Lorem ipsum dolor sit amet. Lorem ipsum dolor sit amet, consetetur sadipscing elitr, sed diam nonumy eirmod tempor invidunt ut labore et dolore magna aliquyam erat, sed diam voluptua. At vero eos et accusam et justo duo dolores et ea rebum. Stet clita kasd gubergren, no sea takimata sanctus est Lorem ipsum dolor sit amet. Lorem ipsum dolor sit amet, consetetur sadipscing elitr, At accusam aliquyam diam diam dolore dolores duo eirmod eos erat, et nonumy sed tempor et et invidunt justo labore Stet clita ea et gubergren, kasd magna no rebum. sanctus sea sed takimata ut vero voluptua. est Lorem ipsum dolor sit amet. Lorem ipsum dolor sit amet, consetetur sadipscing elitr, sed diam nonumy eirmod tempor invidunt ut labore et dolore magna aliquyam erat.<\/div>\n<\/div>\n<\/div>\n\n\n<p>At vero eos et accusam et justo duo dolores et ea rebum. Stet clita kasd gubergren, no sea takimata sanctus est Lorem ipsum dolor sit amet. Lorem ipsum dolor sit amet, consetetur sadipscing elitr, sed diam nonumy eirmod tempor invidunt ut labore et dolore magna aliquyam erat, sed diam voluptua. At vero eos et accusam et justo duo dolores et ea rebum.<\/p>\n\n\n<div class=\"wp-block-safirtema-bgtext\">\n\t<div class=\"descriptionbox\" style=\"background-image: url(https:\/\/safirdemo.com\/rota\/wp-content\/themes\/rota\/images\/descriptionbox\/railways.jpg)\">\n\t\t<div class=\"inner\">\n\t\t\t<span class=\"safiricon icon\"><svg class=\"safiricon-kurumsal\"><use href=\"#safiricon-kurumsal\"><\/use><\/svg><\/span>\t\t\t<div class=\"detail\">\n\t\t\t\t<div class=\"header\">B\u00fcy\u00fck A\u00e7\u0131klama Kutusu<\/div>\n\t\t\t\t\t\t\t\t\t<div class=\"content\">At vero eos et accusam et justo duo dolores et ea rebum. Stet clita kasd gubergren, no sea takimata sanctus est Lorem ipsum dolor sit amet. <\/div>\n\t\t\t\t\t\t\t<\/div>\n\t\t<\/div>\n\t<\/div>\n<\/div>\n\n\n\n<p>Stet clita kasd gubergren, no sea takimata sanctus est Lorem ipsum dolor sit amet. Lorem ipsum dolor sit amet, consetetur sadipscing elitr, At accusam aliquyam diam diam dolore dolores duo eirmod eos erat, et nonumy sed tempor et et invidunt justo labore Stet clita ea et gubergren, kasd magna no rebum. sanctus sea sed takimata ut vero voluptua. est Lorem ipsum dolor sit amet. Lorem ipsum dolor sit amet, consetetur sadipscing elitr, sed diam nonumy eirmod tempor invidunt ut labore et dolore magna aliquyam erat.<\/p>\n\n\n<div class=\"wp-block-safirtema-safirbutton\">\n\t<a href=\"#\" rel=\"\">\n\t\t<span class=\"safiricon icon\"><svg class=\"safiricon-mouse\"><use href=\"#safiricon-mouse\"><\/use><\/svg><\/span>\t\t<div class=\"text\">\n\t\t\tEdit\u00f6rden Eklenebilen Button\t\t<\/div>\n\t<\/a>\n<\/div>","protected":false},"excerpt":{"rendered":"<p>Lorem ipsum dolor sit amet, consetetur sadipscing elitr, sed diam nonumy eirmod tempor invidunt ut labore et dolore magna aliquyam erat, sed diam voluptua. At vero eos et accusam et justo duo dolores et ea rebum. Stet clita kasd gubergren, no sea takimata sanctus est Lorem ipsum dolor sit amet. Lorem ipsum dolor sit amet, [&hellip;]<\/p>\n","protected":false},"author":1,"featured_media":0,"parent":0,"menu_order":0,"comment_status":"closed","ping_status":"closed","template":"","meta":{"footnotes":""},"class_list":["post-82","page","type-page","status-publish","hentry"],"_links":{"self":[{"href":"https:\/\/safirdemo.com\/rota\/wp-json\/wp\/v2\/pages\/82","targetHints":{"allow":["GET"]}}],"collection":[{"href":"https:\/\/safirdemo.com\/rota\/wp-json\/wp\/v2\/pages"}],"about":[{"href":"https:\/\/safirdemo.com\/rota\/wp-json\/wp\/v2\/types\/page"}],"author":[{"embeddable":true,"href":"https:\/\/safirdemo.com\/rota\/wp-json\/wp\/v2\/users\/1"}],"replies":[{"embeddable":true,"href":"https:\/\/safirdemo.com\/rota\/wp-json\/wp\/v2\/comments?post=82"}],"version-history":[{"count":7,"href":"https:\/\/safirdemo.com\/rota\/wp-json\/wp\/v2\/pages\/82\/revisions"}],"predecessor-version":[{"id":386,"href":"https:\/\/safirdemo.com\/rota\/wp-json\/wp\/v2\/pages\/82\/revisions\/386"}],"wp:attachment":[{"href":"https:\/\/safirdemo.com\/rota\/wp-json\/wp\/v2\/media?parent=82"}],"curies":[{"name":"wp","href":"https:\/\/api.w.org\/{rel}","templated":true}]}}