{"id":1446,"date":"2026-02-27T15:27:04","date_gmt":"2026-02-27T12:27:04","guid":{"rendered":"https:\/\/safirdemo.com\/neo\/?page_id=1446"},"modified":"2026-03-11T21:27:13","modified_gmt":"2026-03-11T18:27:13","slug":"tema-videolari","status":"publish","type":"page","link":"https:\/\/safirdemo.com\/truva\/tema-videolari\/","title":{"rendered":"Tema Videolar\u0131"},"content":{"rendered":"\n<p>Bu sayfada ayn\u0131 altyap\u0131ya sahip ba\u015fka bir blok temam\u0131z olan Neo temas\u0131n\u0131n kullan\u0131m videolar\u0131 g\u00f6sterilmektedir. \u0130ki tema da blok tabanl\u0131 oldu\u011fu i\u00e7in Truva temas\u0131nda da i\u015flemler birebir ayn\u0131d\u0131r.<\/p>\n\n\n\n<div class=\"wp-block-group is-layout-grid wp-container-core-group-is-layout-2931688a wp-block-group-is-layout-grid\"><a href=\"https:\/\/www.youtube.com\/watch?v=Y7DQRBDE2PM\" class=\"wp-block-safirtema-lightboxyoutube\" data-icon=\"video\">\n\t\t\t<img decoding=\"async\" src=\"https:\/\/safirdemo.com\/truva\/wp-content\/themes\/truva\/assets\/images\/noimage.svg\" data-src=\"https:\/\/img.youtube.com\/vi\/Y7DQRBDE2PM\/maxresdefault.jpg\" data-safirlazy=\"true\" loading=\"lazy\" alt=\"Youtube\" \/>\n\t<\/a>\n\n<a href=\"https:\/\/www.youtube.com\/watch?v=cau2lG09G5U\" class=\"wp-block-safirtema-lightboxyoutube\" data-icon=\"video\">\n\t\t\t<img decoding=\"async\" src=\"https:\/\/safirdemo.com\/truva\/wp-content\/themes\/truva\/assets\/images\/noimage.svg\" data-src=\"https:\/\/img.youtube.com\/vi\/cau2lG09G5U\/maxresdefault.jpg\" data-safirlazy=\"true\" loading=\"lazy\" alt=\"Youtube\" \/>\n\t<\/a>\n\n<a href=\"https:\/\/www.youtube.com\/watch?v=EYCCcGxreHA\" class=\"wp-block-safirtema-lightboxyoutube\" data-icon=\"video\">\n\t\t\t<img decoding=\"async\" src=\"https:\/\/safirdemo.com\/truva\/wp-content\/themes\/truva\/assets\/images\/noimage.svg\" data-src=\"https:\/\/img.youtube.com\/vi\/EYCCcGxreHA\/maxresdefault.jpg\" data-safirlazy=\"true\" loading=\"lazy\" alt=\"Youtube\" \/>\n\t<\/a>\n\n<a href=\"https:\/\/www.youtube.com\/watch?v=Olu8mMemjQo\" class=\"wp-block-safirtema-lightboxyoutube\" data-icon=\"video\">\n\t\t\t<img decoding=\"async\" src=\"https:\/\/safirdemo.com\/truva\/wp-content\/themes\/truva\/assets\/images\/noimage.svg\" data-src=\"https:\/\/img.youtube.com\/vi\/Olu8mMemjQo\/maxresdefault.jpg\" data-safirlazy=\"true\" loading=\"lazy\" alt=\"Youtube\" \/>\n\t<\/a>\n\n<a href=\"https:\/\/www.youtube.com\/watch?v=1H7HcocoUKs\" class=\"wp-block-safirtema-lightboxyoutube\" data-icon=\"video\">\n\t\t\t<img decoding=\"async\" src=\"https:\/\/safirdemo.com\/truva\/wp-content\/themes\/truva\/assets\/images\/noimage.svg\" data-src=\"https:\/\/img.youtube.com\/vi\/1H7HcocoUKs\/maxresdefault.jpg\" data-safirlazy=\"true\" loading=\"lazy\" alt=\"Youtube\" \/>\n\t<\/a>\n\n<a href=\"https:\/\/www.youtube.com\/watch?v=nL46fsNv5ZM\" class=\"wp-block-safirtema-lightboxyoutube\" data-icon=\"video\">\n\t\t\t<img decoding=\"async\" src=\"https:\/\/safirdemo.com\/truva\/wp-content\/themes\/truva\/assets\/images\/noimage.svg\" data-src=\"https:\/\/img.youtube.com\/vi\/nL46fsNv5ZM\/maxresdefault.jpg\" data-safirlazy=\"true\" loading=\"lazy\" alt=\"Youtube\" \/>\n\t<\/a>\n\n<a href=\"https:\/\/www.youtube.com\/watch?v=2i6pk9Rv-6A\" class=\"wp-block-safirtema-lightboxyoutube\" data-icon=\"video\">\n\t\t\t<img decoding=\"async\" src=\"https:\/\/safirdemo.com\/truva\/wp-content\/themes\/truva\/assets\/images\/noimage.svg\" data-src=\"https:\/\/img.youtube.com\/vi\/2i6pk9Rv-6A\/maxresdefault.jpg\" data-safirlazy=\"true\" loading=\"lazy\" alt=\"Youtube\" \/>\n\t<\/a>\n\n<a href=\"https:\/\/www.youtube.com\/watch?v=XMmKbXTSwak\" class=\"wp-block-safirtema-lightboxyoutube\" data-icon=\"video\">\n\t\t\t<img decoding=\"async\" src=\"https:\/\/safirdemo.com\/truva\/wp-content\/themes\/truva\/assets\/images\/noimage.svg\" data-src=\"https:\/\/img.youtube.com\/vi\/XMmKbXTSwak\/maxresdefault.jpg\" data-safirlazy=\"true\" loading=\"lazy\" alt=\"Youtube\" \/>\n\t<\/a>\n\n<a href=\"https:\/\/www.youtube.com\/watch?v=yzkVAmZaXiI\" class=\"wp-block-safirtema-lightboxyoutube\" data-icon=\"video\">\n\t\t\t<img decoding=\"async\" src=\"https:\/\/safirdemo.com\/truva\/wp-content\/themes\/truva\/assets\/images\/noimage.svg\" data-src=\"https:\/\/img.youtube.com\/vi\/yzkVAmZaXiI\/maxresdefault.jpg\" data-safirlazy=\"true\" loading=\"lazy\" alt=\"Youtube\" \/>\n\t<\/a>\n\n<a href=\"https:\/\/www.youtube.com\/watch?v=CY4_miGyDNw\" class=\"wp-block-safirtema-lightboxyoutube\" data-icon=\"video\">\n\t\t\t<img decoding=\"async\" src=\"https:\/\/safirdemo.com\/truva\/wp-content\/themes\/truva\/assets\/images\/noimage.svg\" data-src=\"https:\/\/img.youtube.com\/vi\/CY4_miGyDNw\/maxresdefault.jpg\" data-safirlazy=\"true\" loading=\"lazy\" alt=\"Youtube\" \/>\n\t<\/a>\n\n<a href=\"https:\/\/www.youtube.com\/watch?v=INehPGaB_Jc\" class=\"wp-block-safirtema-lightboxyoutube\" data-icon=\"video\">\n\t\t\t<img decoding=\"async\" src=\"https:\/\/safirdemo.com\/truva\/wp-content\/themes\/truva\/assets\/images\/noimage.svg\" data-src=\"https:\/\/img.youtube.com\/vi\/INehPGaB_Jc\/maxresdefault.jpg\" data-safirlazy=\"true\" loading=\"lazy\" alt=\"Youtube\" \/>\n\t<\/a>\n\n<a href=\"https:\/\/www.youtube.com\/watch?v=j55V4AU3C8M\" class=\"wp-block-safirtema-lightboxyoutube\" data-icon=\"video\">\n\t\t\t<img decoding=\"async\" src=\"https:\/\/safirdemo.com\/truva\/wp-content\/themes\/truva\/assets\/images\/noimage.svg\" data-src=\"https:\/\/img.youtube.com\/vi\/j55V4AU3C8M\/maxresdefault.jpg\" data-safirlazy=\"true\" loading=\"lazy\" alt=\"Youtube\" \/>\n\t<\/a><\/div>\n","protected":false},"excerpt":{"rendered":"<p>Bu sayfada ayn\u0131 altyap\u0131ya sahip ba\u015fka bir blok temam\u0131z olan Neo temas\u0131n\u0131n kullan\u0131m videolar\u0131 g\u00f6sterilmektedir. \u0130ki tema da blok tabanl\u0131 oldu\u011fu i\u00e7in Truva temas\u0131nda da i\u015flemler birebir ayn\u0131d\u0131r.<\/p>\n","protected":false},"author":1,"featured_media":0,"parent":0,"menu_order":0,"comment_status":"closed","ping_status":"closed","template":"","meta":{"fiyat":"","metin":"","footnotes":""},"class_list":["post-1446","page","type-page","status-publish","hentry"],"_links":{"self":[{"href":"https:\/\/safirdemo.com\/truva\/wp-json\/wp\/v2\/pages\/1446","targetHints":{"allow":["GET"]}}],"collection":[{"href":"https:\/\/safirdemo.com\/truva\/wp-json\/wp\/v2\/pages"}],"about":[{"href":"https:\/\/safirdemo.com\/truva\/wp-json\/wp\/v2\/types\/page"}],"author":[{"embeddable":true,"href":"https:\/\/safirdemo.com\/truva\/wp-json\/wp\/v2\/users\/1"}],"replies":[{"embeddable":true,"href":"https:\/\/safirdemo.com\/truva\/wp-json\/wp\/v2\/comments?post=1446"}],"version-history":[{"count":3,"href":"https:\/\/safirdemo.com\/truva\/wp-json\/wp\/v2\/pages\/1446\/revisions"}],"predecessor-version":[{"id":1745,"href":"https:\/\/safirdemo.com\/truva\/wp-json\/wp\/v2\/pages\/1446\/revisions\/1745"}],"wp:attachment":[{"href":"https:\/\/safirdemo.com\/truva\/wp-json\/wp\/v2\/media?parent=1446"}],"curies":[{"name":"wp","href":"https:\/\/api.w.org\/{rel}","templated":true}]}}