{"id":68,"date":"2026-03-03T20:11:05","date_gmt":"2026-03-03T17:11:05","guid":{"rendered":"https:\/\/safirdemo.com\/atolye\/foto-galeri\/"},"modified":"2026-03-18T11:58:48","modified_gmt":"2026-03-18T08:58:48","slug":"foto-galeri","status":"publish","type":"page","link":"https:\/\/safirdemo.com\/truva\/foto-galeri\/","title":{"rendered":"Foto Galeri"},"content":{"rendered":"\n<p>Bu sayfada temadaki dahili Lightbox \u00f6zelli\u011fi ile eklenen bir galeri g\u00f6rmektesiniz. Lightbox \u00f6zelli\u011fini tema ayarlar\u0131ndan pasif edip kendi Lighbox eklentinizi de kullanabilirsiniz. WordPressin default lightbox \u00f6zelli\u011fini de kullanabilirsiniz (Galerideki son g\u00f6rsel).<\/p>\n\n\n\n<figure class=\"wp-block-gallery has-nested-images columns-4 is-cropped wp-block-gallery-1 is-layout-flex wp-block-gallery-is-layout-flex\">\n<figure class=\"wp-block-image size-full\"><a href=\"https:\/\/safirdemo.com\/truva\/wp-content\/uploads\/gallery02.webp\"><img loading=\"lazy\" decoding=\"async\" width=\"1280\" height=\"967\" data-id=\"1492\" src=\"https:\/\/safirdemo.com\/truva\/wp-content\/uploads\/gallery02.webp\" alt=\"\" class=\"wp-image-1492\" style=\"aspect-ratio:4\/3\"\/><\/a><figcaption class=\"wp-element-caption\">Opsiyonel a\u00e7\u0131klama metni<\/figcaption><\/figure>\n\n\n\n<figure class=\"wp-block-image size-full\"><a href=\"https:\/\/safirdemo.com\/truva\/wp-content\/uploads\/gallery03.webp\"><img loading=\"lazy\" decoding=\"async\" width=\"1280\" height=\"853\" data-id=\"1493\" src=\"https:\/\/safirdemo.com\/truva\/wp-content\/uploads\/gallery03.webp\" alt=\"\" class=\"wp-image-1493\" style=\"aspect-ratio:4\/3\"\/><\/a><\/figure>\n\n\n\n<figure class=\"wp-block-image size-full\"><a href=\"https:\/\/safirdemo.com\/truva\/wp-content\/uploads\/gallery04.webp\"><img loading=\"lazy\" decoding=\"async\" width=\"1280\" height=\"853\" data-id=\"1494\" src=\"https:\/\/safirdemo.com\/truva\/wp-content\/uploads\/gallery04.webp\" alt=\"\" class=\"wp-image-1494\" style=\"aspect-ratio:4\/3\"\/><\/a><\/figure>\n\n\n\n<figure class=\"wp-block-image size-full\"><a href=\"https:\/\/safirdemo.com\/truva\/wp-content\/uploads\/gallery05.webp\"><img loading=\"lazy\" decoding=\"async\" width=\"1280\" height=\"853\" data-id=\"1495\" src=\"https:\/\/safirdemo.com\/truva\/wp-content\/uploads\/gallery05.webp\" alt=\"\" class=\"wp-image-1495\" style=\"aspect-ratio:4\/3\"\/><\/a><\/figure>\n\n\n\n<figure class=\"wp-block-image size-full\"><a href=\"https:\/\/safirdemo.com\/truva\/wp-content\/uploads\/gallery010.webp\"><img loading=\"lazy\" decoding=\"async\" width=\"1280\" height=\"854\" data-id=\"1501\" src=\"https:\/\/safirdemo.com\/truva\/wp-content\/uploads\/gallery010.webp\" alt=\"\" class=\"wp-image-1501\" style=\"aspect-ratio:4\/3\"\/><\/a><\/figure>\n\n\n\n<figure class=\"wp-block-image size-full\"><a href=\"https:\/\/safirdemo.com\/truva\/wp-content\/uploads\/gallery10.webp\"><img loading=\"lazy\" decoding=\"async\" width=\"1280\" height=\"853\" data-id=\"1500\" src=\"https:\/\/safirdemo.com\/truva\/wp-content\/uploads\/gallery10.webp\" alt=\"\" class=\"wp-image-1500\" style=\"aspect-ratio:4\/3\"\/><\/a><\/figure>\n\n\n\n<figure class=\"wp-block-image size-full\"><a href=\"https:\/\/safirdemo.com\/truva\/wp-content\/uploads\/gallery09.webp\"><img loading=\"lazy\" decoding=\"async\" width=\"1280\" height=\"854\" data-id=\"1499\" src=\"https:\/\/safirdemo.com\/truva\/wp-content\/uploads\/gallery09.webp\" alt=\"\" class=\"wp-image-1499\" style=\"aspect-ratio:4\/3\"\/><\/a><\/figure>\n\n\n\n<figure class=\"wp-block-image size-full\"><a href=\"https:\/\/safirdemo.com\/truva\/wp-content\/uploads\/gallery08.webp\"><img loading=\"lazy\" decoding=\"async\" width=\"1280\" height=\"853\" data-id=\"1498\" src=\"https:\/\/safirdemo.com\/truva\/wp-content\/uploads\/gallery08.webp\" alt=\"\" class=\"wp-image-1498\" style=\"aspect-ratio:4\/3\"\/><\/a><\/figure>\n\n\n\n<figure class=\"wp-block-image size-full\"><a href=\"https:\/\/safirdemo.com\/truva\/wp-content\/uploads\/gallery07.webp\"><img loading=\"lazy\" decoding=\"async\" width=\"1280\" height=\"720\" data-id=\"1497\" src=\"https:\/\/safirdemo.com\/truva\/wp-content\/uploads\/gallery07.webp\" alt=\"\" class=\"wp-image-1497\" style=\"aspect-ratio:4\/3\"\/><\/a><\/figure>\n\n\n\n<figure class=\"wp-block-image size-full\"><a href=\"https:\/\/safirdemo.com\/truva\/wp-content\/uploads\/gallery06.webp\"><img loading=\"lazy\" decoding=\"async\" width=\"1280\" height=\"1024\" data-id=\"1496\" src=\"https:\/\/safirdemo.com\/truva\/wp-content\/uploads\/gallery06.webp\" alt=\"\" class=\"wp-image-1496\" style=\"aspect-ratio:4\/3\"\/><\/a><\/figure>\n\n\n\n<figure class=\"wp-block-image size-full\"><a href=\"https:\/\/safirdemo.com\/truva\/wp-content\/uploads\/gallery11.webp\"><img loading=\"lazy\" decoding=\"async\" width=\"1920\" height=\"1280\" data-id=\"1502\" src=\"https:\/\/safirdemo.com\/truva\/wp-content\/uploads\/gallery11.webp\" alt=\"\" class=\"wp-image-1502\" style=\"aspect-ratio:4\/3\"\/><\/a><\/figure>\n\n\n\n<figure class=\"wp-block-image size-full\"><a href=\"https:\/\/safirdemo.com\/truva\/wp-content\/uploads\/gallery12.webp\"><img loading=\"lazy\" decoding=\"async\" width=\"1280\" height=\"853\" data-id=\"1503\" src=\"https:\/\/safirdemo.com\/truva\/wp-content\/uploads\/gallery12.webp\" alt=\"\" class=\"wp-image-1503\" style=\"aspect-ratio:4\/3\"\/><\/a><\/figure>\n\n\n\n<figure class=\"wp-block-image size-full\"><a href=\"https:\/\/safirdemo.com\/truva\/wp-content\/uploads\/gallery13.webp\"><img loading=\"lazy\" decoding=\"async\" width=\"1280\" height=\"854\" data-id=\"1504\" src=\"https:\/\/safirdemo.com\/truva\/wp-content\/uploads\/gallery13.webp\" alt=\"\" class=\"wp-image-1504\" style=\"aspect-ratio:4\/3\"\/><\/a><\/figure>\n\n\n\n<figure class=\"wp-block-image size-full\"><a href=\"https:\/\/safirdemo.com\/truva\/wp-content\/uploads\/gallery14.webp\"><img loading=\"lazy\" decoding=\"async\" width=\"1280\" height=\"854\" data-id=\"1505\" src=\"https:\/\/safirdemo.com\/truva\/wp-content\/uploads\/gallery14.webp\" alt=\"\" class=\"wp-image-1505\" style=\"aspect-ratio:4\/3\"\/><\/a><\/figure>\n\n\n\n<figure class=\"wp-block-image size-full\"><a href=\"https:\/\/safirdemo.com\/truva\/wp-content\/uploads\/gallery15.webp\"><img loading=\"lazy\" decoding=\"async\" width=\"1280\" height=\"854\" data-id=\"1506\" src=\"https:\/\/safirdemo.com\/truva\/wp-content\/uploads\/gallery15.webp\" alt=\"\" class=\"wp-image-1506\" style=\"aspect-ratio:4\/3\"\/><\/a><\/figure>\n\n\n\n<figure data-wp-context=\"{&quot;imageId&quot;:&quot;69f0d20e70511&quot;}\" data-wp-interactive=\"core\/image\" data-wp-key=\"69f0d20e70511\" class=\"wp-block-image size-full wp-lightbox-container\"><img loading=\"lazy\" decoding=\"async\" width=\"1280\" height=\"855\" data-wp-class--hide=\"state.isContentHidden\" data-wp-class--show=\"state.isContentVisible\" data-wp-init=\"callbacks.setButtonStyles\" data-wp-on--click=\"actions.showLightbox\" data-wp-on--load=\"callbacks.setButtonStyles\" data-wp-on-window--resize=\"callbacks.setButtonStyles\" data-id=\"1507\" src=\"https:\/\/safirdemo.com\/truva\/wp-content\/uploads\/gallery16.webp\" alt=\"\" class=\"wp-image-1507\" style=\"aspect-ratio:4\/3\"\/><button\n\t\t\tclass=\"lightbox-trigger\"\n\t\t\ttype=\"button\"\n\t\t\taria-haspopup=\"dialog\"\n\t\t\taria-label=\"B\u00fcy\u00fct\"\n\t\t\tdata-wp-init=\"callbacks.initTriggerButton\"\n\t\t\tdata-wp-on--click=\"actions.showLightbox\"\n\t\t\tdata-wp-style--right=\"state.imageButtonRight\"\n\t\t\tdata-wp-style--top=\"state.imageButtonTop\"\n\t\t>\n\t\t\t<svg xmlns=\"http:\/\/www.w3.org\/2000\/svg\" width=\"12\" height=\"12\" fill=\"none\" viewBox=\"0 0 12 12\">\n\t\t\t\t<path fill=\"#fff\" d=\"M2 0a2 2 0 0 0-2 2v2h1.5V2a.5.5 0 0 1 .5-.5h2V0H2Zm2 10.5H2a.5.5 0 0 1-.5-.5V8H0v2a2 2 0 0 0 2 2h2v-1.5ZM8 12v-1.5h2a.5.5 0 0 0 .5-.5V8H12v2a2 2 0 0 1-2 2H8Zm2-12a2 2 0 0 1 2 2v2h-1.5V2a.5.5 0 0 0-.5-.5H8V0h2Z\" \/>\n\t\t\t<\/svg>\n\t\t<\/button><\/figure>\n<\/figure>\n","protected":false},"excerpt":{"rendered":"<p>Bu sayfada temadaki dahili Lightbox \u00f6zelli\u011fi ile eklenen bir galeri g\u00f6rmektesiniz. Lightbox \u00f6zelli\u011fini tema ayarlar\u0131ndan pasif edip kendi Lighbox eklentinizi de kullanabilirsiniz. WordPressin default lightbox \u00f6zelli\u011fini de kullanabilirsiniz (Galerideki son g\u00f6rsel).<\/p>\n","protected":false},"author":1,"featured_media":0,"parent":0,"menu_order":0,"comment_status":"closed","ping_status":"closed","template":"","meta":{"fiyat":"","metin":"","footnotes":""},"class_list":["post-68","page","type-page","status-publish","hentry"],"_links":{"self":[{"href":"https:\/\/safirdemo.com\/truva\/wp-json\/wp\/v2\/pages\/68","targetHints":{"allow":["GET"]}}],"collection":[{"href":"https:\/\/safirdemo.com\/truva\/wp-json\/wp\/v2\/pages"}],"about":[{"href":"https:\/\/safirdemo.com\/truva\/wp-json\/wp\/v2\/types\/page"}],"author":[{"embeddable":true,"href":"https:\/\/safirdemo.com\/truva\/wp-json\/wp\/v2\/users\/1"}],"replies":[{"embeddable":true,"href":"https:\/\/safirdemo.com\/truva\/wp-json\/wp\/v2\/comments?post=68"}],"version-history":[{"count":3,"href":"https:\/\/safirdemo.com\/truva\/wp-json\/wp\/v2\/pages\/68\/revisions"}],"predecessor-version":[{"id":1761,"href":"https:\/\/safirdemo.com\/truva\/wp-json\/wp\/v2\/pages\/68\/revisions\/1761"}],"wp:attachment":[{"href":"https:\/\/safirdemo.com\/truva\/wp-json\/wp\/v2\/media?parent=68"}],"curies":[{"name":"wp","href":"https:\/\/api.w.org\/{rel}","templated":true}]}}