{"id":16,"date":"2026-02-16T12:43:11","date_gmt":"2026-02-16T09:43:11","guid":{"rendered":"http:\/\/demo.safirtema.com\/yakamoz\/?page_id=16"},"modified":"2026-03-06T10:32:49","modified_gmt":"2026-03-06T07:32:49","slug":"insan-kaynaklari","status":"publish","type":"page","link":"https:\/\/safirdemo.com\/yakamoz\/insan-kaynaklari\/","title":{"rendered":"\u0130nsan Kaynaklar\u0131"},"content":{"rendered":"<div class=\"wp-block-safirtema-bgtext\">\n\t<div class=\"descriptionbox\" style=\"background-image: url(https:\/\/safirdemo.com\/yakamoz\/wp-content\/themes\/yakamoz\/images\/descriptionbox\/desk.jpg)\">\n\t\t<div class=\"inner\">\n\t\t\t<span class=\"safiricon icon\"><svg class=\"safiricon-kullanici\"><use href=\"#safiricon-kullanici\"><\/use><\/svg><\/span>\t\t\t<div class=\"detail\">\n\t\t\t\t<div class=\"header\">\u0130nsan Kaynaklar\u0131 Form \u015eablonu<\/div>\n\t\t\t\t\t\t\t\t\t<div class=\"content\">Bu haz\u0131r \u015fablon sayesinde dilerseniz teman\u0131zla uyumlu bir insan kaynaklar\u0131 formunu sitenize ekleyebilirsiniz.<\/div>\n\t\t\t\t\t\t\t<\/div>\n\t\t<\/div>\n\t<\/div>\n<\/div>\n\n\n\n<div class=\"wp-block-contact-form-7-contact-form-selector\">\n<div class=\"wpcf7 no-js\" id=\"wpcf7-f15-o1\" lang=\"tr-TR\" dir=\"ltr\" data-wpcf7-id=\"15\">\n<div class=\"screen-reader-response\"><p role=\"status\" aria-live=\"polite\" aria-atomic=\"true\"><\/p> <ul><\/ul><\/div>\n<form action=\"\/yakamoz\/wp-json\/wp\/v2\/pages\/16#wpcf7-f15-o1\" method=\"post\" class=\"wpcf7-form init\" aria-label=\"\u0130leti\u015fim Formu\" novalidate=\"novalidate\" data-status=\"init\">\n<fieldset class=\"hidden-fields-container\"><input type=\"hidden\" name=\"_wpcf7\" value=\"15\" \/><input type=\"hidden\" name=\"_wpcf7_version\" value=\"6.1.5\" \/><input type=\"hidden\" name=\"_wpcf7_locale\" value=\"tr_TR\" \/><input type=\"hidden\" name=\"_wpcf7_unit_tag\" value=\"wpcf7-f15-o1\" \/><input type=\"hidden\" name=\"_wpcf7_container_post\" value=\"0\" \/><input type=\"hidden\" name=\"_wpcf7_posted_data_hash\" value=\"\" \/>\n<\/fieldset>\n<div class=\"safirIKForm\">\n\t<p><br \/>\nAd Soyad*<br \/>\n<span class=\"wpcf7-form-control-wrap\" data-name=\"adsoyad\"><input size=\"40\" maxlength=\"400\" class=\"wpcf7-form-control wpcf7-text wpcf7-validates-as-required\" aria-required=\"true\" aria-invalid=\"false\" value=\"\" type=\"text\" name=\"adsoyad\" \/><\/span>\n\t<\/p>\n\t<p><br \/>\nDo\u011fum Tarihi*<br \/>\n<span class=\"wpcf7-form-control-wrap\" data-name=\"dtarihi\"><input class=\"wpcf7-form-control wpcf7-date wpcf7-validates-as-required wpcf7-validates-as-date\" aria-required=\"true\" aria-invalid=\"false\" value=\"\" type=\"date\" name=\"dtarihi\" \/><\/span>\n\t<\/p>\n\t<p><br \/>\nDo\u011fum Yeri*<br \/>\n<span class=\"wpcf7-form-control-wrap\" data-name=\"dogumyeri\"><input size=\"40\" maxlength=\"400\" class=\"wpcf7-form-control wpcf7-text wpcf7-validates-as-required\" aria-required=\"true\" aria-invalid=\"false\" value=\"\" type=\"text\" name=\"dogumyeri\" \/><\/span>\n\t<\/p>\n\t<p><br \/>\nT.C Kimlik No*<br \/>\n<span class=\"wpcf7-form-control-wrap\" data-name=\"tckimlik\"><input size=\"40\" maxlength=\"400\" class=\"wpcf7-form-control wpcf7-text wpcf7-validates-as-required\" aria-required=\"true\" aria-invalid=\"false\" value=\"\" type=\"text\" name=\"tckimlik\" \/><\/span>\n\t<\/p>\n\t<p><br \/>\nCinsiyet*<br \/>\n<span class=\"wpcf7-form-control-wrap\" data-name=\"cinsiyet\"><select class=\"wpcf7-form-control wpcf7-select wpcf7-validates-as-required\" aria-required=\"true\" aria-invalid=\"false\" name=\"cinsiyet\"><option value=\"Se\u00e7iniz\">Se\u00e7iniz<\/option><option value=\"Erkek\">Erkek<\/option><option value=\"Bayan\">Bayan<\/option><\/select><\/span>\n\t<\/p>\n\t<p><br \/>\nMedeni Hal*<br \/>\n<span class=\"wpcf7-form-control-wrap\" data-name=\"medenihal\"><select class=\"wpcf7-form-control wpcf7-select wpcf7-validates-as-required\" aria-required=\"true\" aria-invalid=\"false\" name=\"medenihal\"><option value=\"Se\u00e7iniz\">Se\u00e7iniz<\/option><option value=\"Bekar\">Bekar<\/option><option value=\"Evli\">Evli<\/option><\/select><\/span>\n\t<\/p>\n\t<p><br \/>\nEhliyet (Tarih ve S\u0131n\u0131f)<br \/>\n<span class=\"wpcf7-form-control-wrap\" data-name=\"ehliyet\"><input size=\"40\" maxlength=\"400\" class=\"wpcf7-form-control wpcf7-text\" aria-invalid=\"false\" value=\"\" type=\"text\" name=\"ehliyet\" \/><\/span>\n\t<\/p>\n\t<p><br \/>\nAskerlik Durumu*<br \/>\n<span class=\"wpcf7-form-control-wrap\" data-name=\"askerlik\"><select class=\"wpcf7-form-control wpcf7-select wpcf7-validates-as-required\" aria-required=\"true\" aria-invalid=\"false\" name=\"askerlik\"><option value=\"Se\u00e7iniz\">Se\u00e7iniz<\/option><option value=\"Yap\u0131ld\u0131\">Yap\u0131ld\u0131<\/option><option value=\"Tecilli\">Tecilli<\/option><option value=\"Muaf\">Muaf<\/option><\/select><\/span>\n\t<\/p>\n\t<p><br \/>\nTelefon Numaras\u0131<br \/>\n<span class=\"wpcf7-form-control-wrap\" data-name=\"tel\"><input size=\"40\" maxlength=\"400\" class=\"wpcf7-form-control wpcf7-text\" aria-invalid=\"false\" value=\"\" type=\"text\" name=\"tel\" \/><\/span>\n\t<\/p>\n\t<p><br \/>\nCep Telefonu*<br \/>\n<span class=\"wpcf7-form-control-wrap\" data-name=\"gsm\"><input size=\"40\" maxlength=\"400\" class=\"wpcf7-form-control wpcf7-text wpcf7-validates-as-required\" aria-required=\"true\" aria-invalid=\"false\" value=\"\" type=\"text\" name=\"gsm\" \/><\/span>\n\t<\/p>\n\t<p><br \/>\nE-mail Adresi*<br \/>\n<span class=\"wpcf7-form-control-wrap\" data-name=\"email\"><input size=\"40\" maxlength=\"400\" class=\"wpcf7-form-control wpcf7-email wpcf7-validates-as-required wpcf7-text wpcf7-validates-as-email\" aria-required=\"true\" aria-invalid=\"false\" value=\"\" type=\"email\" name=\"email\" \/><\/span>\n\t<\/p>\n\t<p><br \/>\nKan Grubunuz<br \/>\n<span class=\"wpcf7-form-control-wrap\" data-name=\"kangrubu\"><input size=\"40\" maxlength=\"400\" class=\"wpcf7-form-control wpcf7-text\" aria-invalid=\"false\" value=\"\" type=\"text\" name=\"kangrubu\" \/><\/span>\n\t<\/p>\n\t<p class=\"full\"><br \/>\nEv Adresi*<br \/>\n<span class=\"wpcf7-form-control-wrap\" data-name=\"evadresi\"><textarea cols=\"40\" rows=\"10\" maxlength=\"2000\" class=\"wpcf7-form-control wpcf7-textarea wpcf7-validates-as-required\" aria-required=\"true\" aria-invalid=\"false\" name=\"evadresi\"><\/textarea><\/span>\n\t<\/p>\n\t<div class=\"title\">\n\t\t<p>\u00d6\u011frenim Durumu ve Mesleki Bilgiler\n\t\t<\/p>\n\t<\/div>\n\t<p><br \/>\n\u00d6\u011frenim durumunuz<br \/>\n<span class=\"wpcf7-form-control-wrap\" data-name=\"ogrenimdurumu\"><select class=\"wpcf7-form-control wpcf7-select\" aria-invalid=\"false\" name=\"ogrenimdurumu\"><option value=\"\u0130lkokul\">\u0130lkokul<\/option><option value=\"Ortaokul\">Ortaokul<\/option><option value=\"Lise\">Lise<\/option><option value=\"Y\u00fcksek Okul\">Y\u00fcksek Okul<\/option><option value=\"\u00dcniversite\">\u00dcniversite<\/option><option value=\"Y\u00fcksek Lisans\">Y\u00fcksek Lisans<\/option><\/select><\/span>\n\t<\/p>\n\t<p><br \/>\nEn son bitirdi\u011finiz okulun ad\u0131<br \/>\n<span class=\"wpcf7-form-control-wrap\" data-name=\"ensonbitenokul\"><input size=\"40\" maxlength=\"400\" class=\"wpcf7-form-control wpcf7-text\" aria-invalid=\"false\" value=\"\" type=\"text\" name=\"ensonbitenokul\" \/><\/span>\n\t<\/p>\n\t<p><br \/>\nMesle\u011finiz<br \/>\n<span class=\"wpcf7-form-control-wrap\" data-name=\"mesleginiz\"><input size=\"40\" maxlength=\"400\" class=\"wpcf7-form-control wpcf7-text\" aria-invalid=\"false\" value=\"\" type=\"text\" name=\"mesleginiz\" \/><\/span>\n\t<\/p>\n\t<p><br \/>\nBildi\u011finiz yabanc\u0131 diller<br \/>\n<span class=\"wpcf7-form-control-wrap\" data-name=\"yabancidil\"><input size=\"40\" maxlength=\"400\" class=\"wpcf7-form-control wpcf7-text\" aria-invalid=\"false\" value=\"\" type=\"text\" name=\"yabancidil\" \/><\/span>\n\t<\/p>\n\t<p><br \/>\n\u00c7al\u0131\u015fmak istedi\u011finiz b\u00f6l\u00fcm<br \/>\n<span class=\"wpcf7-form-control-wrap\" data-name=\"calismakistenilenbolum\"><input size=\"40\" maxlength=\"400\" class=\"wpcf7-form-control wpcf7-text\" aria-invalid=\"false\" value=\"\" type=\"text\" name=\"calismakistenilenbolum\" \/><\/span>\n\t<\/p>\n\t<p><br \/>\nBa\u015flayabilece\u011finiz tarih<br \/>\n<span class=\"wpcf7-form-control-wrap\" data-name=\"baslangictarihi\"><input class=\"wpcf7-form-control wpcf7-date wpcf7-validates-as-date\" aria-invalid=\"false\" value=\"\" type=\"date\" name=\"baslangictarihi\" \/><\/span>\n\t<\/p>\n\t<div class=\"title\">\n\t\t<p>\u0130\u015f Deneyimleriniz\n\t\t<\/p>\n\t<\/div>\n\t<p><br \/>\nEn son i\u015fyerinin ad\u0131<br \/>\n<span class=\"wpcf7-form-control-wrap\" data-name=\"isyeriadi\"><input size=\"40\" maxlength=\"400\" class=\"wpcf7-form-control wpcf7-text\" aria-invalid=\"false\" value=\"\" type=\"text\" name=\"isyeriadi\" \/><\/span>\n\t<\/p>\n\t<p><br \/>\nG\u00f6reviniz<br \/>\n<span class=\"wpcf7-form-control-wrap\" data-name=\"gorevi\"><input size=\"40\" maxlength=\"400\" class=\"wpcf7-form-control wpcf7-text\" aria-invalid=\"false\" value=\"\" type=\"text\" name=\"gorevi\" \/><\/span>\n\t<\/p>\n\t<p><br \/>\nBr\u00fct \u00dccret<br \/>\n<span class=\"wpcf7-form-control-wrap\" data-name=\"ucret\"><input size=\"40\" maxlength=\"400\" class=\"wpcf7-form-control wpcf7-text\" aria-invalid=\"false\" value=\"\" type=\"text\" name=\"ucret\" \/><\/span>\n\t<\/p>\n\t<p><br \/>\n\u00c7al\u0131\u015fma D\u00f6nemi<br \/>\n<span class=\"wpcf7-form-control-wrap\" data-name=\"calismadonemi\"><input size=\"40\" maxlength=\"400\" class=\"wpcf7-form-control wpcf7-text\" aria-invalid=\"false\" value=\"\" type=\"text\" name=\"calismadonemi\" \/><\/span>\n\t<\/p>\n\t<p><br \/>\nAyr\u0131l\u0131\u015f Nedeni<br \/>\n<span class=\"wpcf7-form-control-wrap\" data-name=\"ayrilisnedeni\"><input size=\"40\" maxlength=\"400\" class=\"wpcf7-form-control wpcf7-text\" aria-invalid=\"false\" value=\"\" type=\"text\" name=\"ayrilisnedeni\" \/><\/span>\n\t<\/p>\n\t<div class=\"title\">\n\t\t<p>Hakk\u0131n\u0131zda Bilgi Alabilece\u011fimiz Ki\u015filer\n\t\t<\/p>\n\t<\/div>\n\t<p><br \/>\nAd\u0131 ve Soyad\u0131<br \/>\n<span class=\"wpcf7-form-control-wrap\" data-name=\"refadsoyad\"><input size=\"40\" maxlength=\"400\" class=\"wpcf7-form-control wpcf7-text\" aria-invalid=\"false\" value=\"\" type=\"text\" name=\"refadsoyad\" \/><\/span>\n\t<\/p>\n\t<p><br \/>\nTelefonu<br \/>\n<span class=\"wpcf7-form-control-wrap\" data-name=\"reftel\"><input size=\"40\" maxlength=\"400\" class=\"wpcf7-form-control wpcf7-text\" aria-invalid=\"false\" value=\"\" type=\"text\" name=\"reftel\" \/><\/span>\n\t<\/p>\n\t<p><br \/>\nG\u00f6revi<br \/>\n<span class=\"wpcf7-form-control-wrap\" data-name=\"refgorevi\"><input size=\"40\" maxlength=\"400\" class=\"wpcf7-form-control wpcf7-text\" aria-invalid=\"false\" value=\"\" type=\"text\" name=\"refgorevi\" \/><\/span>\n\t<\/p>\n\t<p><br \/>\nYak\u0131nl\u0131\u011f\u0131n\u0131z<br \/>\n<span class=\"wpcf7-form-control-wrap\" data-name=\"refyakinlik\"><input size=\"40\" maxlength=\"400\" class=\"wpcf7-form-control wpcf7-text\" aria-invalid=\"false\" value=\"\" type=\"text\" name=\"refyakinlik\" \/><\/span>\n\t<\/p>\n\t<p class=\"full\"><br \/>\nAdresi<br \/>\n<span class=\"wpcf7-form-control-wrap\" data-name=\"refadres\"><textarea cols=\"40\" rows=\"10\" maxlength=\"2000\" class=\"wpcf7-form-control wpcf7-textarea\" aria-invalid=\"false\" name=\"refadres\"><\/textarea><\/span>\n\t<\/p>\n\t<p><input class=\"wpcf7-form-control wpcf7-submit has-spinner\" type=\"submit\" value=\"G\u00f6nder\" \/>\n\t<\/p>\n<\/div><div class=\"wpcf7-response-output\" aria-hidden=\"true\"><\/div>\n<\/form>\n<\/div>\n<\/div>\n","protected":false},"excerpt":{"rendered":"","protected":false},"author":1,"featured_media":0,"parent":0,"menu_order":0,"comment_status":"closed","ping_status":"closed","template":"","meta":{"footnotes":""},"class_list":["post-16","page","type-page","status-publish","hentry"],"_links":{"self":[{"href":"https:\/\/safirdemo.com\/yakamoz\/wp-json\/wp\/v2\/pages\/16","targetHints":{"allow":["GET"]}}],"collection":[{"href":"https:\/\/safirdemo.com\/yakamoz\/wp-json\/wp\/v2\/pages"}],"about":[{"href":"https:\/\/safirdemo.com\/yakamoz\/wp-json\/wp\/v2\/types\/page"}],"author":[{"embeddable":true,"href":"https:\/\/safirdemo.com\/yakamoz\/wp-json\/wp\/v2\/users\/1"}],"replies":[{"embeddable":true,"href":"https:\/\/safirdemo.com\/yakamoz\/wp-json\/wp\/v2\/comments?post=16"}],"version-history":[{"count":3,"href":"https:\/\/safirdemo.com\/yakamoz\/wp-json\/wp\/v2\/pages\/16\/revisions"}],"predecessor-version":[{"id":494,"href":"https:\/\/safirdemo.com\/yakamoz\/wp-json\/wp\/v2\/pages\/16\/revisions\/494"}],"wp:attachment":[{"href":"https:\/\/safirdemo.com\/yakamoz\/wp-json\/wp\/v2\/media?parent=16"}],"curies":[{"name":"wp","href":"https:\/\/api.w.org\/{rel}","templated":true}]}}