{"id":82,"date":"2026-02-17T16:55:58","date_gmt":"2026-02-17T13:55:58","guid":{"rendered":"http:\/\/demo.safirtema.com\/yakamoz\/?page_id=82"},"modified":"2026-02-28T11:49:35","modified_gmt":"2026-02-28T08:49:35","slug":"foto-galeri","status":"publish","type":"page","link":"https:\/\/safirdemo.com\/yakamoz\/foto-galeri\/","title":{"rendered":"Foto Galeri"},"content":{"rendered":"\n<p>A\u015fa\u011f\u0131daki galeride eklentisiz olarak temaya entegre edilmi\u015f Lightbox sistemi kullan\u0131lmaktad\u0131r. Dilerseniz yeni sayfada a\u00e7\u0131lan galeri sistemi de kullanabilirsiniz.<\/p>\n\n\n\n<p><a href=\"https:\/\/safirdemo.com\/yakamoz\/sertifikalarimiz\/\">Yeni Sayfada A\u00e7\u0131lan Galeri \u00d6rne\u011fi<\/a><\/p>\n\n\n\n<figure class=\"wp-block-gallery columns-4 is-cropped wp-block-gallery-1 is-layout-flex wp-block-gallery-is-layout-flex\"><ul class=\"blocks-gallery-grid\"><li class=\"blocks-gallery-item\"><figure><a href=\"https:\/\/safirdemo.com\/yakamoz\/wp-content\/uploads\/1.jpg\"><img loading=\"lazy\" decoding=\"async\" width=\"400\" height=\"600\" src=\"https:\/\/safirdemo.com\/yakamoz\/wp-content\/uploads\/1.jpg\" alt=\"\" data-id=\"83\" class=\"wp-image-83\"\/><\/a><\/figure><\/li><li class=\"blocks-gallery-item\"><figure><a href=\"https:\/\/safirdemo.com\/yakamoz\/wp-content\/uploads\/2.jpg\"><img loading=\"lazy\" decoding=\"async\" width=\"900\" height=\"592\" src=\"https:\/\/safirdemo.com\/yakamoz\/wp-content\/uploads\/2.jpg\" alt=\"\" data-id=\"84\" class=\"wp-image-84\"\/><\/a><\/figure><\/li><li class=\"blocks-gallery-item\"><figure><a href=\"https:\/\/safirdemo.com\/yakamoz\/wp-content\/uploads\/3.jpg\"><img loading=\"lazy\" decoding=\"async\" width=\"861\" height=\"600\" src=\"https:\/\/safirdemo.com\/yakamoz\/wp-content\/uploads\/3.jpg\" alt=\"\" data-id=\"85\" class=\"wp-image-85\"\/><\/a><\/figure><\/li><li class=\"blocks-gallery-item\"><figure><a href=\"https:\/\/safirdemo.com\/yakamoz\/wp-content\/uploads\/4.jpg\"><img loading=\"lazy\" decoding=\"async\" width=\"900\" height=\"600\" src=\"https:\/\/safirdemo.com\/yakamoz\/wp-content\/uploads\/4.jpg\" alt=\"\" data-id=\"86\" class=\"wp-image-86\"\/><\/a><\/figure><\/li><li class=\"blocks-gallery-item\"><figure><a href=\"https:\/\/safirdemo.com\/yakamoz\/wp-content\/uploads\/5.jpg\"><img loading=\"lazy\" decoding=\"async\" width=\"900\" height=\"513\" src=\"https:\/\/safirdemo.com\/yakamoz\/wp-content\/uploads\/5.jpg\" alt=\"\" data-id=\"87\" class=\"wp-image-87\"\/><\/a><\/figure><\/li><li class=\"blocks-gallery-item\"><figure><a href=\"https:\/\/safirdemo.com\/yakamoz\/wp-content\/uploads\/6.jpg\"><img loading=\"lazy\" decoding=\"async\" width=\"900\" height=\"600\" src=\"https:\/\/safirdemo.com\/yakamoz\/wp-content\/uploads\/6.jpg\" alt=\"\" data-id=\"88\" class=\"wp-image-88\"\/><\/a><\/figure><\/li><li class=\"blocks-gallery-item\"><figure><a href=\"https:\/\/safirdemo.com\/yakamoz\/wp-content\/uploads\/7.jpg\"><img loading=\"lazy\" decoding=\"async\" width=\"900\" height=\"600\" src=\"https:\/\/safirdemo.com\/yakamoz\/wp-content\/uploads\/7.jpg\" alt=\"\" data-id=\"89\" class=\"wp-image-89\"\/><\/a><\/figure><\/li><li class=\"blocks-gallery-item\"><figure><a href=\"https:\/\/safirdemo.com\/yakamoz\/wp-content\/uploads\/8.jpg\"><img loading=\"lazy\" decoding=\"async\" width=\"900\" height=\"600\" src=\"https:\/\/safirdemo.com\/yakamoz\/wp-content\/uploads\/8.jpg\" alt=\"\" data-id=\"90\" class=\"wp-image-90\"\/><\/a><\/figure><\/li><li class=\"blocks-gallery-item\"><figure><a href=\"https:\/\/safirdemo.com\/yakamoz\/wp-content\/uploads\/9.jpg\"><img loading=\"lazy\" decoding=\"async\" width=\"900\" height=\"600\" src=\"https:\/\/safirdemo.com\/yakamoz\/wp-content\/uploads\/9.jpg\" alt=\"\" data-id=\"91\" class=\"wp-image-91\"\/><\/a><\/figure><\/li><li class=\"blocks-gallery-item\"><figure><a href=\"https:\/\/safirdemo.com\/yakamoz\/wp-content\/uploads\/10.jpg\"><img loading=\"lazy\" decoding=\"async\" width=\"900\" height=\"600\" src=\"https:\/\/safirdemo.com\/yakamoz\/wp-content\/uploads\/10.jpg\" alt=\"\" data-id=\"92\" class=\"wp-image-92\"\/><\/a><\/figure><\/li><li class=\"blocks-gallery-item\"><figure><a href=\"https:\/\/safirdemo.com\/yakamoz\/wp-content\/uploads\/11.jpg\"><img loading=\"lazy\" decoding=\"async\" width=\"900\" height=\"600\" src=\"https:\/\/safirdemo.com\/yakamoz\/wp-content\/uploads\/11.jpg\" alt=\"\" data-id=\"93\" class=\"wp-image-93\"\/><\/a><\/figure><\/li><li class=\"blocks-gallery-item\"><figure><a href=\"https:\/\/safirdemo.com\/yakamoz\/wp-content\/uploads\/12.jpg\"><img loading=\"lazy\" decoding=\"async\" width=\"900\" height=\"600\" src=\"https:\/\/safirdemo.com\/yakamoz\/wp-content\/uploads\/12.jpg\" alt=\"\" data-id=\"94\" class=\"wp-image-94\"\/><\/a><\/figure><\/li><li class=\"blocks-gallery-item\"><figure><a href=\"https:\/\/safirdemo.com\/yakamoz\/wp-content\/uploads\/13.jpg\"><img loading=\"lazy\" decoding=\"async\" width=\"900\" height=\"600\" src=\"https:\/\/safirdemo.com\/yakamoz\/wp-content\/uploads\/13.jpg\" alt=\"\" data-id=\"95\" class=\"wp-image-95\"\/><\/a><\/figure><\/li><li class=\"blocks-gallery-item\"><figure><a href=\"https:\/\/safirdemo.com\/yakamoz\/wp-content\/uploads\/14.jpg\"><img loading=\"lazy\" decoding=\"async\" width=\"900\" height=\"600\" src=\"https:\/\/safirdemo.com\/yakamoz\/wp-content\/uploads\/14.jpg\" alt=\"\" data-id=\"96\" class=\"wp-image-96\"\/><\/a><\/figure><\/li><li class=\"blocks-gallery-item\"><figure><a href=\"https:\/\/safirdemo.com\/yakamoz\/wp-content\/uploads\/15.jpg\"><img loading=\"lazy\" decoding=\"async\" width=\"900\" height=\"600\" src=\"https:\/\/safirdemo.com\/yakamoz\/wp-content\/uploads\/15.jpg\" alt=\"\" data-id=\"97\" class=\"wp-image-97\"\/><\/a><\/figure><\/li><li class=\"blocks-gallery-item\"><figure><a href=\"https:\/\/safirdemo.com\/yakamoz\/wp-content\/uploads\/16.jpg\"><img loading=\"lazy\" decoding=\"async\" width=\"900\" height=\"600\" src=\"https:\/\/safirdemo.com\/yakamoz\/wp-content\/uploads\/16.jpg\" alt=\"\" data-id=\"98\" class=\"wp-image-98\"\/><\/a><\/figure><\/li><\/ul><\/figure>\n","protected":false},"excerpt":{"rendered":"<p>A\u015fa\u011f\u0131daki galeride eklentisiz olarak temaya entegre edilmi\u015f Lightbox sistemi kullan\u0131lmaktad\u0131r. Dilerseniz yeni sayfada a\u00e7\u0131lan galeri sistemi de kullanabilirsiniz. Yeni Sayfada A\u00e7\u0131lan Galeri \u00d6rne\u011fi<\/p>\n","protected":false},"author":1,"featured_media":0,"parent":0,"menu_order":0,"comment_status":"closed","ping_status":"closed","template":"","meta":{"footnotes":""},"class_list":["post-82","page","type-page","status-publish","hentry"],"_links":{"self":[{"href":"https:\/\/safirdemo.com\/yakamoz\/wp-json\/wp\/v2\/pages\/82","targetHints":{"allow":["GET"]}}],"collection":[{"href":"https:\/\/safirdemo.com\/yakamoz\/wp-json\/wp\/v2\/pages"}],"about":[{"href":"https:\/\/safirdemo.com\/yakamoz\/wp-json\/wp\/v2\/types\/page"}],"author":[{"embeddable":true,"href":"https:\/\/safirdemo.com\/yakamoz\/wp-json\/wp\/v2\/users\/1"}],"replies":[{"embeddable":true,"href":"https:\/\/safirdemo.com\/yakamoz\/wp-json\/wp\/v2\/comments?post=82"}],"version-history":[{"count":6,"href":"https:\/\/safirdemo.com\/yakamoz\/wp-json\/wp\/v2\/pages\/82\/revisions"}],"predecessor-version":[{"id":388,"href":"https:\/\/safirdemo.com\/yakamoz\/wp-json\/wp\/v2\/pages\/82\/revisions\/388"}],"wp:attachment":[{"href":"https:\/\/safirdemo.com\/yakamoz\/wp-json\/wp\/v2\/media?parent=82"}],"curies":[{"name":"wp","href":"https:\/\/api.w.org\/{rel}","templated":true}]}}